{"id":3,"date":"2026-01-26T07:14:10","date_gmt":"2026-01-26T07:14:10","guid":{"rendered":"https:\/\/www.pharglass.com\/?page_id=3"},"modified":"2026-02-24T06:45:06","modified_gmt":"2026-02-24T06:45:06","slug":"privacy-policy","status":"publish","type":"page","link":"https:\/\/www.pharglass.com\/de\/privacy-policy\/","title":{"rendered":"Datenschutzbestimmungen"},"content":{"rendered":"<hr class=\"wp-block-separator has-alpha-channel-opacity\"\/>\n\n\n\n<p><strong>Zuletzt aktualisiert:<\/strong>  April 5, 2025<br><strong>Datum des Inkrafttretens:<\/strong>  April 5, 2025<\/p>\n\n\n\n<p>Willkommen bei <strong>PharGlass<\/strong> (\u201cwir\u201d, \u201cunser\u201d, oder \u201cuns\u201d). Wir verpflichten uns, Ihre Privatsph\u00e4re zu sch\u00fctzen und die Sicherheit aller personenbezogenen Daten zu gew\u00e4hrleisten, die Sie bei der Nutzung unserer Website unter <strong><a href=\"http:\/\/www.pharglass.com\/de\/\">www.pharglass.com<\/a><\/strong> (die \u201cWebsite\u201d). In dieser Datenschutzrichtlinie wird erl\u00e4utert, wie wir Ihre Daten erfassen, verwenden, weitergeben und sch\u00fctzen, wenn Sie unsere Website besuchen oder uns kontaktieren.<\/p>\n\n\n\n<p>Indem Sie auf diese Website zugreifen oder sie nutzen, erkl\u00e4ren Sie sich mit den in dieser Datenschutzrichtlinie beschriebenen Praktiken einverstanden. Wenn Sie mit diesen Bedingungen nicht einverstanden sind, nutzen Sie diese Website bitte nicht.<\/p>\n\n\n\n<hr class=\"wp-block-separator has-alpha-channel-opacity\"\/>\n\n\n\n<h2 class=\"wp-block-heading\">1. Informationen, die wir sammeln<\/h2>\n\n\n\n<p>Wir k\u00f6nnen die folgenden Arten von Informationen sammeln:<\/p>\n\n\n\n<h3 class=\"wp-block-heading\">a) Pers\u00f6nliche Informationen, die Sie freiwillig zur Verf\u00fcgung stellen<\/h3>\n\n\n\n<p>Wenn Sie uns per E-Mail kontaktieren (z.B., <a href=\"mailto:info@pharglass.com\">info@pharglass.com<\/a>), ein Kontaktformular ausf\u00fcllen, ein Angebot anfordern oder unseren Newsletter abonnieren, k\u00f6nnen wir Daten erfassen:<\/p>\n\n\n\n<ul class=\"wp-block-list\">\n<li>Name<\/li>\n\n\n\n<li>E-Mail Adresse<\/li>\n\n\n\n<li>Name des Unternehmens<\/li>\n\n\n\n<li>Rufnummer<\/li>\n\n\n\n<li>Land\/Region<\/li>\n\n\n\n<li>Inhalt der Nachricht<\/li>\n<\/ul>\n\n\n\n<h3 class=\"wp-block-heading\">b) Automatisch gesammelte Informationen<\/h3>\n\n\n\n<p>Wenn Sie auf unserer Website surfen, k\u00f6nnen wir mit Hilfe von Cookies und \u00e4hnlichen Technologien automatisch bestimmte nicht-personenbezogene Daten erfassen, einschlie\u00dflich:<\/p>\n\n\n\n<ul class=\"wp-block-list\">\n<li>IP-Adresse<\/li>\n\n\n\n<li>Browsertyp und -version<\/li>\n\n\n\n<li>Informationen zum Ger\u00e4t<\/li>\n\n\n\n<li>Besuchte Seiten und Verweildauer auf der Website<\/li>\n\n\n\n<li>Verweisende URL<\/li>\n<\/ul>\n\n\n\n<p>Dies hilft uns, die Nutzererfahrung zu verbessern und Verkehrsmuster zu analysieren.<\/p>\n\n\n\n<hr class=\"wp-block-separator has-alpha-channel-opacity\"\/>\n\n\n\n<h2 class=\"wp-block-heading\">2. Wie wir Ihre Informationen verwenden<\/h2>\n\n\n\n<p>Wir verwenden die gesammelten Informationen f\u00fcr die folgenden Zwecke:<\/p>\n\n\n\n<ul class=\"wp-block-list\">\n<li>Zur Beantwortung Ihrer Anfragen und zur Kundenbetreuung<\/li>\n\n\n\n<li>Zur Bearbeitung von Bestellungen, Angeboten oder Serviceanfragen<\/li>\n\n\n\n<li>Zum Versenden von Werbematerialien (nur wenn Sie sich daf\u00fcr entscheiden)<\/li>\n\n\n\n<li>Um die Funktionalit\u00e4t und den Inhalt unserer Website zu verbessern<\/li>\n\n\n\n<li>Zur Erf\u00fcllung gesetzlicher Verpflichtungen<\/li>\n<\/ul>\n\n\n\n<p>Wir werden Ihre pers\u00f6nlichen Daten niemals ohne Ihre ausdr\u00fcckliche Zustimmung an Dritte verkaufen, vermieten oder tauschen.<\/p>\n\n\n\n<hr class=\"wp-block-separator has-alpha-channel-opacity\"\/>\n\n\n\n<h2 class=\"wp-block-heading\">3. Weitergabe von Informationen<\/h2>\n\n\n\n<p>Wir d\u00fcrfen Ihre Daten nur unter den folgenden Umst\u00e4nden weitergeben:<\/p>\n\n\n\n<ul class=\"wp-block-list\">\n<li>Mit vertrauensw\u00fcrdigen Drittanbietern, die uns beim Betrieb unserer Website oder bei der Abwicklung von Gesch\u00e4ften unterst\u00fctzen (z. B. Hosting, Analysen, E-Mail-Versand), vorausgesetzt, diese verpflichten sich, Ihre Daten vertraulich zu behandeln.<\/li>\n\n\n\n<li>Wenn dies aufgrund von Gesetzen, Vorschriften oder rechtlichen Verfahren erforderlich ist.<\/li>\n\n\n\n<li>Zum Schutz unserer Rechte, unseres Eigentums, unserer Sicherheit oder der Sicherheit anderer.<\/li>\n<\/ul>\n\n\n\n<hr class=\"wp-block-separator has-alpha-channel-opacity\"\/>\n\n\n\n<h2 class=\"wp-block-heading\">4. Datensicherheit<\/h2>\n\n\n\n<p>Wir treffen angemessene administrative, technische und physische Sicherheitsvorkehrungen, um Ihre pers\u00f6nlichen Daten vor unbefugtem Zugriff, Ver\u00e4nderung, Offenlegung oder Zerst\u00f6rung zu sch\u00fctzen. Allerdings ist keine Methode der \u00dcbertragung \u00fcber das Internet 100% sicher, und wir k\u00f6nnen keine absolute Sicherheit garantieren.<\/p>\n\n\n\n<hr class=\"wp-block-separator has-alpha-channel-opacity\"\/>\n\n\n\n<h2 class=\"wp-block-heading\">5. Cookies und Tracking-Technologien<\/h2>\n\n\n\n<p>Unsere Website verwendet Cookies, um Ihr Surferlebnis zu verbessern. Sie k\u00f6nnen Cookies \u00fcber Ihre Browser-Einstellungen deaktivieren, aber einige Funktionen der Website funktionieren dann m\u00f6glicherweise nicht richtig.<\/p>\n\n\n\n<hr class=\"wp-block-separator has-alpha-channel-opacity\"\/>\n\n\n\n<h2 class=\"wp-block-heading\">6. Links von Drittanbietern<\/h2>\n\n\n\n<p>Unsere Website kann Links zu externen Websites enthalten, die nicht von uns betrieben werden. Wir sind nicht verantwortlich f\u00fcr die Datenschutzpraktiken oder den Inhalt dieser Websites. Wir empfehlen Ihnen, deren Datenschutzrichtlinien zu lesen.<\/p>\n\n\n\n<hr class=\"wp-block-separator has-alpha-channel-opacity\"\/>\n\n\n\n<h2 class=\"wp-block-heading\">7. Die Privatsph\u00e4re der Kinder<\/h2>\n\n\n\n<p>Unsere Website ist nicht f\u00fcr Kinder unter 18 Jahren bestimmt. Wir sammeln nicht wissentlich pers\u00f6nliche Daten von Kindern. Wenn wir erfahren, dass wir solche Daten gesammelt haben, werden wir Ma\u00dfnahmen ergreifen, um sie umgehend zu l\u00f6schen.<\/p>\n\n\n\n<hr class=\"wp-block-separator has-alpha-channel-opacity\"\/>\n\n\n\n<h2 class=\"wp-block-heading\">8. Internationale \u00dcberweisungen<\/h2>\n\n\n\n<p>Da wir ein globaler Anbieter sind, k\u00f6nnen Ihre Daten in L\u00e4nder au\u00dferhalb Ihres Heimatlandes \u00fcbertragen und dort verarbeitet werden. Durch die Nutzung unserer Website erkl\u00e4ren Sie sich mit solchen \u00dcbertragungen in \u00dcbereinstimmung mit den geltenden Gesetzen einverstanden.<\/p>\n\n\n\n<hr class=\"wp-block-separator has-alpha-channel-opacity\"\/>\n\n\n\n<h2 class=\"wp-block-heading\">9. Deine Rechte<\/h2>\n\n\n\n<p>Je nach Ihrem Wohnort haben Sie m\u00f6glicherweise das Recht darauf:<\/p>\n\n\n\n<ul class=\"wp-block-list\">\n<li>Zugang, Berichtigung oder L\u00f6schung Ihrer pers\u00f6nlichen Daten<\/li>\n\n\n\n<li>Widerspruch gegen die Verarbeitung oder Einschr\u00e4nkung der Verarbeitung<\/li>\n\n\n\n<li>Zustimmung widerrufen (falls zutreffend)<\/li>\n\n\n\n<li>Antrag auf Daten\u00fcbertragbarkeit<\/li>\n<\/ul>\n\n\n\n<p>Um diese Rechte auszu\u00fcben, wenden Sie sich bitte an uns:<br>\ud83d\udce7 <strong><a href=\"mailto:info@pharglass.com\">info@pharglass.com<\/a><\/strong><\/p>\n\n\n\n<p>Wir werden innerhalb von 30 Tagen antworten.<\/p>\n\n\n\n<hr class=\"wp-block-separator has-alpha-channel-opacity\"\/>\n\n\n\n<h2 class=\"wp-block-heading\">10. \u00c4nderungen an dieser Politik<\/h2>\n\n\n\n<p>Wir k\u00f6nnen diese Datenschutzrichtlinie von Zeit zu Zeit aktualisieren. Die aktualisierte Version wird auf dieser Seite mit einem \u00fcberarbeiteten Datum der letzten Aktualisierung ver\u00f6ffentlicht. Wir empfehlen Ihnen, diese Richtlinie regelm\u00e4\u00dfig zu \u00fcberpr\u00fcfen.<\/p>\n\n\n\n<hr class=\"wp-block-separator has-alpha-channel-opacity\"\/>\n\n\n\n<h2 class=\"wp-block-heading\">11. Kontakt<\/h2>\n\n\n\n<p>Wenn Sie Fragen zu dieser Datenschutzrichtlinie oder zu unseren Datenpraktiken haben, k\u00f6nnen Sie sich gerne an uns wenden:<\/p>\n\n\n\n<p><strong>E-Mail:<\/strong> <a href=\"mailto:info@pharglass.com\">info@pharglass.com<\/a><br><strong>Unternehmen:<\/strong> Zhengzhou PharGlass Co., Ltd.<br><strong>Website:<\/strong> <a href=\"http:\/\/www.pharglass.com\/de\/\">www.pharglass.com<\/a><\/p>\n\n\n\n<hr class=\"wp-block-separator has-alpha-channel-opacity\"\/>\n\n\n\n<p>\u2705 <em>Vielen Dank f\u00fcr Ihr Vertrauen in PharGlass - Ihren Partner f\u00fcr pharmazeutische Verpackungsl\u00f6sungen.<\/em><\/p>\n\n\n\n<p><\/p>","protected":false},"excerpt":{"rendered":"<p>Last Updated: April 5, 2025Effective Date: April 5, 2025 Welcome to PharGlass (\u201cwe\u201d, \u201cour\u201d, or \u201cus\u201d). We are committed to protecting your privacy and ensuring &#8230; <a title=\"Datenschutzbestimmungen\" class=\"read-more\" href=\"https:\/\/www.pharglass.com\/de\/privacy-policy\/\" aria-label=\"Mehr Informationen \u00fcber Privacy Policy\">Weiterlesen &#8230;<\/a><\/p>","protected":false},"author":1,"featured_media":0,"parent":0,"menu_order":0,"comment_status":"closed","ping_status":"open","template":"","meta":{"footnotes":""},"class_list":["post-3","page","type-page","status-publish"],"_links":{"self":[{"href":"https:\/\/www.pharglass.com\/de\/wp-json\/wp\/v2\/pages\/3","targetHints":{"allow":["GET"]}}],"collection":[{"href":"https:\/\/www.pharglass.com\/de\/wp-json\/wp\/v2\/pages"}],"about":[{"href":"https:\/\/www.pharglass.com\/de\/wp-json\/wp\/v2\/types\/page"}],"author":[{"embeddable":true,"href":"https:\/\/www.pharglass.com\/de\/wp-json\/wp\/v2\/users\/1"}],"replies":[{"embeddable":true,"href":"https:\/\/www.pharglass.com\/de\/wp-json\/wp\/v2\/comments?post=3"}],"version-history":[{"count":2,"href":"https:\/\/www.pharglass.com\/de\/wp-json\/wp\/v2\/pages\/3\/revisions"}],"predecessor-version":[{"id":1976,"href":"https:\/\/www.pharglass.com\/de\/wp-json\/wp\/v2\/pages\/3\/revisions\/1976"}],"wp:attachment":[{"href":"https:\/\/www.pharglass.com\/de\/wp-json\/wp\/v2\/media?parent=3"}],"curies":[{"name":"wp","href":"https:\/\/api.w.org\/{rel}","templated":true}]}}