{"id":44,"date":"2022-02-13T16:43:35","date_gmt":"2022-02-13T16:43:35","guid":{"rendered":"https:\/\/clinic.wordifysites.com\/?page_id=44"},"modified":"2026-04-03T07:22:50","modified_gmt":"2026-04-03T07:22:50","slug":"about-us","status":"publish","type":"page","link":"https:\/\/www.pharglass.com\/de\/about-us\/","title":{"rendered":"\u00dcber uns"},"content":{"rendered":"<section class=\"gb-element-b99d0b33\">\n<div class=\"gb-element-80355ee3\">\n<figure class=\"wp-block-image size-large\"><img loading=\"lazy\" decoding=\"async\" width=\"1024\" height=\"661\" src=\"https:\/\/www.pharglass.com\/wp-content\/uploads\/2026\/04\/986-1024x661.jpg\" alt=\"\" class=\"wp-image-2118\" srcset=\"https:\/\/www.pharglass.com\/wp-content\/uploads\/2026\/04\/986-1024x661.jpg 1024w, https:\/\/www.pharglass.com\/wp-content\/uploads\/2026\/04\/986-300x194.jpg 300w, https:\/\/www.pharglass.com\/wp-content\/uploads\/2026\/04\/986-768x495.jpg 768w, https:\/\/www.pharglass.com\/wp-content\/uploads\/2026\/04\/986-18x12.jpg 18w, https:\/\/www.pharglass.com\/wp-content\/uploads\/2026\/04\/986.jpg 1099w\" sizes=\"auto, (max-width: 1024px) 100vw, 1024px\" \/><\/figure>\n\n\n\n<div class=\"gb-element-92397f42\">\n<h2 class=\"gb-text gb-text-48f7999a\">\u00dcber PharGlass<\/h2>\n\n\n\n<p class=\"gb-text\">PharGlass ist ein f\u00fchrender Hersteller von pharmazeutischen Glasverpackungen, der sich auf Fl\u00e4schchen, Ampullen und kundenspezifische Verschl\u00fcsse aus Borosilikatglas Typ I spezialisiert hat. Mit \u00fcber 5 Jahren Erfahrung und ISO\/GMP-zertifizierten Einrichtungen beliefern wir globale Pharmaunternehmen mit hochwertigen, konformen L\u00f6sungen.<\/p>\n\n\n<div class=\"gb-container gb-container-18108f0e\">\n<div class=\"gb-container gb-container-ffa30248\">\n\n<h3 class=\"gb-text-23d72227\"><span class=\"gb-shape\"><svg viewbox=\"0 0 16 16\" class=\"bi bi-check2-square\" height=\"16\" width=\"16\" xmlns=\"http:\/\/www.w3.org\/2000\/svg\">   <path d=\"M3 14.5A1.5 1.5 0 0 1 1.5 13V3A1.5 1.5 0 0 1 3 1.5h8a.5.5 0 0 1 0 1H3a.5.5 0 0 0-.5.5v10a.5.5 0 0 0 .5.5h10a.5.5 0 0 0 .5-.5V8a.5.5 0 0 1 1 0v5a1.5 1.5 0 0 1-1.5 1.5H3z\"><\/path>   <path d=\"m8.354 10.354 7-7a.5.5 0 0 0-.708-.708L8 9.293 5.354 6.646a.5.5 0 1 0-.708.708l3 3a.5.5 0 0 0 .708 0z\"><\/path> <\/svg><\/span><span class=\"gb-text\">Jahre der Erfahrung<\/span><\/h3>\n\n\n\n<h3 class=\"gb-text-450ad3ed\"><span class=\"gb-shape\"><svg viewbox=\"0 0 16 16\" class=\"bi bi-check2-square\" height=\"16\" width=\"16\" xmlns=\"http:\/\/www.w3.org\/2000\/svg\">   <path d=\"M3 14.5A1.5 1.5 0 0 1 1.5 13V3A1.5 1.5 0 0 1 3 1.5h8a.5.5 0 0 1 0 1H3a.5.5 0 0 0-.5.5v10a.5.5 0 0 0 .5.5h10a.5.5 0 0 0 .5-.5V8a.5.5 0 0 1 1 0v5a1.5 1.5 0 0 1-1.5 1.5H3z\"><\/path>   <path d=\"m8.354 10.354 7-7a.5.5 0 0 0-.708-.708L8 9.293 5.354 6.646a.5.5 0 1 0-.708.708l3 3a.5.5 0 0 0 .708 0z\"><\/path> <\/svg><\/span><span class=\"gb-text\">24\/7 Unterst\u00fctzung<\/span><\/h3>\n\n\n\n<h3 class=\"gb-text-fa585535\"><span class=\"gb-shape\"><svg viewbox=\"0 0 16 16\" class=\"bi bi-check2-square\" height=\"16\" width=\"16\" xmlns=\"http:\/\/www.w3.org\/2000\/svg\">   <path d=\"M3 14.5A1.5 1.5 0 0 1 1.5 13V3A1.5 1.5 0 0 1 3 1.5h8a.5.5 0 0 1 0 1H3a.5.5 0 0 0-.5.5v10a.5.5 0 0 0 .5.5h10a.5.5 0 0 0 .5-.5V8a.5.5 0 0 1 1 0v5a1.5 1.5 0 0 1-1.5 1.5H3z\"><\/path>   <path d=\"m8.354 10.354 7-7a.5.5 0 0 0-.708-.708L8 9.293 5.354 6.646a.5.5 0 1 0-.708.708l3 3a.5.5 0 0 0 .708 0z\"><\/path> <\/svg><\/span><span class=\"gb-text\">ISO &amp; GMP zertifiziert<\/span><\/h3>\n\n<\/div>\n\n<div class=\"gb-container gb-container-6d74c1c3\">\n\n<h3 class=\"gb-text-35eac7a2\"><span class=\"gb-shape\"><svg viewbox=\"0 0 16 16\" class=\"bi bi-check2-square\" height=\"16\" width=\"16\" xmlns=\"http:\/\/www.w3.org\/2000\/svg\">   <path d=\"M3 14.5A1.5 1.5 0 0 1 1.5 13V3A1.5 1.5 0 0 1 3 1.5h8a.5.5 0 0 1 0 1H3a.5.5 0 0 0-.5.5v10a.5.5 0 0 0 .5.5h10a.5.5 0 0 0 .5-.5V8a.5.5 0 0 1 1 0v5a1.5 1.5 0 0 1-1.5 1.5H3z\"><\/path>   <path d=\"m8.354 10.354 7-7a.5.5 0 0 0-.708-.708L8 9.293 5.354 6.646a.5.5 0 1 0-.708.708l3 3a.5.5 0 0 0 .708 0z\"><\/path> <\/svg><\/span><span class=\"gb-text\">Kundenspezifische Fertigung<\/span><\/h3>\n\n\n\n<h3 class=\"gb-text-e3eb49b5\"><span class=\"gb-shape\"><svg viewbox=\"0 0 16 16\" class=\"bi bi-check2-square\" height=\"16\" width=\"16\" xmlns=\"http:\/\/www.w3.org\/2000\/svg\">   <path d=\"M3 14.5A1.5 1.5 0 0 1 1.5 13V3A1.5 1.5 0 0 1 3 1.5h8a.5.5 0 0 1 0 1H3a.5.5 0 0 0-.5.5v10a.5.5 0 0 0 .5.5h10a.5.5 0 0 0 .5-.5V8a.5.5 0 0 1 1 0v5a1.5 1.5 0 0 1-1.5 1.5H3z\"><\/path>   <path d=\"m8.354 10.354 7-7a.5.5 0 0 0-.708-.708L8 9.293 5.354 6.646a.5.5 0 1 0-.708.708l3 3a.5.5 0 0 0 .708 0z\"><\/path> <\/svg><\/span><span class=\"gb-text\">Moderne Produktionslinien<\/span><\/h3>\n\n\n\n<h3 class=\"gb-text-b497f805\"><span class=\"gb-shape\"><svg viewbox=\"0 0 16 16\" class=\"bi bi-check2-square\" height=\"16\" width=\"16\" xmlns=\"http:\/\/www.w3.org\/2000\/svg\">   <path d=\"M3 14.5A1.5 1.5 0 0 1 1.5 13V3A1.5 1.5 0 0 1 3 1.5h8a.5.5 0 0 1 0 1H3a.5.5 0 0 0-.5.5v10a.5.5 0 0 0 .5.5h10a.5.5 0 0 0 .5-.5V8a.5.5 0 0 1 1 0v5a1.5 1.5 0 0 1-1.5 1.5H3z\"><\/path>   <path d=\"m8.354 10.354 7-7a.5.5 0 0 0-.708-.708L8 9.293 5.354 6.646a.5.5 0 1 0-.708.708l3 3a.5.5 0 0 0 .708 0z\"><\/path> <\/svg><\/span><span class=\"gb-text\"><strong>Globale Einhaltung der Ausfuhrbestimmungen<\/strong><\/span><\/h3>\n\n<\/div>\n<\/div>\n\n\n<a class=\"gb-text-fe49c7d6 smooth-scroll\" href=\"#\"><span class=\"gb-text\">Besuchen Sie unsere Fabrikseite<\/span><span class=\"gb-shape\"><svg viewbox=\"0 0 16 16\" class=\"bi bi-arrow-right\" height=\"16\" width=\"16\" xmlns=\"http:\/\/www.w3.org\/2000\/svg\">   <path d=\"M1 8a.5.5 0 0 1 .5-.5h11.793l-3.147-3.146a.5.5 0 0 1 .708-.708l4 4a.5.5 0 0 1 0 .708l-4 4a.5.5 0 0 1-.708-.708L13.293 8.5H1.5A.5.5 0 0 1 1 8z\"><\/path> <\/svg><\/span><\/a>\n<\/div>\n<\/div>\n<\/section>\n\n\n\n<section class=\"gb-element-5604e480\">\n<div class=\"gb-element-9db56ad4\">\n<div class=\"gb-element-0020a828\">\n<div class=\"gb-element-13a96e8d\">\n<h2 class=\"gb-text gb-text-8519502c\">15+<\/h2>\n\n\n\n<p class=\"gb-text gb-text-b90e6c80\">Jahre gesch\u00e4tzt.<\/p>\n<\/div>\n\n\n\n<div class=\"gb-element-b6cc9141\">\n<h2 class=\"gb-text gb-text-2715db04\">30+<\/h2>\n\n\n\n<p class=\"gb-text gb-text-6ea8e386\">Technik-Experten<\/p>\n<\/div>\n\n\n\n<div class=\"gb-element-f1df71de\">\n<h2 class=\"gb-text gb-text-4fc48d0d\">10M+<\/h2>\n\n\n\n<p class=\"gb-text gb-text-5b2f2ce0\">Einheiten Deliv.<\/p>\n<\/div>\n\n\n\n<div class=\"gb-element-657cd3a6\">\n<h2 class=\"gb-text gb-text-a80afbfc\">50+<\/h2>\n\n\n\n<p class=\"gb-text gb-text-5ed71738\">Global Mkts<\/p>\n<\/div>\n<\/div>\n<\/div>\n<\/section>\n\n\n\n<section class=\"gb-element-0c2f6f76\">\n<div class=\"gb-element-273b10d4\">\n<h2 class=\"gb-text gb-text-524c4175\">Entwickelt f\u00fcr pharmazeutische Spitzenleistungen<\/h2>\n\n\n\n<p class=\"gb-text gb-text-6411b69b\">Wir bei PharGlass entwickeln und fertigen hochintegrierte Glasverpackungsl\u00f6sungen, die den weltweiten gesetzlichen Normen entsprechen und Sicherheit, Konformit\u00e4t und Zuverl\u00e4ssigkeit f\u00fcr jede Dosis gew\u00e4hrleisten.<\/p>\n<\/div>\n\n\n\n<div class=\"gb-element-90db589e\">\n<div class=\"gb-element-03262b1b\">\n<div>\n<div class=\"gb-text-12559592\" aria-label=\"Qualifizierte \u00c4rzte\"><span class=\"gb-shape\"><svg fill=\"CurrentColor\" xmlns=\"http:\/\/www.w3.org\/2000\/svg\" viewbox=\"0 0 489.7 489.7\"><path d=\"m311.9 234.8-68.4 118.9-66.1-118.9c-52.1 14-87.9 48.2-87.9 109.6v104.2c96.4 54.8 214.2 54.8 310.7 0V344.5c-.5-61.4-36.2-95.7-88.3-109.7zM183.2 349.2h-8.9v8.9c0 7.7-6.3 14-14 14s-14-6.3-14-14v-8.9h-8.9c-7.7 0-14-6.3-14-14s6.3-14 14-14h8.9v-8.9c0-7.7 6.3-14 14-14s14 6.3 14 14v8.9h8.9c7.7 0 14 6.3 14 14s-6.3 14-14 14zM143.1 107.3c0-38.1 13.6-72.3 35-95.6-5.1 2.3-48 13.9-42 86.7-2.3 28.4-7.8 60.7-33 75.8 20.2 13.2 44.3 20.2 68.4 20.6-17.9-22.6-28.4-53.7-28.4-87.5zM328.2 182c19.8-1.6 39.7-5.8 57.9-12.8-.8-3.5-3.5-6.6-5.8-9.3-26.4-32.3-12.4-82-34.6-117.4-7.4-11.7-18.3-20.6-30.3-27.2 19.8 23.3 32.3 56 32.3 92.1-.1 27.9-7.4 53.6-19.5 74.6z\"><\/path><path d=\"M197.2 219.3v14.8l46.3 80.1 48.6-84v-10.1c-14 8.9-29.9 14-47 14-17.2.4-33.5-5.1-47.9-14.8zM327.8 107.3c0-5.8-.4-12.1-1.2-17.5-22.6-.4-43.9-17.5-55.6-28.4-25.7 31.9-85.9 42-108.5 44.7v1.2c0 59.1 36.9 107.3 82.4 107.3 46 0 82.9-47.8 82.9-107.3z\"><\/path><path d=\"M260.5 41.2c1.6-3.1 8.7-10.2 16.7-2.3 7 8.6 26.8 27.2 45.5 30.7C310.6 28.8 280.7 0 245.3 0c-40 0-73.5 36.9-80.9 85.9 30-3.9 83.3-16.7 96.1-44.7z\"><\/path><\/svg><\/span><\/div>\n\n\n\n<h3 class=\"gb-text gb-text-897ff4b0\">Zertifizierte Qualit\u00e4tskontrolle<\/h3>\n\n\n\n<p class=\"gb-text gb-text-74671779\">Jede Charge wird gem\u00e4\u00df ISO 13485 und GMP-Richtlinien strengen Pr\u00fcfungen unterzogen. Unser QC-Team stellt sicher, dass in Bezug auf Ma\u00dfhaltigkeit, chemische Best\u00e4ndigkeit und Sterilit\u00e4t keine Fehler auftreten.<\/p>\n<\/div>\n\n\n\n<div>\n<div class=\"gb-text-d710348f\" aria-label=\"Jahre der Erfahrung\"><span class=\"gb-shape\"><svg xmlns=\"http:\/\/www.w3.org\/2000\/svg\" viewbox=\"0 0 512 512\" width=\"1em\" height=\"1em\" aria-hidden=\"true\"><path d=\"M466.5 83.7l-192-80a48.15 48.15 0 0 0-36.9 0l-192 80C27.7 91.1 16 108.6 16 128c0 198.5 114.5 335.7 221.5 380.3 11.8 4.9 25.1 4.9 36.9 0C360.1 472.6 496 349.3 496 128c0-19.4-11.7-36.9-29.5-44.3zM256.1 446.3l-.1-381 175.9 73.3c-3.3 151.4-82.1 261.1-175.8 307.7z\" fill=\"currentColor\"><\/path><\/svg><\/span><\/div>\n\n\n\n<h3 class=\"gb-text gb-text-57d7d3a7\">Mehr als 15 Jahre Erfahrung in der Fertigung<\/h3>\n\n\n\n<p class=\"gb-text gb-text-7cdf0f1b\">Seit 2009 haben wir uns auf Fl\u00e4schchen und Ampullen aus Borosilikatglas Typ I spezialisiert und beliefern Pharmakunden in Asien, Europa und Nordamerika mit gleichbleibender Qualit\u00e4t und p\u00fcnktlicher Lieferung.<\/p>\n<\/div>\n\n\n\n<div>\n<div class=\"gb-text-adff6ca1\" aria-label=\"Erweiterte Einrichtungen\"><span class=\"gb-shape\"><svg xmlns=\"http:\/\/www.w3.org\/2000\/svg\" viewbox=\"0 0 32 32\" fill=\"CurrentColor\">.st0{fill:none;stroke:#000;stroke-width:2;stroke-linecap:round;stroke-linejoin:round;stroke-miterlimit:10}<path d=\"m26.4 23.9-6.9-9.4c-.4-.5-.6-1.1-.6-1.8V8c1.1 0 2-.9 2-2V4c0-1.1-.9-2-2-2h-6c-1.1 0-2 .9-2 2v2c0 1.1.9 2 2 2v4.7c0 .6-.2 1.2-.6 1.8l-6.9 9.4c-.2.5-.4 1.1-.4 1.8V27c0 1.7 1.3 3 3 3h16c1.7 0 3-1.3 3-3v-1.3c0-.7-.2-1.3-.6-1.8zM14 15.6c.6-.9 1-1.9 1-2.9V8c0-1.1-.9-2-2-2V4h6v2c-1.1 0-2 .9-2 2v4.7c0 1.1.3 2.1 1 2.9l4.6 6.4H9.4l4.6-6.4z\"><\/path><\/svg><\/span><\/div>\n\n\n\n<h3 class=\"gb-text gb-text-49c22295\">Moderne automatisierte Produktionslinien<\/h3>\n\n\n\n<p class=\"gb-text gb-text-f8316444\">Ausgestattet mit in Deutschland entwickelten Umformmaschinen und KI-gesteuerten Inspektionssystemen produziert unser Werk j\u00e4hrlich bis zu 50 Millionen Einheiten mit einer Fehlerquote von &lt;0,1%.<\/p>\n<\/div>\n\n\n\n<div>\n<div class=\"gb-text-63f9204c\" aria-label=\"Verf\u00fcgbarkeit\"><span class=\"gb-shape\"><svg xmlns=\"http:\/\/www.w3.org\/2000\/svg\" viewbox=\"0 0 448 512\" width=\"1em\" height=\"1em\" aria-hidden=\"true\"><path d=\"M148 288h-40c-6.6 0-12-5.4-12-12v-40c0-6.6 5.4-12 12-12h40c6.6 0 12 5.4 12 12v40c0 6.6-5.4 12-12 12zm108-12v-40c0-6.6-5.4-12-12-12h-40c-6.6 0-12 5.4-12 12v40c0 6.6 5.4 12 12 12h40c6.6 0 12-5.4 12-12zm96 0v-40c0-6.6-5.4-12-12-12h-40c-6.6 0-12 5.4-12 12v40c0 6.6 5.4 12 12 12h40c6.6 0 12-5.4 12-12zm-96 96v-40c0-6.6-5.4-12-12-12h-40c-6.6 0-12 5.4-12 12v40c0 6.6 5.4 12 12 12h40c6.6 0 12-5.4 12-12zm-96 0v-40c0-6.6-5.4-12-12-12h-40c-6.6 0-12 5.4-12 12v40c0 6.6 5.4 12 12 12h40c6.6 0 12-5.4 12-12zm192 0v-40c0-6.6-5.4-12-12-12h-40c-6.6 0-12 5.4-12 12v40c0 6.6 5.4 12 12 12h40c6.6 0 12-5.4 12-12zm96-260v352c0 26.5-21.5 48-48 48H48c-26.5 0-48-21.5-48-48V112c0-26.5 21.5-48 48-48h48V12c0-6.6 5.4-12 12-12h40c6.6 0 12 5.4 12 12v52h128V12c0-6.6 5.4-12 12-12h40c6.6 0 12 5.4 12 12v52h48c26.5 0 48 21.5 48 48zm-48 346V160H48v298c0 3.3 2.7 6 6 6h340c3.3 0 6-2.7 6-6z\" fill=\"currentColor\"><\/path><\/svg><\/span><\/div>\n\n\n\n<h3 class=\"gb-text gb-text-14d14649\">P\u00fcnktliche Lieferung garantiert<\/h3>\n\n\n\n<p class=\"gb-text gb-text-69f4245c\">Wir kennen Ihre Produktionszeitpl\u00e4ne. Mit einer optimierten Logistik und einem Pufferlager garantieren wir die termingerechte Lieferung von 98% - auch in der Hochsaison.<\/p>\n<\/div>\n\n\n\n<div>\n<div class=\"gb-text-470b8c71\" aria-label=\"Gro\u00dfartige Unterst\u00fctzung\"><span class=\"gb-shape\"><svg xmlns=\"http:\/\/www.w3.org\/2000\/svg\" viewbox=\"0 0 342.84 342.84\" fill=\"CurrentColor\"><path d=\"M188.365.545c-50.53 0-97.23 24.744-125.866 64.929 7.257 2.05 13.915 5.92 19.401 11.401l4.717 4.717c23.306-32.233 60.994-52.047 101.748-52.047 69.187 0 125.475 56.289 125.475 125.477 0 40.957-19.755 78.521-52.016 101.777l3.643 3.643a44.614 44.614 0 0 1 11.809 20.942c40.614-28.537 65.564-75.303 65.564-126.362C342.84 69.843 273.543.545 188.365.545zM210.072 240.764c-4.131-4.131-9.78-6.2-15.714-5.604-10.477 1.059-20.305 5.092-28.421 11.665a6.396 6.396 0 0 1-4.033 1.418 6.428 6.428 0 0 1-3.99-1.387 410.127 410.127 0 0 1-62.399-62.435c-1.884-2.326-1.878-5.72.027-8.056 6.555-8.095 10.583-17.917 11.638-28.388a19.414 19.414 0 0 0-5.604-15.717L64.045 94.733a19.343 19.343 0 0 0-13.756-5.699c-.626 0-1.269.031-1.908.093-12.29 1.205-23.893 6.7-32.663 15.472-16.863 16.866-20.593 43.159-9.069 63.942 29.353 53.547 99.945 130.727 167.293 167.231 7.827 4.27 16.702 6.523 25.678 6.523 14.268 0 28.162-5.711 38.121-15.67 8.771-8.774 14.268-20.378 15.473-32.673a19.397 19.397 0 0 0-5.609-15.66l-37.533-37.528z\"><\/path><path d=\"M194.379 52.67c-5.523 0-10 4.477-10 10v82c0 5.523 4.477 10 10 10h76.461c5.522 0 10-4.477 10-10s-4.478-10-10-10h-66.461v-72c0-5.523-4.478-10-10-10z\"><\/path><\/svg><\/span><\/div>\n\n\n\n<h3 class=\"gb-text gb-text-82137713\">Dedizierter technischer Support<\/h3>\n\n\n\n<p class=\"gb-text gb-text-27a7a324\">Von Musteranfragen bis hin zur Entwicklung kundenspezifischer Formen bieten unsere Ingenieure eine durchg\u00e4ngige Unterst\u00fctzung. Durchschnittliche Reaktionszeit: &lt;2 Stunden an Werktagen.<\/p>\n<\/div>\n\n\n\n<div>\n<div class=\"gb-text-aed43db2\" aria-label=\"Schnelle Ergebnisse\"><span class=\"gb-shape\"><svg viewbox=\"0 0 179.709 179.709\" fill=\"CurrentColor\" xmlns=\"http:\/\/www.w3.org\/2000\/svg\"><path d=\"M149.323 17.905h-20.039v-2.849a7.5 7.5 0 0 0-7.5-7.5h-6.195V7.5a7.5 7.5 0 0 0-7.5-7.5H71.227a7.5 7.5 0 0 0-7.5 7.5v.057h-6.189a7.5 7.5 0 0 0-7.5 7.5v2.849H30.386a7.5 7.5 0 0 0-7.5 7.5V172.21a7.5 7.5 0 0 0 7.5 7.5h118.938a7.5 7.5 0 0 0 7.5-7.5V25.405a7.501 7.501 0 0 0-7.501-7.5zm-84.285 4.652h6.189a7.5 7.5 0 0 0 7.5-7.5V15h21.861v.057a7.5 7.5 0 0 0 7.5 7.5h6.195v15.96H65.038v-15.96zm76.785 142.152H37.886V32.905h12.152v13.111a7.5 7.5 0 0 0 7.5 7.5h64.246a7.5 7.5 0 0 0 7.5-7.5V32.905h12.539v131.804z\"><\/path><path d=\"M118.993 72.892H60.716a7.5 7.5 0 0 0-7.5 7.5 7.5 7.5 0 0 0 7.5 7.5h58.277a7.5 7.5 0 0 0 7.5-7.5c0-4.143-3.357-7.5-7.5-7.5zM118.993 99.783H60.716a7.5 7.5 0 0 0-7.5 7.5 7.5 7.5 0 0 0 7.5 7.5h58.277a7.5 7.5 0 0 0 7.5-7.5 7.5 7.5 0 0 0-7.5-7.5zM118.993 126.681H60.716a7.5 7.5 0 0 0-7.5 7.5c0 4.143 3.357 7.5 7.5 7.5h58.277c4.143 0 7.5-3.357 7.5-7.5a7.5 7.5 0 0 0-7.5-7.5z\"><\/path><\/svg><\/span><\/div>\n\n\n\n<h3 class=\"gb-text gb-text-b41644aa\">Individuelle L\u00f6sungen in 30 Tagen<\/h3>\n\n\n\n<p class=\"gb-text gb-text-10b80fbe\">Ben\u00f6tigen Sie eine einzigartige Kappenfarbe, eine Logopr\u00e4gung oder eine spezielle Halsausf\u00fchrung? Wir liefern Prototypen innerhalb von 7 Tagen und volle Produktionsl\u00e4ufe in 30 Tagen - ohne Mindestbestellmenge.<\/p>\n<\/div>\n<\/div>\n<\/div>\n<\/section>\n\n\n\n<section class=\"gb-element-b92c3586\">\n<div class=\"gb-element-a2602027\">\n<h2 class=\"gb-text gb-text-55839f7b\">Vertrauen bei weltweit f\u00fchrenden Unternehmen der Pharmaindustrie<\/h2>\n\n\n\n<p class=\"gb-text gb-text-248acb88\">Seit \u00fcber 15 Jahren liefern wir Borosilikatglas-Fl\u00e4schchen und Ampullen des Typs I an f\u00fchrende Pharmaunternehmen in \u00fcber 50 L\u00e4ndern. Unsere ISO 13485- und GMP-zertifizierte Anlage stellt sicher, dass jede Einheit die USP -, EP- und JP-Normen erf\u00fcllt - damit Ihre Medikamente sicher, stabil und konform bleiben.<\/p>\n\n\n\n<a class=\"gb-text-0d4095b4 smooth-scroll\" href=\"\/de\/contacts\/\"><span class=\"gb-text\">Kostenloses Musterkit anfordern<\/span><span class=\"gb-shape\"><svg viewbox=\"0 0 16 16\" class=\"bi bi-arrow-right\" height=\"16\" width=\"16\" xmlns=\"http:\/\/www.w3.org\/2000\/svg\">   <path d=\"M1 8a.5.5 0 0 1 .5-.5h11.793l-3.147-3.146a.5.5 0 0 1 .708-.708l4 4a.5.5 0 0 1 0 .708l-4 4a.5.5 0 0 1-.708-.708L13.293 8.5H1.5A.5.5 0 0 1 1 8z\"><\/path> <\/svg><\/span><\/a>\n<\/div>\n<\/section>\n\n\n\n<section class=\"gb-element-ee57001e\">\n<h2 class=\"gb-text\">Warum PharGlass w\u00e4hlen?<\/h2>\n\n\n\n<pre class=\"wp-block-verse\">Strenge Qualit\u00e4tskontrolle<br>Von der Auswahl des Rohmaterials bis zur Endkontrolle entspricht jedes Fl\u00e4schchen den internationalen Pharmakop\u00f6e-Normen (USP, EP, ChP).<\/pre>\n\n\n\n<pre class=\"wp-block-verse\">Fortschrittliche Fertigung\nHochmoderne Produktionslinien gew\u00e4hrleisten hohe Pr\u00e4zision, Konsistenz und Skalierbarkeit f\u00fcr Ihre Projekte.<\/pre>\n\n\n\n<pre class=\"wp-block-verse\">Technische Kompetenz\nUnser Forschungs- und Entwicklungsteam bietet ma\u00dfgeschneiderte L\u00f6sungen f\u00fcr komplexe Verpackungsprobleme, einschlie\u00dflich kundenspezifischer Formen und Beschichtungen.<\/pre>\n<\/section>\n\n\n\n<section class=\"gb-element-fffe2b4d\">\n<div class=\"gb-element-94f4a3b4\">\n<h2 class=\"gb-text gb-text-8ff5a18e\">Was unsere Kunden sagen<\/h2>\n\n\n\n<p class=\"gb-text gb-text-b31fd071\">Pharmaunternehmen in mehr als 50 L\u00e4ndern vertrauen uns - hier erfahren Sie, was Beschaffungsmanager, QS-Direktoren und Leiter der Lieferkette \u00fcber unsere Glasverpackungsl\u00f6sungen zu sagen haben.<\/p>\n\n\n\n<div class=\"gb-element-e229730a\">\n<div class=\"gb-element-e530a929\">\n<div class=\"gb-element-cafd87d4\">\n<p class=\"gb-text-1a2a834d\"><span class=\"gb-shape\"><svg xmlns=\"http:\/\/www.w3.org\/2000\/svg\" viewbox=\"0 0 24 24\"><path fill=\"none\" d=\"M0 0h24v24H0z\"><\/path><path d=\"M11.192 15.757c0-.88-.23-1.618-.69-2.217-.326-.412-.768-.683-1.327-.812-.55-.128-1.07-.137-1.54-.028-.16-.95.1-1.956.76-3.022.66-1.065 1.515-1.867 2.558-2.403L9.373 5c-.8.396-1.56.898-2.26 1.505-.71.607-1.34 1.305-1.9 2.094s-.98 1.68-1.25 2.69-.346 2.04-.217 3.1c.168 1.4.62 2.52 1.356 3.35.735.84 1.652 1.26 2.748 1.26.965 0 1.766-.29 2.4-.878.628-.576.94-1.365.94-2.368l.002.003zm9.124 0c0-.88-.23-1.618-.69-2.217-.326-.42-.77-.692-1.327-.817-.56-.124-1.074-.13-1.54-.022-.16-.94.09-1.95.75-3.02.66-1.06 1.514-1.86 2.557-2.4L18.49 5c-.8.396-1.555.898-2.26 1.505a11.29 11.29 0 0 0-1.894 2.094c-.556.79-.97 1.68-1.24 2.69a8.04 8.04 0 0 0-.217 3.1c.165 1.4.615 2.52 1.35 3.35.732.833 1.646 1.25 2.742 1.25.967 0 1.768-.29 2.402-.876.627-.576.942-1.365.942-2.368v.01z\"><\/path><\/svg><\/span><span class=\"gb-text\">Wir beziehen seit 3 Jahren Borosilikat-Fl\u00e4schchen vom Typ I von PharGlass. Ihre Best\u00e4ndigkeit in Bezug auf Ma\u00dftoleranz und chemische Best\u00e4ndigkeit hat unsere R\u00fcckweisungsrate um 90% reduziert.<\/span><\/p>\n\n\n<div class=\"wp-block-image is-style-rounded\">\n<figure class=\"aligncenter size-large is-resized\"><img decoding=\"async\" src=\"https:\/\/library.generateblocks.com\/wp-content\/uploads\/2020\/07\/testimonial-2.jpg\" alt=\"\" style=\"width:150px;height:150px\"\/><\/figure>\n<\/div>\n\n\n<p class=\"gb-text gb-text-e83743cc\">Anna Simmons<\/p>\n\n\n\n<p class=\"gb-text gb-text-92621a00\">Beschaffungsmanager, BioMed Solutions (Deutschland)<\/p>\n<\/div>\n<\/div>\n\n\n\n<div class=\"gb-element-7b11a316\">\n<div class=\"gb-element-5e921340\">\n<p class=\"gb-text-e822e012\"><span class=\"gb-shape\"><svg xmlns=\"http:\/\/www.w3.org\/2000\/svg\" viewbox=\"0 0 24 24\"><path fill=\"none\" d=\"M0 0h24v24H0z\"><\/path><path d=\"M11.192 15.757c0-.88-.23-1.618-.69-2.217-.326-.412-.768-.683-1.327-.812-.55-.128-1.07-.137-1.54-.028-.16-.95.1-1.956.76-3.022.66-1.065 1.515-1.867 2.558-2.403L9.373 5c-.8.396-1.56.898-2.26 1.505-.71.607-1.34 1.305-1.9 2.094s-.98 1.68-1.25 2.69-.346 2.04-.217 3.1c.168 1.4.62 2.52 1.356 3.35.735.84 1.652 1.26 2.748 1.26.965 0 1.766-.29 2.4-.878.628-.576.94-1.365.94-2.368l.002.003zm9.124 0c0-.88-.23-1.618-.69-2.217-.326-.42-.77-.692-1.327-.817-.56-.124-1.074-.13-1.54-.022-.16-.94.09-1.95.75-3.02.66-1.06 1.514-1.86 2.557-2.4L18.49 5c-.8.396-1.555.898-2.26 1.505a11.29 11.29 0 0 0-1.894 2.094c-.556.79-.97 1.68-1.24 2.69a8.04 8.04 0 0 0-.217 3.1c.165 1.4.615 2.52 1.35 3.35.732.833 1.646 1.25 2.742 1.25.967 0 1.768-.29 2.402-.876.627-.576.942-1.365.942-2.368v.01z\"><\/path><\/svg><\/span><span class=\"gb-text\">Ihre ISO 13485-Zertifizierung steht nicht nur auf dem Papier - jede Lieferung wird mit vollst\u00e4ndigen COA- und R\u00fcckverfolgbarkeitsdokumenten geliefert. Dank der einwandfreien Dokumentation haben wir das FDA-Audit bestanden.<\/span><\/p>\n\n\n<div class=\"wp-block-image is-style-rounded\">\n<figure class=\"aligncenter size-large is-resized\"><img decoding=\"async\" src=\"https:\/\/library.generateblocks.com\/wp-content\/uploads\/2020\/07\/test-7.jpg\" alt=\"\" style=\"width:150px;height:150px\"\/><\/figure>\n<\/div>\n\n\n<p class=\"gb-text gb-text-d41e18b2\">Andrew Barnes<\/p>\n\n\n\n<p class=\"gb-text gb-text-81ae0ea1\">Produktionsleiter, BioTech Solutions (Japan)<\/p>\n<\/div>\n<\/div>\n\n\n\n<div class=\"gb-element-9af79707\">\n<div class=\"gb-element-1e9fdb1f\">\n<p class=\"gb-text-e0d1f555\"><span class=\"gb-shape\"><svg xmlns=\"http:\/\/www.w3.org\/2000\/svg\" viewbox=\"0 0 24 24\"><path fill=\"none\" d=\"M0 0h24v24H0z\"><\/path><path d=\"M11.192 15.757c0-.88-.23-1.618-.69-2.217-.326-.412-.768-.683-1.327-.812-.55-.128-1.07-.137-1.54-.028-.16-.95.1-1.956.76-3.022.66-1.065 1.515-1.867 2.558-2.403L9.373 5c-.8.396-1.56.898-2.26 1.505-.71.607-1.34 1.305-1.9 2.094s-.98 1.68-1.25 2.69-.346 2.04-.217 3.1c.168 1.4.62 2.52 1.356 3.35.735.84 1.652 1.26 2.748 1.26.965 0 1.766-.29 2.4-.878.628-.576.94-1.365.94-2.368l.002.003zm9.124 0c0-.88-.23-1.618-.69-2.217-.326-.42-.77-.692-1.327-.817-.56-.124-1.074-.13-1.54-.022-.16-.94.09-1.95.75-3.02.66-1.06 1.514-1.86 2.557-2.4L18.49 5c-.8.396-1.555.898-2.26 1.505a11.29 11.29 0 0 0-1.894 2.094c-.556.79-.97 1.68-1.24 2.69a8.04 8.04 0 0 0-.217 3.1c.165 1.4.615 2.52 1.35 3.35.732.833 1.646 1.25 2.742 1.25.967 0 1.768-.29 2.402-.876.627-.576.942-1.365.942-2.368v.01z\"><\/path><\/svg><\/span><span class=\"gb-text\">Als Startup brauchten wir schnell kundenspezifische Formen in kleinen St\u00fcckzahlen. Sie lieferten Prototypen in 7 Tagen und die volle Produktion in 30 Tagen - keine Mindestbestellmenge, kein \u00c4rger. Lebensretter!<\/span><\/p>\n\n\n<div class=\"wp-block-image is-style-rounded\">\n<figure class=\"aligncenter size-large is-resized\"><img decoding=\"async\" src=\"https:\/\/library.generateblocks.com\/wp-content\/uploads\/2020\/07\/test-6.jpg\" alt=\"\" style=\"width:150px;height:150px\"\/><\/figure>\n<\/div>\n\n\n<p class=\"gb-text gb-text-9f4055c4\">Katerina Jules<\/p>\n\n\n\n<p class=\"gb-text gb-text-1d8a853e\">Leiter der Lieferkette, NovaThera Inc.<\/p>\n\n\n\n<p>                                        (USA)<\/p>\n<\/div>\n<\/div>\n<\/div>\n<\/div>\n<\/section>\n\n\n\n<p><\/p>","protected":false},"excerpt":{"rendered":"<p>About PharGlass PharGlass is a leading manufacturer of pharmaceutical glass packaging, specializing in Type I borosilicate glass vials, ampoules, and custom closures. With over 5 &#8230; <a title=\"\u00dcber uns\" class=\"read-more\" href=\"https:\/\/www.pharglass.com\/de\/about-us\/\" aria-label=\"Mehr Informationen \u00fcber About us\">Weiterlesen &#8230;<\/a><\/p>","protected":false},"author":1,"featured_media":0,"parent":0,"menu_order":0,"comment_status":"closed","ping_status":"closed","template":"","meta":{"footnotes":""},"class_list":["post-44","page","type-page","status-publish"],"_links":{"self":[{"href":"https:\/\/www.pharglass.com\/de\/wp-json\/wp\/v2\/pages\/44","targetHints":{"allow":["GET"]}}],"collection":[{"href":"https:\/\/www.pharglass.com\/de\/wp-json\/wp\/v2\/pages"}],"about":[{"href":"https:\/\/www.pharglass.com\/de\/wp-json\/wp\/v2\/types\/page"}],"author":[{"embeddable":true,"href":"https:\/\/www.pharglass.com\/de\/wp-json\/wp\/v2\/users\/1"}],"replies":[{"embeddable":true,"href":"https:\/\/www.pharglass.com\/de\/wp-json\/wp\/v2\/comments?post=44"}],"version-history":[{"count":12,"href":"https:\/\/www.pharglass.com\/de\/wp-json\/wp\/v2\/pages\/44\/revisions"}],"predecessor-version":[{"id":2121,"href":"https:\/\/www.pharglass.com\/de\/wp-json\/wp\/v2\/pages\/44\/revisions\/2121"}],"wp:attachment":[{"href":"https:\/\/www.pharglass.com\/de\/wp-json\/wp\/v2\/media?parent=44"}],"curies":[{"name":"wp","href":"https:\/\/api.w.org\/{rel}","templated":true}]}}