{"id":3,"date":"2026-01-26T07:14:10","date_gmt":"2026-01-26T07:14:10","guid":{"rendered":"https:\/\/www.pharglass.com\/?page_id=3"},"modified":"2026-02-24T06:45:06","modified_gmt":"2026-02-24T06:45:06","slug":"privacy-policy","status":"publish","type":"page","link":"https:\/\/www.pharglass.com\/es\/privacy-policy\/","title":{"rendered":"Pol\u00edtica de privacidad"},"content":{"rendered":"<hr class=\"wp-block-separator has-alpha-channel-opacity\"\/>\n\n\n\n<p><strong>\u00daltima actualizaci\u00f3n:<\/strong>  5 de abril de 2025<br><strong>Fecha de entrada en vigor:<\/strong>  5 de abril de 2025<\/p>\n\n\n\n<p>Bienvenido a <strong>PharGlass<\/strong> (\u201cnosotros\u201d, \u201cnuestro\u201d o \u201cnos\u201d). Nos comprometemos a proteger su privacidad y a garantizar la seguridad de cualquier informaci\u00f3n personal que nos proporcione al utilizar nuestro sitio web en <strong><a href=\"http:\/\/www.pharglass.com\/es\/\">www.pharglass.com<\/a><\/strong> (el \u201cSitio\u201d). La presente Pol\u00edtica de Privacidad explica c\u00f3mo recopilamos, utilizamos, divulgamos y protegemos su informaci\u00f3n cuando visita nuestro Sitio o se pone en contacto con nosotros.<\/p>\n\n\n\n<p>Al acceder o utilizar este Sitio, usted acepta las pr\u00e1cticas descritas en esta Pol\u00edtica de privacidad. Si no est\u00e1 de acuerdo con estas condiciones, no utilice este sitio.<\/p>\n\n\n\n<hr class=\"wp-block-separator has-alpha-channel-opacity\"\/>\n\n\n\n<h2 class=\"wp-block-heading\">1. Informaci\u00f3n que recopilamos<\/h2>\n\n\n\n<p>Podemos recopilar los siguientes tipos de informaci\u00f3n:<\/p>\n\n\n\n<h3 class=\"wp-block-heading\">a) Informaci\u00f3n personal facilitada voluntariamente<\/h3>\n\n\n\n<p>Cuando se ponga en contacto con nosotros por correo electr\u00f3nico (p. ej, <a href=\"mailto:info@pharglass.com\">info@pharglass.com<\/a>), rellene un formulario de contacto, solicite un presupuesto o se suscriba a nuestro bolet\u00edn, podemos recopilar:<\/p>\n\n\n\n<ul class=\"wp-block-list\">\n<li>Nombre<\/li>\n\n\n\n<li>Direcci\u00f3n de correo electr\u00f3nico<\/li>\n\n\n\n<li>Nombre de la empresa<\/li>\n\n\n\n<li>N\u00famero de tel\u00e9fono<\/li>\n\n\n\n<li>Pa\u00eds\/Regi\u00f3n<\/li>\n\n\n\n<li>Contenido del mensaje<\/li>\n<\/ul>\n\n\n\n<h3 class=\"wp-block-heading\">b) Informaci\u00f3n recopilada autom\u00e1ticamente<\/h3>\n\n\n\n<p>Cuando navega por nuestro Sitio, podemos recopilar autom\u00e1ticamente determinados datos no personales a trav\u00e9s de cookies y tecnolog\u00edas similares, entre las que se incluyen:<\/p>\n\n\n\n<ul class=\"wp-block-list\">\n<li>Direcci\u00f3n IP<\/li>\n\n\n\n<li>Tipo y versi\u00f3n de navegador<\/li>\n\n\n\n<li>Informaci\u00f3n sobre el dispositivo<\/li>\n\n\n\n<li>P\u00e1ginas visitadas y tiempo pasado en el sitio<\/li>\n\n\n\n<li>URL de referencia<\/li>\n<\/ul>\n\n\n\n<p>Esto nos ayuda a mejorar la experiencia del usuario y a analizar los patrones de tr\u00e1fico.<\/p>\n\n\n\n<hr class=\"wp-block-separator has-alpha-channel-opacity\"\/>\n\n\n\n<h2 class=\"wp-block-heading\">2. C\u00f3mo utilizamos su informaci\u00f3n<\/h2>\n\n\n\n<p>Utilizamos la informaci\u00f3n recopilada para los siguientes fines:<\/p>\n\n\n\n<ul class=\"wp-block-list\">\n<li>Para responder a sus consultas y prestarle atenci\u00f3n al cliente<\/li>\n\n\n\n<li>Para tramitar pedidos, presupuestos o solicitudes de servicio<\/li>\n\n\n\n<li>Para enviar material promocional (s\u00f3lo si acepta)<\/li>\n\n\n\n<li>Para mejorar la funcionalidad y el contenido de nuestro sitio web<\/li>\n\n\n\n<li>Cumplir las obligaciones legales<\/li>\n<\/ul>\n\n\n\n<p>Nunca venderemos, alquilaremos ni intercambiaremos su informaci\u00f3n personal con terceros sin su consentimiento expl\u00edcito.<\/p>\n\n\n\n<hr class=\"wp-block-separator has-alpha-channel-opacity\"\/>\n\n\n\n<h2 class=\"wp-block-heading\">3. 3. Intercambio de informaci\u00f3n<\/h2>\n\n\n\n<p>S\u00f3lo podremos compartir su informaci\u00f3n en las siguientes circunstancias:<\/p>\n\n\n\n<ul class=\"wp-block-list\">\n<li>Con terceros proveedores de servicios de confianza que nos ayudan a gestionar nuestro sitio web o a llevar a cabo nuestra actividad comercial (por ejemplo, alojamiento, an\u00e1lisis, env\u00edo de correo electr\u00f3nico), siempre que acepten mantener la confidencialidad de su informaci\u00f3n.<\/li>\n\n\n\n<li>Cuando lo exija una ley, un reglamento o un procedimiento judicial.<\/li>\n\n\n\n<li>Para proteger nuestros derechos, propiedad o seguridad, o los de otros.<\/li>\n<\/ul>\n\n\n\n<hr class=\"wp-block-separator has-alpha-channel-opacity\"\/>\n\n\n\n<h2 class=\"wp-block-heading\">4. 4. Seguridad de los datos<\/h2>\n\n\n\n<p>Aplicamos medidas de seguridad administrativas, t\u00e9cnicas y f\u00edsicas razonables para proteger sus datos personales contra el acceso, la alteraci\u00f3n, la divulgaci\u00f3n o la destrucci\u00f3n no autorizados. Sin embargo, ning\u00fan m\u00e9todo de transmisi\u00f3n por Internet es 100% seguro, y no podemos garantizar una seguridad absoluta.<\/p>\n\n\n\n<hr class=\"wp-block-separator has-alpha-channel-opacity\"\/>\n\n\n\n<h2 class=\"wp-block-heading\">5. Cookies y tecnolog\u00edas de seguimiento<\/h2>\n\n\n\n<p>Nuestro sitio utiliza cookies para mejorar su experiencia de navegaci\u00f3n. Usted puede optar por desactivar las cookies a trav\u00e9s de la configuraci\u00f3n de su navegador, pero algunas caracter\u00edsticas del Sitio pueden no funcionar correctamente como resultado.<\/p>\n\n\n\n<hr class=\"wp-block-separator has-alpha-channel-opacity\"\/>\n\n\n\n<h2 class=\"wp-block-heading\">6. Enlaces de terceros<\/h2>\n\n\n\n<p>Nuestro Sitio puede contener enlaces a sitios web externos no gestionados por nosotros. No somos responsables de las pr\u00e1cticas de privacidad ni del contenido de esos sitios. Le recomendamos que consulte sus pol\u00edticas de privacidad.<\/p>\n\n\n\n<hr class=\"wp-block-separator has-alpha-channel-opacity\"\/>\n\n\n\n<h2 class=\"wp-block-heading\">7. Privacidad de los ni\u00f1os<\/h2>\n\n\n\n<p>Nuestro Sitio no est\u00e1 destinado a ni\u00f1os menores de 18 a\u00f1os. No recopilamos conscientemente informaci\u00f3n personal de ni\u00f1os. Si nos damos cuenta de que hemos recopilado dicha informaci\u00f3n, tomaremos medidas para eliminarla r\u00e1pidamente.<\/p>\n\n\n\n<hr class=\"wp-block-separator has-alpha-channel-opacity\"\/>\n\n\n\n<h2 class=\"wp-block-heading\">8. 8. Transferencias internacionales<\/h2>\n\n\n\n<p>Como proveedor global, su informaci\u00f3n puede ser transferida y procesada en pa\u00edses fuera del suyo. Al utilizar nuestro Sitio, usted consiente dichas transferencias de conformidad con la legislaci\u00f3n aplicable.<\/p>\n\n\n\n<hr class=\"wp-block-separator has-alpha-channel-opacity\"\/>\n\n\n\n<h2 class=\"wp-block-heading\">9. Sus derechos<\/h2>\n\n\n\n<p>Dependiendo de su ubicaci\u00f3n, puede tener derecho a:<\/p>\n\n\n\n<ul class=\"wp-block-list\">\n<li>Acceder a sus datos personales, rectificarlos o suprimirlos<\/li>\n\n\n\n<li>Oponerse o restringir el tratamiento<\/li>\n\n\n\n<li>Retirar el consentimiento (si procede)<\/li>\n\n\n\n<li>Solicitar la portabilidad de datos<\/li>\n<\/ul>\n\n\n\n<p>Para ejercer estos derechos, p\u00f3ngase en contacto con nosotros en<br>\ud83d\udce7 <strong><a href=\"mailto:info@pharglass.com\">info@pharglass.com<\/a><\/strong><\/p>\n\n\n\n<p>Le responderemos en un plazo de 30 d\u00edas.<\/p>\n\n\n\n<hr class=\"wp-block-separator has-alpha-channel-opacity\"\/>\n\n\n\n<h2 class=\"wp-block-heading\">10. Cambios en esta pol\u00edtica<\/h2>\n\n\n\n<p>Podemos actualizar esta Pol\u00edtica de Privacidad de vez en cuando. La versi\u00f3n actualizada se publicar\u00e1 en esta p\u00e1gina con una fecha revisada de \u201c\u00daltima actualizaci\u00f3n\u201d. Le recomendamos que revise esta pol\u00edtica peri\u00f3dicamente.<\/p>\n\n\n\n<hr class=\"wp-block-separator has-alpha-channel-opacity\"\/>\n\n\n\n<h2 class=\"wp-block-heading\">11. Contacto<\/h2>\n\n\n\n<p>Si tiene alguna pregunta sobre esta Pol\u00edtica de Privacidad o sobre nuestras pr\u00e1cticas en materia de datos, no dude en ponerse en contacto con nosotros:<\/p>\n\n\n\n<p><strong>Correo electr\u00f3nico:<\/strong> <a href=\"mailto:info@pharglass.com\">info@pharglass.com<\/a><br><strong>Empresa:<\/strong> Zhengzhou PharGlass Co., Ltd.<br><strong>P\u00e1gina web:<\/strong> <a href=\"http:\/\/www.pharglass.com\/es\/\">www.pharglass.com<\/a><\/p>\n\n\n\n<hr class=\"wp-block-separator has-alpha-channel-opacity\"\/>\n\n\n\n<p>\u2705 <em>Gracias por confiar en PharGlass, su socio en soluciones de envasado farmac\u00e9utico.<\/em><\/p>\n\n\n\n<p><\/p>","protected":false},"excerpt":{"rendered":"<p>\u00daltima actualizaci\u00f3n: 5 de abril de 2025Fecha de entrada en vigor: 5 de abril de 2025 Bienvenido a PharGlass (\u201cnosotros\u201d, \u201cnuestro\u201d o \u201cnos\u201d). Estamos comprometidos a proteger su privacidad y garantizar ... <a title=\"Pol\u00edtica de privacidad\" class=\"read-more\" href=\"https:\/\/www.pharglass.com\/es\/privacy-policy\/\" aria-label=\"Leer m\u00e1s sobre Pol\u00edtica de privacidad\">Leer m\u00e1s<\/a><\/p>","protected":false},"author":1,"featured_media":0,"parent":0,"menu_order":0,"comment_status":"closed","ping_status":"open","template":"","meta":{"footnotes":""},"class_list":["post-3","page","type-page","status-publish"],"_links":{"self":[{"href":"https:\/\/www.pharglass.com\/es\/wp-json\/wp\/v2\/pages\/3","targetHints":{"allow":["GET"]}}],"collection":[{"href":"https:\/\/www.pharglass.com\/es\/wp-json\/wp\/v2\/pages"}],"about":[{"href":"https:\/\/www.pharglass.com\/es\/wp-json\/wp\/v2\/types\/page"}],"author":[{"embeddable":true,"href":"https:\/\/www.pharglass.com\/es\/wp-json\/wp\/v2\/users\/1"}],"replies":[{"embeddable":true,"href":"https:\/\/www.pharglass.com\/es\/wp-json\/wp\/v2\/comments?post=3"}],"version-history":[{"count":2,"href":"https:\/\/www.pharglass.com\/es\/wp-json\/wp\/v2\/pages\/3\/revisions"}],"predecessor-version":[{"id":1976,"href":"https:\/\/www.pharglass.com\/es\/wp-json\/wp\/v2\/pages\/3\/revisions\/1976"}],"wp:attachment":[{"href":"https:\/\/www.pharglass.com\/es\/wp-json\/wp\/v2\/media?parent=3"}],"curies":[{"name":"wp","href":"https:\/\/api.w.org\/{rel}","templated":true}]}}