{"id":44,"date":"2022-02-13T16:43:35","date_gmt":"2022-02-13T16:43:35","guid":{"rendered":"https:\/\/clinic.wordifysites.com\/?page_id=44"},"modified":"2026-04-03T07:22:50","modified_gmt":"2026-04-03T07:22:50","slug":"about-us","status":"publish","type":"page","link":"https:\/\/www.pharglass.com\/fr\/about-us\/","title":{"rendered":"A propos de nous"},"content":{"rendered":"<section class=\"gb-element-b99d0b33\">\n<div class=\"gb-element-80355ee3\">\n<figure class=\"wp-block-image size-large\"><img loading=\"lazy\" decoding=\"async\" width=\"1024\" height=\"661\" src=\"https:\/\/www.pharglass.com\/wp-content\/uploads\/2026\/04\/986-1024x661.jpg\" alt=\"\" class=\"wp-image-2118\" srcset=\"https:\/\/www.pharglass.com\/wp-content\/uploads\/2026\/04\/986-1024x661.jpg 1024w, https:\/\/www.pharglass.com\/wp-content\/uploads\/2026\/04\/986-300x194.jpg 300w, https:\/\/www.pharglass.com\/wp-content\/uploads\/2026\/04\/986-768x495.jpg 768w, https:\/\/www.pharglass.com\/wp-content\/uploads\/2026\/04\/986-18x12.jpg 18w, https:\/\/www.pharglass.com\/wp-content\/uploads\/2026\/04\/986.jpg 1099w\" sizes=\"auto, (max-width: 1024px) 100vw, 1024px\" \/><\/figure>\n\n\n\n<div class=\"gb-element-92397f42\">\n<h2 class=\"gb-text gb-text-48f7999a\">\u00c0 propos de PharGlass<\/h2>\n\n\n\n<p class=\"gb-text\">PharGlass est l'un des principaux fabricants d'emballages pharmaceutiques en verre, sp\u00e9cialis\u00e9 dans les flacons, ampoules et bouchons personnalis\u00e9s en verre borosilicat\u00e9 de type I. Avec plus de 5 ans d'exp\u00e9rience et des installations certifi\u00e9es ISO\/GMP, nous offrons aux entreprises pharmaceutiques internationales des solutions conformes et de haute qualit\u00e9.<\/p>\n\n\n<div class=\"gb-container gb-container-18108f0e\">\n<div class=\"gb-container gb-container-ffa30248\">\n\n<h3 class=\"gb-text-23d72227\"><span class=\"gb-shape\"><svg viewbox=\"0 0 16 16\" class=\"bi bi-check2-square\" height=\"16\" width=\"16\" xmlns=\"http:\/\/www.w3.org\/2000\/svg\">   <path d=\"M3 14.5A1.5 1.5 0 0 1 1.5 13V3A1.5 1.5 0 0 1 3 1.5h8a.5.5 0 0 1 0 1H3a.5.5 0 0 0-.5.5v10a.5.5 0 0 0 .5.5h10a.5.5 0 0 0 .5-.5V8a.5.5 0 0 1 1 0v5a1.5 1.5 0 0 1-1.5 1.5H3z\"><\/path>   <path d=\"m8.354 10.354 7-7a.5.5 0 0 0-.708-.708L8 9.293 5.354 6.646a.5.5 0 1 0-.708.708l3 3a.5.5 0 0 0 .708 0z\"><\/path> <\/svg><\/span><span class=\"gb-text\">Ann\u00e9es d'exp\u00e9rience<\/span><\/h3>\n\n\n\n<h3 class=\"gb-text-450ad3ed\"><span class=\"gb-shape\"><svg viewbox=\"0 0 16 16\" class=\"bi bi-check2-square\" height=\"16\" width=\"16\" xmlns=\"http:\/\/www.w3.org\/2000\/svg\">   <path d=\"M3 14.5A1.5 1.5 0 0 1 1.5 13V3A1.5 1.5 0 0 1 3 1.5h8a.5.5 0 0 1 0 1H3a.5.5 0 0 0-.5.5v10a.5.5 0 0 0 .5.5h10a.5.5 0 0 0 .5-.5V8a.5.5 0 0 1 1 0v5a1.5 1.5 0 0 1-1.5 1.5H3z\"><\/path>   <path d=\"m8.354 10.354 7-7a.5.5 0 0 0-.708-.708L8 9.293 5.354 6.646a.5.5 0 1 0-.708.708l3 3a.5.5 0 0 0 .708 0z\"><\/path> <\/svg><\/span><span class=\"gb-text\">Assistance 24\/7<\/span><\/h3>\n\n\n\n<h3 class=\"gb-text-fa585535\"><span class=\"gb-shape\"><svg viewbox=\"0 0 16 16\" class=\"bi bi-check2-square\" height=\"16\" width=\"16\" xmlns=\"http:\/\/www.w3.org\/2000\/svg\">   <path d=\"M3 14.5A1.5 1.5 0 0 1 1.5 13V3A1.5 1.5 0 0 1 3 1.5h8a.5.5 0 0 1 0 1H3a.5.5 0 0 0-.5.5v10a.5.5 0 0 0 .5.5h10a.5.5 0 0 0 .5-.5V8a.5.5 0 0 1 1 0v5a1.5 1.5 0 0 1-1.5 1.5H3z\"><\/path>   <path d=\"m8.354 10.354 7-7a.5.5 0 0 0-.708-.708L8 9.293 5.354 6.646a.5.5 0 1 0-.708.708l3 3a.5.5 0 0 0 .708 0z\"><\/path> <\/svg><\/span><span class=\"gb-text\">Certifi\u00e9 ISO et GMP<\/span><\/h3>\n\n<\/div>\n\n<div class=\"gb-container gb-container-6d74c1c3\">\n\n<h3 class=\"gb-text-35eac7a2\"><span class=\"gb-shape\"><svg viewbox=\"0 0 16 16\" class=\"bi bi-check2-square\" height=\"16\" width=\"16\" xmlns=\"http:\/\/www.w3.org\/2000\/svg\">   <path d=\"M3 14.5A1.5 1.5 0 0 1 1.5 13V3A1.5 1.5 0 0 1 3 1.5h8a.5.5 0 0 1 0 1H3a.5.5 0 0 0-.5.5v10a.5.5 0 0 0 .5.5h10a.5.5 0 0 0 .5-.5V8a.5.5 0 0 1 1 0v5a1.5 1.5 0 0 1-1.5 1.5H3z\"><\/path>   <path d=\"m8.354 10.354 7-7a.5.5 0 0 0-.708-.708L8 9.293 5.354 6.646a.5.5 0 1 0-.708.708l3 3a.5.5 0 0 0 .708 0z\"><\/path> <\/svg><\/span><span class=\"gb-text\">Fabrication sur mesure<\/span><\/h3>\n\n\n\n<h3 class=\"gb-text-e3eb49b5\"><span class=\"gb-shape\"><svg viewbox=\"0 0 16 16\" class=\"bi bi-check2-square\" height=\"16\" width=\"16\" xmlns=\"http:\/\/www.w3.org\/2000\/svg\">   <path d=\"M3 14.5A1.5 1.5 0 0 1 1.5 13V3A1.5 1.5 0 0 1 3 1.5h8a.5.5 0 0 1 0 1H3a.5.5 0 0 0-.5.5v10a.5.5 0 0 0 .5.5h10a.5.5 0 0 0 .5-.5V8a.5.5 0 0 1 1 0v5a1.5 1.5 0 0 1-1.5 1.5H3z\"><\/path>   <path d=\"m8.354 10.354 7-7a.5.5 0 0 0-.708-.708L8 9.293 5.354 6.646a.5.5 0 1 0-.708.708l3 3a.5.5 0 0 0 .708 0z\"><\/path> <\/svg><\/span><span class=\"gb-text\">Lignes de production modernes<\/span><\/h3>\n\n\n\n<h3 class=\"gb-text-b497f805\"><span class=\"gb-shape\"><svg viewbox=\"0 0 16 16\" class=\"bi bi-check2-square\" height=\"16\" width=\"16\" xmlns=\"http:\/\/www.w3.org\/2000\/svg\">   <path d=\"M3 14.5A1.5 1.5 0 0 1 1.5 13V3A1.5 1.5 0 0 1 3 1.5h8a.5.5 0 0 1 0 1H3a.5.5 0 0 0-.5.5v10a.5.5 0 0 0 .5.5h10a.5.5 0 0 0 .5-.5V8a.5.5 0 0 1 1 0v5a1.5 1.5 0 0 1-1.5 1.5H3z\"><\/path>   <path d=\"m8.354 10.354 7-7a.5.5 0 0 0-.708-.708L8 9.293 5.354 6.646a.5.5 0 1 0-.708.708l3 3a.5.5 0 0 0 .708 0z\"><\/path> <\/svg><\/span><span class=\"gb-text\"><strong>Conformit\u00e9 des exportations mondiales<\/strong><\/span><\/h3>\n\n<\/div>\n<\/div>\n\n\n<a class=\"gb-text-fe49c7d6 smooth-scroll\" href=\"#\"><span class=\"gb-text\">Visitez notre page d'usine<\/span><span class=\"gb-shape\"><svg viewbox=\"0 0 16 16\" class=\"bi bi-arrow-right\" height=\"16\" width=\"16\" xmlns=\"http:\/\/www.w3.org\/2000\/svg\">   <path d=\"M1 8a.5.5 0 0 1 .5-.5h11.793l-3.147-3.146a.5.5 0 0 1 .708-.708l4 4a.5.5 0 0 1 0 .708l-4 4a.5.5 0 0 1-.708-.708L13.293 8.5H1.5A.5.5 0 0 1 1 8z\"><\/path> <\/svg><\/span><\/a>\n<\/div>\n<\/div>\n<\/section>\n\n\n\n<section class=\"gb-element-5604e480\">\n<div class=\"gb-element-9db56ad4\">\n<div class=\"gb-element-0020a828\">\n<div class=\"gb-element-13a96e8d\">\n<h2 class=\"gb-text gb-text-8519502c\">15+<\/h2>\n\n\n\n<p class=\"gb-text gb-text-b90e6c80\">Ann\u00e9es Est.<\/p>\n<\/div>\n\n\n\n<div class=\"gb-element-b6cc9141\">\n<h2 class=\"gb-text gb-text-2715db04\">30+<\/h2>\n\n\n\n<p class=\"gb-text gb-text-6ea8e386\">Experts en technologie<\/p>\n<\/div>\n\n\n\n<div class=\"gb-element-f1df71de\">\n<h2 class=\"gb-text gb-text-4fc48d0d\">10M+<\/h2>\n\n\n\n<p class=\"gb-text gb-text-5b2f2ce0\">Unit\u00e9s livr\u00e9es.<\/p>\n<\/div>\n\n\n\n<div class=\"gb-element-657cd3a6\">\n<h2 class=\"gb-text gb-text-a80afbfc\">50+<\/h2>\n\n\n\n<p class=\"gb-text gb-text-5ed71738\">March\u00e9s mondiaux<\/p>\n<\/div>\n<\/div>\n<\/div>\n<\/section>\n\n\n\n<section class=\"gb-element-0c2f6f76\">\n<div class=\"gb-element-273b10d4\">\n<h2 class=\"gb-text gb-text-524c4175\">Con\u00e7u pour l'excellence pharmaceutique<\/h2>\n\n\n\n<p class=\"gb-text gb-text-6411b69b\">Chez PharGlass, nous concevons et fabriquons des solutions d'emballage en verre de haute int\u00e9grit\u00e9 qui r\u00e9pondent aux normes r\u00e9glementaires mondiales - garantissant la s\u00e9curit\u00e9, la conformit\u00e9 et la fiabilit\u00e9 de chaque dose.<\/p>\n<\/div>\n\n\n\n<div class=\"gb-element-90db589e\">\n<div class=\"gb-element-03262b1b\">\n<div>\n<div class=\"gb-text-12559592\" aria-label=\"M\u00e9decins qualifi\u00e9s\"><span class=\"gb-shape\"><svg fill=\"CurrentColor\" xmlns=\"http:\/\/www.w3.org\/2000\/svg\" viewbox=\"0 0 489.7 489.7\"><path d=\"m311.9 234.8-68.4 118.9-66.1-118.9c-52.1 14-87.9 48.2-87.9 109.6v104.2c96.4 54.8 214.2 54.8 310.7 0V344.5c-.5-61.4-36.2-95.7-88.3-109.7zM183.2 349.2h-8.9v8.9c0 7.7-6.3 14-14 14s-14-6.3-14-14v-8.9h-8.9c-7.7 0-14-6.3-14-14s6.3-14 14-14h8.9v-8.9c0-7.7 6.3-14 14-14s14 6.3 14 14v8.9h8.9c7.7 0 14 6.3 14 14s-6.3 14-14 14zM143.1 107.3c0-38.1 13.6-72.3 35-95.6-5.1 2.3-48 13.9-42 86.7-2.3 28.4-7.8 60.7-33 75.8 20.2 13.2 44.3 20.2 68.4 20.6-17.9-22.6-28.4-53.7-28.4-87.5zM328.2 182c19.8-1.6 39.7-5.8 57.9-12.8-.8-3.5-3.5-6.6-5.8-9.3-26.4-32.3-12.4-82-34.6-117.4-7.4-11.7-18.3-20.6-30.3-27.2 19.8 23.3 32.3 56 32.3 92.1-.1 27.9-7.4 53.6-19.5 74.6z\"><\/path><path d=\"M197.2 219.3v14.8l46.3 80.1 48.6-84v-10.1c-14 8.9-29.9 14-47 14-17.2.4-33.5-5.1-47.9-14.8zM327.8 107.3c0-5.8-.4-12.1-1.2-17.5-22.6-.4-43.9-17.5-55.6-28.4-25.7 31.9-85.9 42-108.5 44.7v1.2c0 59.1 36.9 107.3 82.4 107.3 46 0 82.9-47.8 82.9-107.3z\"><\/path><path d=\"M260.5 41.2c1.6-3.1 8.7-10.2 16.7-2.3 7 8.6 26.8 27.2 45.5 30.7C310.6 28.8 280.7 0 245.3 0c-40 0-73.5 36.9-80.9 85.9 30-3.9 83.3-16.7 96.1-44.7z\"><\/path><\/svg><\/span><\/div>\n\n\n\n<h3 class=\"gb-text gb-text-897ff4b0\">Contr\u00f4le de qualit\u00e9 certifi\u00e9<\/h3>\n\n\n\n<p class=\"gb-text gb-text-74671779\">Chaque lot est soumis \u00e0 des tests rigoureux conform\u00e9ment aux directives ISO 13485 et GMP. Notre \u00e9quipe de contr\u00f4le qualit\u00e9 veille \u00e0 ce qu'il n'y ait aucun d\u00e9faut au niveau de la pr\u00e9cision dimensionnelle, de la r\u00e9sistance chimique et de la st\u00e9rilit\u00e9.<\/p>\n<\/div>\n\n\n\n<div>\n<div class=\"gb-text-d710348f\" aria-label=\"Ann\u00e9es d&#039;exp\u00e9rience\"><span class=\"gb-shape\"><svg xmlns=\"http:\/\/www.w3.org\/2000\/svg\" viewbox=\"0 0 512 512\" width=\"1em\" height=\"1em\" aria-hidden=\"true\"><path d=\"M466.5 83.7l-192-80a48.15 48.15 0 0 0-36.9 0l-192 80C27.7 91.1 16 108.6 16 128c0 198.5 114.5 335.7 221.5 380.3 11.8 4.9 25.1 4.9 36.9 0C360.1 472.6 496 349.3 496 128c0-19.4-11.7-36.9-29.5-44.3zM256.1 446.3l-.1-381 175.9 73.3c-3.3 151.4-82.1 261.1-175.8 307.7z\" fill=\"currentColor\"><\/path><\/svg><\/span><\/div>\n\n\n\n<h3 class=\"gb-text gb-text-57d7d3a7\">Plus de 15 ans d'exp\u00e9rience dans la fabrication<\/h3>\n\n\n\n<p class=\"gb-text gb-text-7cdf0f1b\">Depuis 2009, nous nous sommes sp\u00e9cialis\u00e9s dans les flacons et les ampoules en verre borosilicat\u00e9 de type I. Nous servons des clients pharmaceutiques en Asie, en Europe et en Am\u00e9rique du Nord avec une qualit\u00e9 constante et des livraisons dans les d\u00e9lais impartis.<\/p>\n<\/div>\n\n\n\n<div>\n<div class=\"gb-text-adff6ca1\" aria-label=\"Installations avanc\u00e9es\"><span class=\"gb-shape\"><svg xmlns=\"http:\/\/www.w3.org\/2000\/svg\" viewbox=\"0 0 32 32\" fill=\"CurrentColor\">.st0{fill:none;stroke:#000;stroke-width:2;stroke-linecap:round;stroke-linejoin:round;stroke-miterlimit:10}<path d=\"m26.4 23.9-6.9-9.4c-.4-.5-.6-1.1-.6-1.8V8c1.1 0 2-.9 2-2V4c0-1.1-.9-2-2-2h-6c-1.1 0-2 .9-2 2v2c0 1.1.9 2 2 2v4.7c0 .6-.2 1.2-.6 1.8l-6.9 9.4c-.2.5-.4 1.1-.4 1.8V27c0 1.7 1.3 3 3 3h16c1.7 0 3-1.3 3-3v-1.3c0-.7-.2-1.3-.6-1.8zM14 15.6c.6-.9 1-1.9 1-2.9V8c0-1.1-.9-2-2-2V4h6v2c-1.1 0-2 .9-2 2v4.7c0 1.1.3 2.1 1 2.9l4.6 6.4H9.4l4.6-6.4z\"><\/path><\/svg><\/span><\/div>\n\n\n\n<h3 class=\"gb-text gb-text-49c22295\">Lignes de production modernes et automatis\u00e9es<\/h3>\n\n\n\n<p class=\"gb-text gb-text-f8316444\">\u00c9quip\u00e9e de machines de formage de conception allemande et de syst\u00e8mes d'inspection aliment\u00e9s par l'IA, notre usine produit jusqu'\u00e0 50 millions d'unit\u00e9s par an avec un taux de d\u00e9fectuosit\u00e9 &lt;0,1%.<\/p>\n<\/div>\n\n\n\n<div>\n<div class=\"gb-text-63f9204c\" aria-label=\"Disponibilit\u00e9\"><span class=\"gb-shape\"><svg xmlns=\"http:\/\/www.w3.org\/2000\/svg\" viewbox=\"0 0 448 512\" width=\"1em\" height=\"1em\" aria-hidden=\"true\"><path d=\"M148 288h-40c-6.6 0-12-5.4-12-12v-40c0-6.6 5.4-12 12-12h40c6.6 0 12 5.4 12 12v40c0 6.6-5.4 12-12 12zm108-12v-40c0-6.6-5.4-12-12-12h-40c-6.6 0-12 5.4-12 12v40c0 6.6 5.4 12 12 12h40c6.6 0 12-5.4 12-12zm96 0v-40c0-6.6-5.4-12-12-12h-40c-6.6 0-12 5.4-12 12v40c0 6.6 5.4 12 12 12h40c6.6 0 12-5.4 12-12zm-96 96v-40c0-6.6-5.4-12-12-12h-40c-6.6 0-12 5.4-12 12v40c0 6.6 5.4 12 12 12h40c6.6 0 12-5.4 12-12zm-96 0v-40c0-6.6-5.4-12-12-12h-40c-6.6 0-12 5.4-12 12v40c0 6.6 5.4 12 12 12h40c6.6 0 12-5.4 12-12zm192 0v-40c0-6.6-5.4-12-12-12h-40c-6.6 0-12 5.4-12 12v40c0 6.6 5.4 12 12 12h40c6.6 0 12-5.4 12-12zm96-260v352c0 26.5-21.5 48-48 48H48c-26.5 0-48-21.5-48-48V112c0-26.5 21.5-48 48-48h48V12c0-6.6 5.4-12 12-12h40c6.6 0 12 5.4 12 12v52h128V12c0-6.6 5.4-12 12-12h40c6.6 0 12 5.4 12 12v52h48c26.5 0 48 21.5 48 48zm-48 346V160H48v298c0 3.3 2.7 6 6 6h340c3.3 0 6-2.7 6-6z\" fill=\"currentColor\"><\/path><\/svg><\/span><\/div>\n\n\n\n<h3 class=\"gb-text gb-text-14d14649\">Garantie de livraison dans les d\u00e9lais<\/h3>\n\n\n\n<p class=\"gb-text gb-text-69f4245c\">Nous comprenons vos d\u00e9lais de production. Gr\u00e2ce \u00e0 une logistique optimis\u00e9e et \u00e0 un stock tampon, nous garantissons l'exp\u00e9dition de 98% dans les d\u00e9lais, m\u00eame pendant les p\u00e9riodes de pointe.<\/p>\n<\/div>\n\n\n\n<div>\n<div class=\"gb-text-470b8c71\" aria-label=\"Un excellent soutien\"><span class=\"gb-shape\"><svg xmlns=\"http:\/\/www.w3.org\/2000\/svg\" viewbox=\"0 0 342.84 342.84\" fill=\"CurrentColor\"><path d=\"M188.365.545c-50.53 0-97.23 24.744-125.866 64.929 7.257 2.05 13.915 5.92 19.401 11.401l4.717 4.717c23.306-32.233 60.994-52.047 101.748-52.047 69.187 0 125.475 56.289 125.475 125.477 0 40.957-19.755 78.521-52.016 101.777l3.643 3.643a44.614 44.614 0 0 1 11.809 20.942c40.614-28.537 65.564-75.303 65.564-126.362C342.84 69.843 273.543.545 188.365.545zM210.072 240.764c-4.131-4.131-9.78-6.2-15.714-5.604-10.477 1.059-20.305 5.092-28.421 11.665a6.396 6.396 0 0 1-4.033 1.418 6.428 6.428 0 0 1-3.99-1.387 410.127 410.127 0 0 1-62.399-62.435c-1.884-2.326-1.878-5.72.027-8.056 6.555-8.095 10.583-17.917 11.638-28.388a19.414 19.414 0 0 0-5.604-15.717L64.045 94.733a19.343 19.343 0 0 0-13.756-5.699c-.626 0-1.269.031-1.908.093-12.29 1.205-23.893 6.7-32.663 15.472-16.863 16.866-20.593 43.159-9.069 63.942 29.353 53.547 99.945 130.727 167.293 167.231 7.827 4.27 16.702 6.523 25.678 6.523 14.268 0 28.162-5.711 38.121-15.67 8.771-8.774 14.268-20.378 15.473-32.673a19.397 19.397 0 0 0-5.609-15.66l-37.533-37.528z\"><\/path><path d=\"M194.379 52.67c-5.523 0-10 4.477-10 10v82c0 5.523 4.477 10 10 10h76.461c5.522 0 10-4.477 10-10s-4.478-10-10-10h-66.461v-72c0-5.523-4.478-10-10-10z\"><\/path><\/svg><\/span><\/div>\n\n\n\n<h3 class=\"gb-text gb-text-82137713\">Support technique d\u00e9di\u00e9<\/h3>\n\n\n\n<p class=\"gb-text gb-text-27a7a324\">Des demandes d'\u00e9chantillons au d\u00e9veloppement de moules sur mesure, nos ing\u00e9nieurs fournissent une assistance de bout en bout. Temps de r\u00e9ponse moyen : &lt;2 heures pendant les jours ouvrables.<\/p>\n<\/div>\n\n\n\n<div>\n<div class=\"gb-text-aed43db2\" aria-label=\"Des r\u00e9sultats rapides\"><span class=\"gb-shape\"><svg viewbox=\"0 0 179.709 179.709\" fill=\"CurrentColor\" xmlns=\"http:\/\/www.w3.org\/2000\/svg\"><path d=\"M149.323 17.905h-20.039v-2.849a7.5 7.5 0 0 0-7.5-7.5h-6.195V7.5a7.5 7.5 0 0 0-7.5-7.5H71.227a7.5 7.5 0 0 0-7.5 7.5v.057h-6.189a7.5 7.5 0 0 0-7.5 7.5v2.849H30.386a7.5 7.5 0 0 0-7.5 7.5V172.21a7.5 7.5 0 0 0 7.5 7.5h118.938a7.5 7.5 0 0 0 7.5-7.5V25.405a7.501 7.501 0 0 0-7.501-7.5zm-84.285 4.652h6.189a7.5 7.5 0 0 0 7.5-7.5V15h21.861v.057a7.5 7.5 0 0 0 7.5 7.5h6.195v15.96H65.038v-15.96zm76.785 142.152H37.886V32.905h12.152v13.111a7.5 7.5 0 0 0 7.5 7.5h64.246a7.5 7.5 0 0 0 7.5-7.5V32.905h12.539v131.804z\"><\/path><path d=\"M118.993 72.892H60.716a7.5 7.5 0 0 0-7.5 7.5 7.5 7.5 0 0 0 7.5 7.5h58.277a7.5 7.5 0 0 0 7.5-7.5c0-4.143-3.357-7.5-7.5-7.5zM118.993 99.783H60.716a7.5 7.5 0 0 0-7.5 7.5 7.5 7.5 0 0 0 7.5 7.5h58.277a7.5 7.5 0 0 0 7.5-7.5 7.5 7.5 0 0 0-7.5-7.5zM118.993 126.681H60.716a7.5 7.5 0 0 0-7.5 7.5c0 4.143 3.357 7.5 7.5 7.5h58.277c4.143 0 7.5-3.357 7.5-7.5a7.5 7.5 0 0 0-7.5-7.5z\"><\/path><\/svg><\/span><\/div>\n\n\n\n<h3 class=\"gb-text gb-text-b41644aa\">Des solutions sur mesure en 30 jours<\/h3>\n\n\n\n<p class=\"gb-text gb-text-10b80fbe\">Vous avez besoin d'une couleur de casquette unique, d'un logo en relief ou d'une finition sp\u00e9ciale du col ? Nous livrons des prototypes en 7 jours et des s\u00e9ries compl\u00e8tes en 30 jours - aucune commande minimum n'est requise.<\/p>\n<\/div>\n<\/div>\n<\/div>\n<\/section>\n\n\n\n<section class=\"gb-element-b92c3586\">\n<div class=\"gb-element-a2602027\">\n<h2 class=\"gb-text gb-text-55839f7b\">La confiance des leaders mondiaux de l'industrie pharmaceutique<\/h2>\n\n\n\n<p class=\"gb-text gb-text-248acb88\">Depuis plus de 15 ans, nous fournissons des flacons et des ampoules en verre borosilicat\u00e9 de type I \u00e0 des soci\u00e9t\u00e9s pharmaceutiques de premier plan dans plus de 50 pays. Nos installations certifi\u00e9es ISO 13485 et GMP garantissent que chaque unit\u00e9 est conforme aux normes USP , EP et JP - pour que vos m\u00e9dicaments restent s\u00fbrs, stables et conformes.<\/p>\n\n\n\n<a class=\"gb-text-0d4095b4 smooth-scroll\" href=\"\/fr\/contacts\/\"><span class=\"gb-text\">Demander un kit d'\u00e9chantillonnage gratuit<\/span><span class=\"gb-shape\"><svg viewbox=\"0 0 16 16\" class=\"bi bi-arrow-right\" height=\"16\" width=\"16\" xmlns=\"http:\/\/www.w3.org\/2000\/svg\">   <path d=\"M1 8a.5.5 0 0 1 .5-.5h11.793l-3.147-3.146a.5.5 0 0 1 .708-.708l4 4a.5.5 0 0 1 0 .708l-4 4a.5.5 0 0 1-.708-.708L13.293 8.5H1.5A.5.5 0 0 1 1 8z\"><\/path> <\/svg><\/span><\/a>\n<\/div>\n<\/section>\n\n\n\n<section class=\"gb-element-ee57001e\">\n<h2 class=\"gb-text\">Pourquoi choisir PharGlass ?<\/h2>\n\n\n\n<pre class=\"wp-block-verse\">Un contr\u00f4le de qualit\u00e9 rigoureux<br>De la s\u00e9lection des mati\u00e8res premi\u00e8res \u00e0 l'inspection finale, chaque flacon r\u00e9pond aux normes internationales de la pharmacop\u00e9e (USP, EP, ChP).<\/pre>\n\n\n\n<pre class=\"wp-block-verse\">Fabrication de pointe\nDes lignes de production ultramodernes garantissent la pr\u00e9cision, la coh\u00e9rence et l'\u00e9volutivit\u00e9 de vos projets.<\/pre>\n\n\n\n<pre class=\"wp-block-verse\">Expertise technique\nNotre \u00e9quipe de R&amp;D propose des solutions sur mesure pour relever les d\u00e9fis complexes li\u00e9s \u00e0 l'emballage, y compris des formes et des rev\u00eatements personnalis\u00e9s.<\/pre>\n<\/section>\n\n\n\n<section class=\"gb-element-fffe2b4d\">\n<div class=\"gb-element-94f4a3b4\">\n<h2 class=\"gb-text gb-text-8ff5a18e\">Ce que disent nos clients<\/h2>\n\n\n\n<p class=\"gb-text gb-text-b31fd071\">Les entreprises pharmaceutiques de plus de 50 pays nous font confiance. Voici ce que les responsables des achats, les directeurs de l'assurance qualit\u00e9 et les responsables de la cha\u00eene d'approvisionnement ont \u00e0 dire sur nos solutions d'emballage en verre.<\/p>\n\n\n\n<div class=\"gb-element-e229730a\">\n<div class=\"gb-element-e530a929\">\n<div class=\"gb-element-cafd87d4\">\n<p class=\"gb-text-1a2a834d\"><span class=\"gb-shape\"><svg xmlns=\"http:\/\/www.w3.org\/2000\/svg\" viewbox=\"0 0 24 24\"><path fill=\"none\" d=\"M0 0h24v24H0z\"><\/path><path d=\"M11.192 15.757c0-.88-.23-1.618-.69-2.217-.326-.412-.768-.683-1.327-.812-.55-.128-1.07-.137-1.54-.028-.16-.95.1-1.956.76-3.022.66-1.065 1.515-1.867 2.558-2.403L9.373 5c-.8.396-1.56.898-2.26 1.505-.71.607-1.34 1.305-1.9 2.094s-.98 1.68-1.25 2.69-.346 2.04-.217 3.1c.168 1.4.62 2.52 1.356 3.35.735.84 1.652 1.26 2.748 1.26.965 0 1.766-.29 2.4-.878.628-.576.94-1.365.94-2.368l.002.003zm9.124 0c0-.88-.23-1.618-.69-2.217-.326-.42-.77-.692-1.327-.817-.56-.124-1.074-.13-1.54-.022-.16-.94.09-1.95.75-3.02.66-1.06 1.514-1.86 2.557-2.4L18.49 5c-.8.396-1.555.898-2.26 1.505a11.29 11.29 0 0 0-1.894 2.094c-.556.79-.97 1.68-1.24 2.69a8.04 8.04 0 0 0-.217 3.1c.165 1.4.615 2.52 1.35 3.35.732.833 1.646 1.25 2.742 1.25.967 0 1.768-.29 2.402-.876.627-.576.942-1.365.942-2.368v.01z\"><\/path><\/svg><\/span><span class=\"gb-text\">Nous nous approvisionnons en flacons de borosilicate de type I aupr\u00e8s de PharGlass depuis 3 ans. La constance de leur tol\u00e9rance dimensionnelle et de leur r\u00e9sistance chimique a r\u00e9duit notre taux de rejet de lots de 90%.<\/span><\/p>\n\n\n<div class=\"wp-block-image is-style-rounded\">\n<figure class=\"aligncenter size-large is-resized\"><img decoding=\"async\" src=\"https:\/\/library.generateblocks.com\/wp-content\/uploads\/2020\/07\/testimonial-2.jpg\" alt=\"\" style=\"width:150px;height:150px\"\/><\/figure>\n<\/div>\n\n\n<p class=\"gb-text gb-text-e83743cc\">Anna Simmons<\/p>\n\n\n\n<p class=\"gb-text gb-text-92621a00\">Responsable des achats, BioMed Solutions (Allemagne)<\/p>\n<\/div>\n<\/div>\n\n\n\n<div class=\"gb-element-7b11a316\">\n<div class=\"gb-element-5e921340\">\n<p class=\"gb-text-e822e012\"><span class=\"gb-shape\"><svg xmlns=\"http:\/\/www.w3.org\/2000\/svg\" viewbox=\"0 0 24 24\"><path fill=\"none\" d=\"M0 0h24v24H0z\"><\/path><path d=\"M11.192 15.757c0-.88-.23-1.618-.69-2.217-.326-.412-.768-.683-1.327-.812-.55-.128-1.07-.137-1.54-.028-.16-.95.1-1.956.76-3.022.66-1.065 1.515-1.867 2.558-2.403L9.373 5c-.8.396-1.56.898-2.26 1.505-.71.607-1.34 1.305-1.9 2.094s-.98 1.68-1.25 2.69-.346 2.04-.217 3.1c.168 1.4.62 2.52 1.356 3.35.735.84 1.652 1.26 2.748 1.26.965 0 1.766-.29 2.4-.878.628-.576.94-1.365.94-2.368l.002.003zm9.124 0c0-.88-.23-1.618-.69-2.217-.326-.42-.77-.692-1.327-.817-.56-.124-1.074-.13-1.54-.022-.16-.94.09-1.95.75-3.02.66-1.06 1.514-1.86 2.557-2.4L18.49 5c-.8.396-1.555.898-2.26 1.505a11.29 11.29 0 0 0-1.894 2.094c-.556.79-.97 1.68-1.24 2.69a8.04 8.04 0 0 0-.217 3.1c.165 1.4.615 2.52 1.35 3.35.732.833 1.646 1.25 2.742 1.25.967 0 1.768-.29 2.402-.876.627-.576.942-1.365.942-2.368v.01z\"><\/path><\/svg><\/span><span class=\"gb-text\">Leur certification ISO 13485 n'est pas seulement sur le papier - chaque exp\u00e9dition est accompagn\u00e9e d'un COA complet et de documents de tra\u00e7abilit\u00e9. Nous avons pass\u00e9 l'audit de la FDA gr\u00e2ce \u00e0 leur documentation sans faille.<\/span><\/p>\n\n\n<div class=\"wp-block-image is-style-rounded\">\n<figure class=\"aligncenter size-large is-resized\"><img decoding=\"async\" src=\"https:\/\/library.generateblocks.com\/wp-content\/uploads\/2020\/07\/test-7.jpg\" alt=\"\" style=\"width:150px;height:150px\"\/><\/figure>\n<\/div>\n\n\n<p class=\"gb-text gb-text-d41e18b2\">Andrew Barnes<\/p>\n\n\n\n<p class=\"gb-text gb-text-81ae0ea1\">Responsable de la production, BioTech Solutions (Japon)<\/p>\n<\/div>\n<\/div>\n\n\n\n<div class=\"gb-element-9af79707\">\n<div class=\"gb-element-1e9fdb1f\">\n<p class=\"gb-text-e0d1f555\"><span class=\"gb-shape\"><svg xmlns=\"http:\/\/www.w3.org\/2000\/svg\" viewbox=\"0 0 24 24\"><path fill=\"none\" d=\"M0 0h24v24H0z\"><\/path><path d=\"M11.192 15.757c0-.88-.23-1.618-.69-2.217-.326-.412-.768-.683-1.327-.812-.55-.128-1.07-.137-1.54-.028-.16-.95.1-1.956.76-3.022.66-1.065 1.515-1.867 2.558-2.403L9.373 5c-.8.396-1.56.898-2.26 1.505-.71.607-1.34 1.305-1.9 2.094s-.98 1.68-1.25 2.69-.346 2.04-.217 3.1c.168 1.4.62 2.52 1.356 3.35.735.84 1.652 1.26 2.748 1.26.965 0 1.766-.29 2.4-.878.628-.576.94-1.365.94-2.368l.002.003zm9.124 0c0-.88-.23-1.618-.69-2.217-.326-.42-.77-.692-1.327-.817-.56-.124-1.074-.13-1.54-.022-.16-.94.09-1.95.75-3.02.66-1.06 1.514-1.86 2.557-2.4L18.49 5c-.8.396-1.555.898-2.26 1.505a11.29 11.29 0 0 0-1.894 2.094c-.556.79-.97 1.68-1.24 2.69a8.04 8.04 0 0 0-.217 3.1c.165 1.4.615 2.52 1.35 3.35.732.833 1.646 1.25 2.742 1.25.967 0 1.768-.29 2.402-.876.627-.576.942-1.365.942-2.368v.01z\"><\/path><\/svg><\/span><span class=\"gb-text\">En tant que startup, nous avions besoin de moules personnalis\u00e9s en petites s\u00e9ries et rapidement. Ils nous ont livr\u00e9 des prototypes en 7 jours et une production compl\u00e8te en 30 jours - pas de MOQ, pas de tracas. Des sauveurs !<\/span><\/p>\n\n\n<div class=\"wp-block-image is-style-rounded\">\n<figure class=\"aligncenter size-large is-resized\"><img decoding=\"async\" src=\"https:\/\/library.generateblocks.com\/wp-content\/uploads\/2020\/07\/test-6.jpg\" alt=\"\" style=\"width:150px;height:150px\"\/><\/figure>\n<\/div>\n\n\n<p class=\"gb-text gb-text-9f4055c4\">Katerina Jules<\/p>\n\n\n\n<p class=\"gb-text gb-text-1d8a853e\">Responsable de la cha\u00eene d'approvisionnement, NovaThera Inc.<\/p>\n\n\n\n<p>                                        (USA)<\/p>\n<\/div>\n<\/div>\n<\/div>\n<\/div>\n<\/section>\n\n\n\n<p><\/p>","protected":false},"excerpt":{"rendered":"<p>\u00c0 propos de PharGlass PharGlass est l'un des principaux fabricants d'emballages pharmaceutiques en verre, sp\u00e9cialis\u00e9 dans les flacons, les ampoules et les fermetures sur mesure en verre borosilicat\u00e9 de type I. Avec plus de 5 ... <a title=\"A propos de nous\" class=\"read-more\" href=\"https:\/\/www.pharglass.com\/fr\/about-us\/\" aria-label=\"En savoir plus sur About us\">Lire plus<\/a><\/p>","protected":false},"author":1,"featured_media":0,"parent":0,"menu_order":0,"comment_status":"closed","ping_status":"closed","template":"","meta":{"footnotes":""},"class_list":["post-44","page","type-page","status-publish"],"_links":{"self":[{"href":"https:\/\/www.pharglass.com\/fr\/wp-json\/wp\/v2\/pages\/44","targetHints":{"allow":["GET"]}}],"collection":[{"href":"https:\/\/www.pharglass.com\/fr\/wp-json\/wp\/v2\/pages"}],"about":[{"href":"https:\/\/www.pharglass.com\/fr\/wp-json\/wp\/v2\/types\/page"}],"author":[{"embeddable":true,"href":"https:\/\/www.pharglass.com\/fr\/wp-json\/wp\/v2\/users\/1"}],"replies":[{"embeddable":true,"href":"https:\/\/www.pharglass.com\/fr\/wp-json\/wp\/v2\/comments?post=44"}],"version-history":[{"count":12,"href":"https:\/\/www.pharglass.com\/fr\/wp-json\/wp\/v2\/pages\/44\/revisions"}],"predecessor-version":[{"id":2121,"href":"https:\/\/www.pharglass.com\/fr\/wp-json\/wp\/v2\/pages\/44\/revisions\/2121"}],"wp:attachment":[{"href":"https:\/\/www.pharglass.com\/fr\/wp-json\/wp\/v2\/media?parent=44"}],"curies":[{"name":"wp","href":"https:\/\/api.w.org\/{rel}","templated":true}]}}