{"id":46,"date":"2022-02-13T16:45:10","date_gmt":"2022-02-13T16:45:10","guid":{"rendered":"https:\/\/clinic.wordifysites.com\/?page_id=46"},"modified":"2026-02-11T06:21:51","modified_gmt":"2026-02-11T06:21:51","slug":"services","status":"publish","type":"page","link":"https:\/\/www.pharglass.com\/fr\/services\/","title":{"rendered":"Services"},"content":{"rendered":"<section class=\"gb-element-e2febe20\">\n<h2 class=\"gb-text gb-text-7493936d\">Nos solutions d'emballage pharmaceutique<\/h2>\n\n\n\n<p class=\"gb-text gb-text-9f2f6d4a\">Nous fournissons des solutions d'emballage pharmaceutique fiables et performantes, adapt\u00e9es aux normes mondiales et aux besoins sp\u00e9cifiques des clients.<\/p>\n\n\n\n<div class=\"gb-element-30cd59ec\">\n<div class=\"gb-element-c5da431b\">\n<h3 class=\"gb-text\">Des solutions d'emballage compl\u00e8tes<\/h3>\n\n\n\n<p>Pour les fabricants de produits pharmaceutiques du monde entier, nous fournissons des mat\u00e9riaux d'emballage de haute qualit\u00e9, conformes et personnalisables afin de garantir la s\u00e9curit\u00e9, la stabilit\u00e9 et l'approbation r\u00e9glementaire des produits.<\/p>\n\n\n\n<a class=\"gb-text-0dad5c6c smooth-scroll\" href=\"#\"><span class=\"gb-text\">Explorer les produits<\/span><span class=\"gb-shape\"><svg viewbox=\"0 0 16 16\" class=\"bi bi-arrow-right\" height=\"16\" width=\"16\" xmlns=\"http:\/\/www.w3.org\/2000\/svg\">   <path d=\"M1 8a.5.5 0 0 1 .5-.5h11.793l-3.147-3.146a.5.5 0 0 1 .708-.708l4 4a.5.5 0 0 1 0 .708l-4 4a.5.5 0 0 1-.708-.708L13.293 8.5H1.5A.5.5 0 0 1 1 8z\"><\/path> <\/svg><\/span><\/a>\n<\/div>\n\n\n\n<div class=\"gb-element-df63880e\">\n<div class=\"gb-element-be894e41\">\n<div class=\"gb-element-d4eb86a6\">\n<h4 class=\"gb-text-eb0cdc0d\"><span class=\"gb-shape\"><svg viewbox=\"0 0 207.982 207.982\" xmlns=\"http:\/\/www.w3.org\/2000\/svg\"><path d=\"M150.348 143.036c-14.485-.002-27.802-4.789-37.499-13.479-10.38-9.303-16.097-22.685-16.097-37.679 0-9.854 2.191-19.692 6.335-28.451l.026-.054.026-.054 9.032-18.511-18.3-37.51c-4.748-9.731-18.616-9.731-23.364 0l-48.084 98.545c-5.562 11.754-8.402 24.816-8.402 37.792 0 40.243 30.52 64.346 68.167 64.346s68.167-24.103 68.167-64.346c.001-.199-.005-.399-.007-.599zm-96.912-33.581c-.154.204-15.334 20.717-11.938 48.308a5 5 0 0 1-4.969 5.611 5.001 5.001 0 0 1-4.957-4.39c-3.907-31.752 13.17-54.618 13.899-55.576a5.001 5.001 0 0 1 7.965 6.047zm135.15-41.752L157.829 4.668c-3.037-6.224-11.907-6.224-14.945 0l-25.148 51.54-5.609 11.495a54.85 54.85 0 0 0-1.936 4.694 55.882 55.882 0 0 0-1.328 4.071 57.384 57.384 0 0 0-2.11 15.41c0 .802.019 1.594.057 2.376.009.191.03.376.041.567.035.585.071 1.17.126 1.743.028.292.072.575.105.864.054.463.103.93.17 1.385.048.323.111.637.166.956.07.41.134.825.215 1.229.068.341.152.671.228 1.007.084.372.161.748.255 1.114.09.355.196.699.295 1.048.095.336.183.676.286 1.006.114.365.243.719.366 1.078.104.304.202.613.313.912.138.372.291.733.439 1.098.111.274.216.554.333.824.165.382.345.752.522 1.126.114.242.222.489.34.727.192.385.399.76.603 1.136.117.216.228.437.349.651.219.387.453.762.685 1.138.118.192.23.388.351.578.249.389.512.765.774 1.143.116.167.226.338.344.503.279.389.572.765.866 1.142.112.143.218.291.332.433.312.388.636.763.962 1.138.105.121.206.245.312.365.344.385.701.758 1.06 1.128.097.1.19.203.288.302.376.379.765.745 1.157 1.108.089.082.174.168.264.249.409.371.83.73 1.255 1.083.079.065.155.134.234.199.445.364.901.715 1.362 1.06.064.048.126.099.191.146.476.351.962.689 1.455 1.019.056.037.109.077.165.114.508.337 1.026.661 1.551.976l.127.079c.541.322 1.092.631 1.651.93l.086.047a42.174 42.174 0 0 0 1.794.9 45.14 45.14 0 0 0 1.821.811l.027.012c5.634 2.353 11.954 3.621 18.641 3.698h.006c.214.002.425.013.639.013 24.082 0 43.604-15.417 43.604-41.159-.006-8.304-1.822-16.659-5.38-24.177zm-50.879 3.394c-.123.165-9.361 12.75-7.288 29.597a5 5 0 0 1-4.969 5.611 5.001 5.001 0 0 1-4.957-4.39c-2.588-21.03 8.762-36.224 9.246-36.86a5 5 0 0 1 7.968 6.042z\"><\/path><\/svg><\/span><span class=\"gb-text\">Flacons pharmaceutiques en verre<\/span><\/h4>\n<\/div>\n\n\n\n<div class=\"gb-element-8c9aa7cf\">\n<h4 class=\"gb-text-dfe35405\"><span class=\"gb-shape\"><svg viewbox=\"0 0 511.999 511.999\" xmlns=\"http:\/\/www.w3.org\/2000\/svg\"><path d=\"M426.412 19.559h-46.803a6.813 6.813 0 0 0-6.815 6.815c.001 8.546-.001 28.545-.001 75.844 0 22.583-18.306 40.893-40.889 40.893H180.096c-22.583 0-40.889-18.312-40.889-40.893 0-47.302-.003-67.301-.001-75.845a6.813 6.813 0 0 0-6.815-6.815H85.587c-11.291 0-20.445 9.154-20.445 20.445v451.552c0 11.291 9.154 20.445 20.445 20.445h340.824c11.291 0 20.445-9.154 20.445-20.445V40.003c0-11.291-9.154-20.444-20.444-20.444zM237.128 429.336c0 11.291-9.154 20.445-20.445 20.445H151.26c-11.291 0-20.445-9.154-20.445-20.445v-65.423c0-11.291 9.154-20.445 20.445-20.445h65.423c11.291 0 20.445 9.154 20.445 20.445v65.423zm0-147.201c0 11.291-9.154 20.445-20.445 20.445H151.26c-11.291 0-20.445-9.154-20.445-20.445v-65.423c0-11.291 9.154-20.445 20.445-20.445h65.423c11.291 0 20.445 9.154 20.445 20.445v65.423zm123.61 134.934h-73.6c-11.291 0-20.445-9.154-20.445-20.445s9.154-20.445 20.445-20.445h73.6c11.291 0 20.445 9.154 20.445 20.445s-9.154 20.445-20.445 20.445zm0-147.201h-73.6c-11.291 0-20.445-9.154-20.445-20.445s9.154-20.445 20.445-20.445h73.6c11.291 0 20.445 9.154 20.445 20.445 0 11.292-9.154 20.445-20.445 20.445z\"><\/path><path d=\"M180.095 122.667h151.808c11.291 0 20.445-9.154 20.445-20.445V20.445C352.348 9.154 343.194 0 331.903 0H180.095c-11.291 0-20.445 9.154-20.445 20.445v81.778c.001 11.291 9.155 20.444 20.445 20.444z\"><\/path><\/svg><\/span><span class=\"gb-text\">Bouchons et joints en caoutchouc<\/span><\/h4>\n<\/div>\n\n\n\n<div class=\"gb-element-576020a4\">\n<h4 class=\"gb-text-705c5b08\"><span class=\"gb-shape\"><svg viewbox=\"0 0 500.004 500.004\" xmlns=\"http:\/\/www.w3.org\/2000\/svg\"><path d=\"M179.651 11.496c-30.156 0-54.688 24.532-54.688 54.688s24.532 54.688 54.688 54.688 54.696-24.532 54.696-54.688c0-30.156-24.54-54.688-54.696-54.688zm0 85.928c-17.228 0-31.244-14.012-31.244-31.24 0-17.228 14.016-31.244 31.244-31.244 17.232 0 31.248 14.016 31.248 31.244s-14.016 31.24-31.248 31.24zM465.459 373.364c-31.284-53.312-81.288-92.836-140.8-111.292a3.893 3.893 0 0 0-3.9.952c-27.684 27.296-62.084 48.592-70.688 53.736-9.18-5.868-47.844-31.072-70.836-53.736a3.893 3.893 0 0 0-3.9-.952c-59.52 18.46-109.52 57.984-140.792 111.296a3.911 3.911 0 0 0 0 3.956c44.408 75.672 126.964 122.68 215.452 122.68 88.492 0 171.052-47.008 215.46-122.68a3.89 3.89 0 0 0 .004-3.96zm-82.584 29.144c0 2.156-2.052 3.804-4.204 3.804h-26.46c-2.156 0-4.508 1.852-4.508 4.012v27.364c0 2.152-1.152 3.796-3.308 3.796h-23.764c-2.156 0-4.188-1.644-4.188-3.796v-27.364c-.008-2.156-1.48-4.012-3.636-4.012h-27.6c-2.156 0-3.94-1.652-3.94-3.804v-23.56c0-2.156 1.784-3.896 3.94-3.896h27.6c2.156 0 3.628-1.76 3.628-3.92v-27.396c0-2.156 2.032-3.856 4.188-3.856h23.508c2.152 0 3.568 1.7 3.568 3.856v27.476c0 2.16 2.088 3.836 4.248 3.836h26.724c2.152 0 4.204 1.824 4.204 3.98v23.48z\"><\/path><path d=\"M249.995 0c-27.172 0-51.772 11.16-69.5 29.12 20.064.456 36.256 16.888 36.256 37.064 0 20.46-16.64 37.104-37.1 37.104-10.712 0-20.344-4.592-27.132-11.88a105.998 105.998 0 0 0-.212 6.304v50.62c0 53.876 43.82 97.708 97.696 97.708 53.88 0 97.696-43.832 97.696-97.712v-50.62C347.699 43.832 303.875 0 249.995 0z\"><\/path><path d=\"M179.651 54.644c-6.36 0-11.54 5.176-11.54 11.54 0 6.364 5.18 11.54 11.54 11.54 6.368 0 11.54-5.176 11.54-11.54 0-6.364-5.172-11.54-11.54-11.54z\"><\/path><\/svg><\/span><span class=\"gb-text\">Capuchons en aluminium et en plastique<\/span><\/h4>\n<\/div>\n\n\n\n<div class=\"gb-element-843a3023\">\n<h4 class=\"gb-text-cfe120bc\"><span class=\"gb-shape\"><svg viewbox=\"0 0 297 297\" xmlns=\"http:\/\/www.w3.org\/2000\/svg\"><path d=\"M179.293 23.839c-64.904 0-117.707 52.804-117.707 117.707 0 1.832.056 3.651.14 5.463H9.933c-5.486 0-9.933 4.448-9.933 9.933v46.189c0 5.486 4.448 9.933 9.933 9.933h22.349v43.209h-6.953a8.443 8.443 0 1 0 0 16.886h30.793a8.443 8.443 0 1 0 0-16.886h-6.953v-43.209h36.713c21.533 28.059 55.39 46.189 93.411 46.189 64.904 0 117.707-52.804 117.707-117.707S244.196 23.839 179.293 23.839zM19.866 166.876h213.087c-5.257 11.091-13.854 20.295-24.483 26.323H19.866v-26.323zm100.076-25.329c0-32.726 26.624-59.35 59.35-59.35s59.35 26.624 59.35 59.35c0 1.843-.096 3.663-.261 5.463H120.206c-.166-1.8-.264-3.62-.264-5.463zm59.351 97.841c-25.75 0-49.202-10.003-66.689-26.323h32.684a78.678 78.678 0 0 0 34.005 7.698c43.68 0 79.217-35.536 79.217-79.217S222.973 62.33 179.293 62.33s-79.217 35.536-79.217 79.217c0 1.839.086 3.657.214 5.463H81.611a97.931 97.931 0 0 1-.16-5.463c0-48.871 36.016-89.488 82.901-96.702a8.386 8.386 0 0 0-1.201 4.324 8.443 8.443 0 0 0 8.443 8.443h15.396a8.443 8.443 0 0 0 8.443-8.443 8.386 8.386 0 0 0-1.201-4.324c46.884 7.214 82.901 47.83 82.901 96.702.001 53.95-43.89 97.841-97.84 97.841z\"><\/path><\/svg><\/span><span class=\"gb-text\">Solutions d'emballage personnalis\u00e9es<\/span><\/h4>\n<\/div>\n\n\n\n<div class=\"gb-element-e536788a\">\n<h4 class=\"gb-text-90b4e80b\"><span class=\"gb-shape\"><svg viewbox=\"0 0 64 64\" class=\"iconify iconify--medical-icon\" aria-hidden=\"true\" xmlns=\"http:\/\/www.w3.org\/2000\/svg\"><path fill=\"currentColor\" d=\"M5.482 33.956h5.547c.421 0 .811.21 1.043.556 0 0 1.057 1.596 2.112 3.179.585-5.186 2.622-23.314 2.622-23.314.07-.598.561-1.07 1.171-1.105a1.245 1.245 0 0 1 1.287.956s2.656 11.137 3.913 16.399l1.663-4.708a1.248 1.248 0 0 1 2.35-.014s2.467 6.701 2.961 8.051h4.814c.421 0 .811.21 1.042.556 0 0 1.058 1.596 2.111 3.18.587-5.186 2.624-23.314 2.624-23.314a1.25 1.25 0 0 1 2.458-.149l3.911 16.399 1.666-4.708a1.247 1.247 0 0 1 2.348-.014s2.47 6.701 2.963 8.051h4.92l.262-.5c2.39-4.112 4.135-11.726 4.135-17.271 0-7.075-5.149-15.621-15.183-15.621-14.338 0-16.181 13.431-16.181 13.431S30.263.63 15.934.63C6.254.63 1.061 8.866 1.061 16.186c0 6.322 2.768 14.126 4.186 17.331l.235.439z\"><\/path><path fill=\"currentColor\" d=\"M53.216 36.456c-.526 0-.993-.329-1.172-.818l-2.068-5.617-1.915 5.432c-.185.523-.69.862-1.243.829a1.238 1.238 0 0 1-1.149-.958l-3.238-13.567-2.208 19.623a1.247 1.247 0 0 1-.951 1.072 1.248 1.248 0 0 1-1.334-.521s-3.03-4.561-3.642-5.476H29.28a1.25 1.25 0 0 1-1.171-.818l-2.068-5.616a4924.56 4924.56 0 0 0-1.92 5.432 1.24 1.24 0 0 1-1.243.829 1.248 1.248 0 0 1-1.153-.958l-3.232-13.558-2.207 19.614a1.248 1.248 0 0 1-.95 1.072 1.25 1.25 0 0 1-1.335-.521s-3.03-4.561-3.642-5.476H6.84c8.964 15.927 25.201 26.417 25.201 26.417S48.572 52.38 57.679 36.455h-4.462z\"><\/path><\/svg><\/span><span class=\"gb-text\">Fioles et ampoules \u00e0 vide<\/span><\/h4>\n<\/div>\n\n\n\n<div class=\"gb-element-3625848d\">\n<h4 class=\"gb-text-3a4b6273\"><span class=\"gb-shape\"><svg viewbox=\"0 0 256 256\" xmlns=\"http:\/\/www.w3.org\/2000\/svg\"><path d=\"M122.2 68.1c-13.1 0-23.8-10.6-23.8-23.8s10.7-23.8 23.8-23.8c13.2 0 23.8 10.6 23.8 23.8s-10.7 23.8-23.8 23.8m72.5 160.6H4.9c-5.3 0-4.8 4.2-4.8 4.2v7S-.4 249 9 249h237.7c9.4 0 8.9-8.9 8.9-8.9v-19.4s-.8-6.1-8-6.1h-23.2c-8 .1-14.5 14.1-29.7 14.1m18.5-42.9c0 11.8 9.6 21.4 21.5 21.4 11.8 0 21.5-9.6 21.5-21.4 0-11.9-9.6-21.4-21.5-21.4s-21.5 9.6-21.5 21.4M143.1 145c-1.4 4.3-4.6 7.8-9.2 9.5l-19.1 7.1 7 7H154v-49.4l-10.8 25.5c.1.1 0 .2-.1.3m46.3 35.3h-66.7l-16.1-15.7-11.2 4.1c-8.3 3-18.4-1.6-21.5-9.8-1.8-5.1-1.6-10.8 1.5-15-1.4-.1-40.4 0-40.4 0-6.5 0-11.8 5.2-11.8 11.7 0 6.5 5.3 11.6 11.8 11.6h39.8l15.8 23.9-81.4 6.6C4 198.9.1 203.6.1 209.1c0 6.5 5.2 11.8 11.7 11.8h91.4c-1.6-2.6-2.6-5.6-2.6-8.8 0-9.3 7.6-16.9 16.9-16.9H154l29.6-6.2 1.6 7.9-30.4 6.4h-37.4c-4.9 0-8.8 3.9-8.8 8.8 0 4.8 3.9 8.7 8.6 8.8h72.3c11.2-.1 20.2-9.1 20.2-20.3 0-11.2-9-20.3-20.3-20.3m-58.6-32.4c2.4-.9 4.4-2.8 5.4-5.1L153 102c3.7-9.4.2-27.6-18-27.6h-32.1c-8.9 0-13.7 3.4-15.8 5.5-1.6 1.6-51.6 56.5-51.6 56.5h28.6l25.3-27.6V135l25.8-9.5 8.9-21.4 6.8 2.5-10.5 25-33.9 12.8c-4.7 2.1-6.9 7.6-4.8 12.3 2.1 4.7 7.6 6.8 12.3 4.8l36.8-13.6z\"><\/path><\/svg><\/span><span class=\"gb-text\">Syst\u00e8mes d'emballage st\u00e9rile<\/span><\/h4>\n<\/div>\n\n\n\n<div class=\"gb-element-584e27d4\">\n<h4 class=\"gb-text-e3fd98d7\"><span class=\"gb-shape\"><svg viewbox=\"0 0 231 231\" xmlns=\"http:\/\/www.w3.org\/2000\/svg\"><path d=\"M217 167.821v-6.753c0-47.321-32.673-87.143-76.852-98.078.117-.978.268-1.97.268-2.979 0-13.693-11.098-24.833-24.791-24.833s-24.813 11.14-24.813 24.833c0 1.036-.085 2.055.039 3.058C46.835 74.118 14 113.863 14 161.068v6.753H0v28h231v-28h-14zM105.833 60.012c0-5.422 4.411-9.833 9.834-9.833 5.422 0 9.833 4.411 9.833 9.833 0 .155-.016.306-.023.459a102.812 102.812 0 0 0-9.643-.459c-3.366 0-6.693.168-9.976.488-.008-.163-.025-.323-.025-.488z\"><\/path><\/svg><\/span><span class=\"gb-text\">Fabrication OEM\/ODM<\/span><\/h4>\n<\/div>\n\n\n\n<div class=\"gb-element-5294429e\">\n<h4 class=\"gb-text-b7757870\"><span class=\"gb-shape\"><svg viewbox=\"0 0 64 64\" class=\"iconify iconify--medical-icon\" aria-hidden=\"true\" xmlns=\"http:\/\/www.w3.org\/2000\/svg\"><path fill=\"currentColor\" d=\"M32.119 34.179c4.725 0 6.916 3.587 7.378 8.679.109 1.219-.005 2.995-.161 5.053-.531 6.836-1.142 15.236 3.41 15.236 3.849 0 5.827-7.386 6.968-15.804 1.102-8.334-.065-12.481.508-16.181 1.094-7.011 7.215-13.297 5.324-22.237-1.047-4.959-3.777-7.292-6.483-8.272-6.231-2.268-10.255 2.102-16.946 2.102-6.691 0-10.714-4.37-16.948-2.102-2.703.98-5.433 3.313-6.482 8.272-1.889 8.939 4.229 15.226 5.326 22.237.573 3.7-.593 7.847.509 16.181 1.141 8.419 3.119 15.804 6.968 15.804 4.549 0 3.942-8.4 3.41-15.236-.156-2.057-.271-3.834-.162-5.053.46-5.092 2.682-8.679 7.379-8.679z\"><\/path><\/svg><\/span><span class=\"gb-text\">Soutien \u00e0 la conformit\u00e9 r\u00e9glementaire<\/span><\/h4>\n<\/div>\n<\/div>\n<\/div>\n<\/div>\n<\/section>\n\n\n\n<section class=\"gb-element-e69dc67a\">\n<div class=\"gb-element-c0230c9d\">\n<h2 class=\"gb-text gb-text-0aec95d9\">Pourquoi choisir PharGlass ?<\/h2>\n\n\n\n<p>Chez PharGlass, nous combinons une technologie de fabrication avanc\u00e9e avec un contr\u00f4le de qualit\u00e9 strict pour fournir des solutions d'emballage pharmaceutique fiables qui r\u00e9pondent aux normes mondiales.<\/p>\n\n\n\n<p class=\"gb-text-6a811b47\"><span class=\"gb-shape\"><svg viewbox=\"0 0 16 16\" class=\"bi bi-check2-square\" height=\"16\" width=\"16\" xmlns=\"http:\/\/www.w3.org\/2000\/svg\">   <path d=\"M3 14.5A1.5 1.5 0 0 1 1.5 13V3A1.5 1.5 0 0 1 3 1.5h8a.5.5 0 0 1 0 1H3a.5.5 0 0 0-.5.5v10a.5.5 0 0 0 .5.5h10a.5.5 0 0 0 .5-.5V8a.5.5 0 0 1 1 0v5a1.5 1.5 0 0 1-1.5 1.5H3z\"><\/path>   <path d=\"m8.354 10.354 7-7a.5.5 0 0 0-.708-.708L8 9.293 5.354 6.646a.5.5 0 1 0-.708.708l3 3a.5.5 0 0 0 .708 0z\"><\/path> <\/svg><\/span><span class=\"gb-text\">Flacons en verre de qualit\u00e9 sup\u00e9rieure pour les produits injectables et biologiques<\/span><\/p>\n\n\n\n<p class=\"gb-text-531def80\"><span class=\"gb-shape\"><svg viewbox=\"0 0 16 16\" class=\"bi bi-check2-square\" height=\"16\" width=\"16\" xmlns=\"http:\/\/www.w3.org\/2000\/svg\">   <path d=\"M3 14.5A1.5 1.5 0 0 1 1.5 13V3A1.5 1.5 0 0 1 3 1.5h8a.5.5 0 0 1 0 1H3a.5.5 0 0 0-.5.5v10a.5.5 0 0 0 .5.5h10a.5.5 0 0 0 .5-.5V8a.5.5 0 0 1 1 0v5a1.5 1.5 0 0 1-1.5 1.5H3z\"><\/path>   <path d=\"m8.354 10.354 7-7a.5.5 0 0 0-.708-.708L8 9.293 5.354 6.646a.5.5 0 1 0-.708.708l3 3a.5.5 0 0 0 .708 0z\"><\/path> <\/svg><\/span><span class=\"gb-text\">Bouchons en caoutchouc haute performance avec d'excellentes propri\u00e9t\u00e9s d'\u00e9tanch\u00e9it\u00e9<\/span><\/p>\n\n\n\n<p class=\"gb-text-aa5bb22f\"><span class=\"gb-shape\"><svg viewbox=\"0 0 16 16\" class=\"bi bi-check2-square\" height=\"16\" width=\"16\" xmlns=\"http:\/\/www.w3.org\/2000\/svg\">   <path d=\"M3 14.5A1.5 1.5 0 0 1 1.5 13V3A1.5 1.5 0 0 1 3 1.5h8a.5.5 0 0 1 0 1H3a.5.5 0 0 0-.5.5v10a.5.5 0 0 0 .5.5h10a.5.5 0 0 0 .5-.5V8a.5.5 0 0 1 1 0v5a1.5 1.5 0 0 1-1.5 1.5H3z\"><\/path>   <path d=\"m8.354 10.354 7-7a.5.5 0 0 0-.708-.708L8 9.293 5.354 6.646a.5.5 0 1 0-.708.708l3 3a.5.5 0 0 0 .708 0z\"><\/path> <\/svg><\/span><span class=\"gb-text\">Bouchons en plastique d'aluminium sur mesure pour des conceptions d'inviolabilit\u00e9 et de s\u00e9curit\u00e9 pour les enfants<\/span><\/p>\n\n\n\n<a class=\"gb-text-f0822408 smooth-scroll\" href=\"#\"><span class=\"gb-text\">En savoir plus<\/span><span class=\"gb-shape\"><svg viewbox=\"0 0 16 16\" class=\"bi bi-arrow-right\" height=\"16\" width=\"16\" xmlns=\"http:\/\/www.w3.org\/2000\/svg\">   <path d=\"M1 8a.5.5 0 0 1 .5-.5h11.793l-3.147-3.146a.5.5 0 0 1 .708-.708l4 4a.5.5 0 0 1 0 .708l-4 4a.5.5 0 0 1-.708-.708L13.293 8.5H1.5A.5.5 0 0 1 1 8z\"><\/path> <\/svg><\/span><\/a>\n<\/div>\n\n\n\n<div class=\"gb-element-a7739c71\">\n<h2 class=\"gb-text gb-text-27fb634f\">Nous sommes sp\u00e9cialis\u00e9s dans<\/h2>\n\n\n\n<div class=\"gb-element-28aa4b6e\">\n<p class=\"gb-text gb-text-577f15de\">Flacons pharmaceutiques en verre<\/p>\n\n\n\n<p class=\"gb-text gb-text-da17e9e9\">95%<\/p>\n<\/div>\n\n\n\n<div class=\"gb-element-f197d2a6\">\n<p class=\"gb-text gb-text-14939cc5\">Fabrication de bouchons en caoutchouc<\/p>\n\n\n\n<p class=\"gb-text gb-text-d1a93ba2\">90%<\/p>\n<\/div>\n\n\n\n<div class=\"gb-element-e871fdea\">\n<p class=\"gb-text gb-text-0abe30b3\">Capuchons en aluminium et en plastique<\/p>\n\n\n\n<p class=\"gb-text gb-text-1a80f5d7\">85%<\/p>\n<\/div>\n<\/div>\n<\/section>\n\n\n\n<section class=\"gb-element-70509032\">\n<div class=\"gb-element-6ed92894\">\n<div class=\"gb-element-7232c790\">\n<h2 class=\"gb-text\">Powered by Precision Engineering<\/h2>\n\n\n\n<p class=\"gb-text gb-text-df25fba0\">Mauris sed ex quam. Nulla neque nisl, sagittis nec pulvinar eget, efficitur eu dui. Aenean pharetra nisi libero, at molestie quam ultricies vel.<\/p>\n\n\n\n<div class=\"gb-element-1ad5a4f6\">\n<div class=\"gb-element-f87d3d1a\">\n<h3 class=\"gb-text-b4097810\"><span class=\"gb-shape\"><svg viewbox=\"0 0 512 512\" xmlns=\"http:\/\/www.w3.org\/2000\/svg\"><path d=\"M503.467 396.8H315.733a8.513 8.513 0 0 0-6.033 2.5l-14.566 14.566h-78.268L202.3 399.3a8.513 8.513 0 0 0-6.033-2.5H8.533A8.536 8.536 0 0 0 0 405.333v30.549c0 16.094 13.099 29.184 29.193 29.184h453.615c16.094 0 29.193-13.099 29.193-29.193v-30.541c-.001-4.709-3.824-8.532-8.534-8.532zM256 216.303l30.72-17.553 20.48-11.699v-58.368L256 99.43l-51.2 29.252v58.368l20.48 11.699L256 216.303zm-34.133-41.37v-31.394a8.535 8.535 0 0 1 5.094-7.808l25.6-11.273c4.309-1.894 9.353.051 11.247 4.369a8.523 8.523 0 0 1-4.369 11.247l-20.506 9.037v25.822c0 4.71-3.823 8.533-8.533 8.533s-8.533-3.822-8.533-8.533zM264.535 231.083v58.368l51.2 29.252 51.2-29.252v-58.368l-51.2-29.252-30.72 17.553-20.48 11.699zm47.761-4.224c4.301-1.911 9.353.06 11.247 4.369a8.523 8.523 0 0 1-4.369 11.247l-20.506 9.037v25.822c0 4.71-3.823 8.533-8.533 8.533s-8.533-3.823-8.533-8.533V245.94a8.535 8.535 0 0 1 5.094-7.808l25.6-11.273zM247.467 289.451v-58.368l-20.48-11.699-30.72-17.553-51.2 29.252v58.368l51.2 29.252 51.2-29.252zM179.2 277.333c0 4.71-3.823 8.533-8.533 8.533s-8.533-3.823-8.533-8.533v-31.394a8.535 8.535 0 0 1 5.094-7.808l25.6-11.273c4.318-1.911 9.353.06 11.247 4.369a8.523 8.523 0 0 1-4.369 11.247l-20.506 9.037v25.822z\"><\/path><path d=\"M34.133 379.733h158.601L207.3 394.3a8.513 8.513 0 0 0 6.033 2.5h85.333a8.513 8.513 0 0 0 6.033-2.5l14.566-14.566h158.601a8.536 8.536 0 0 0 8.533-8.533V74.274c0-15.078-11.529-27.341-25.702-27.341H51.302c-14.174 0-25.702 12.262-25.702 27.341V371.2a8.536 8.536 0 0 0 8.533 8.533zm153.6-256a8.521 8.521 0 0 1 4.301-7.407l59.733-34.133a8.514 8.514 0 0 1 8.465 0l59.733 34.133a8.522 8.522 0 0 1 4.301 7.407v63.317l55.433 31.676a8.523 8.523 0 0 1 4.301 7.407V294.4a8.521 8.521 0 0 1-4.301 7.407l-59.733 34.133a8.521 8.521 0 0 1-8.465 0L256 304.23l-55.501 31.71a8.521 8.521 0 0 1-8.466 0L132.3 301.807a8.523 8.523 0 0 1-4.301-7.407v-68.267a8.521 8.521 0 0 1 4.301-7.407l55.433-31.676v-63.317zM68.267 81.067h68.267c4.71 0 8.533 3.823 8.533 8.533s-3.823 8.533-8.533 8.533H68.267c-4.71 0-8.533-3.823-8.533-8.533s3.822-8.533 8.533-8.533zm0 34.133h42.667c4.71 0 8.533 3.823 8.533 8.533s-3.823 8.533-8.533 8.533H68.267c-4.71 0-8.533-3.823-8.533-8.533s3.822-8.533 8.533-8.533z\"><\/path><\/svg><\/span><span class=\"gb-text\">Lignes automatis\u00e9es de soufflage de verre<\/span><\/h3>\n\n\n\n<p class=\"gb-text gb-text-bad857d4\">Des lignes de production enti\u00e8rement automatis\u00e9es et \u00e0 haut rendement garantissent une pr\u00e9cision dimensionnelle constante et une clart\u00e9 de verre sup\u00e9rieure pour chaque bouteille.<\/p>\n<\/div>\n\n\n\n<div class=\"gb-element-bbe18271\">\n<h3 class=\"gb-text-e4713154\"><span class=\"gb-shape\"><svg viewbox=\"0 0 100 100\" xmlns=\"http:\/\/www.w3.org\/2000\/svg\"><path d=\"M27.953 46.506a21.02 21.02 0 0 1-2.117-9.192c0-1.743.252-3.534.768-5.468.231-.87.521-1.702.847-2.509-1.251-.683-2.626-1.103-4.101-1.103-5.47 0-9.898 5.153-9.898 11.517 0 4.452 2.176 8.305 5.354 10.222L5.391 56.217c-.836.393-1.387 1.337-1.387 2.392v10.588c0 1.419.991 2.569 2.21 2.569h7.929v-11.11c0-3.237 1.802-6.172 4.599-7.481l10.262-4.779a20.2 20.2 0 0 1-1.051-1.89zM60.137 34.801h34.092V34.8l.006.001c.973 0 1.761-.789 1.761-1.761v-6.431c0-.973-.789-1.761-1.761-1.761l-.006.001v-.005H56.133a20.013 20.013 0 0 1 3.526 7.435c.215.889.371 1.72.478 2.522zM95.996 66.436c0-.973-.789-1.761-1.761-1.761l-.006.001v-.005H72.007v9.089c0 .293-.016.582-.045.867h22.267v-.001l.006.001c.973 0 1.761-.789 1.761-1.761V66.436zM94.235 44.762l-.006.001v-.005H58.944c-.159.419-.327.836-.514 1.249a20.258 20.258 0 0 1-1.224 2.297l10.288 4.908a7.67 7.67 0 0 1 2.078 1.503h24.657v-.001l.006.001c.973 0 1.761-.789 1.761-1.761v-6.431c0-.973-.789-1.761-1.761-1.761z\"><\/path><path d=\"m65.323 57.702-11.551-5.51-4.885-2.33c2.134-1.344 3.866-3.418 5-5.917a16.045 16.045 0 0 0 1.435-6.631c0-1.348-.213-2.627-.512-3.863-1.453-5.983-6.126-10.392-11.736-10.392-5.504 0-10.106 4.251-11.648 10.065-.356 1.333-.602 2.72-.602 4.189 0 2.552.596 4.93 1.609 7 1.171 2.4 2.906 4.379 5.018 5.651l-4.678 2.178-11.926 5.554c-1.037.485-1.717 1.654-1.717 2.959V73.76c0 1.756 1.224 3.181 2.735 3.181h42.417c1.511 0 2.735-1.424 2.735-3.181V60.656c.002-1.301-.668-2.458-1.694-2.954z\"><\/path><\/svg><\/span><span class=\"gb-text\">Inspection de la qualit\u00e9 en temps r\u00e9el<\/span><\/h3>\n\n\n\n<p class=\"gb-text gb-text-c3682f13\">Les syst\u00e8mes de vision aliment\u00e9s par l'IA inspectent chaque unit\u00e9 en temps r\u00e9el, d\u00e9tectant instantan\u00e9ment les microfissures, les \u00e9carts dimensionnels et les d\u00e9fauts de surface.<\/p>\n<\/div>\n\n\n\n<div class=\"gb-element-9800afe2\">\n<h3 class=\"gb-text-32679782\"><span class=\"gb-shape\"><svg aria-hidden=\"true\" role=\"img\" height=\"1em\" width=\"1em\" viewbox=\"0 0 512 512\" xmlns=\"http:\/\/www.w3.org\/2000\/svg\"><path fill=\"currentColor\" d=\"M466.5 83.7l-192-80a48.15 48.15 0 0 0-36.9 0l-192 80C27.7 91.1 16 108.6 16 128c0 198.5 114.5 335.7 221.5 380.3 11.8 4.9 25.1 4.9 36.9 0C360.1 472.6 496 349.3 496 128c0-19.4-11.7-36.9-29.5-44.3zM256.1 446.3l-.1-381 175.9 73.3c-3.3 151.4-82.1 261.1-175.8 307.7z\"><\/path><\/svg><\/span><span class=\"gb-text\">Environnement de production conforme aux BPF<\/span><\/h3>\n\n\n\n<p class=\"gb-text gb-text-595500ae\">Nos salles blanches sont conformes aux normes OMS-GMP et ISO 14644, garantissant une fabrication sans contamination, de la mati\u00e8re premi\u00e8re au produit fini.<\/p>\n<\/div>\n\n\n\n<div class=\"gb-element-64784df4\">\n<h3 class=\"gb-text-44be408f\"><span class=\"gb-shape\"><svg viewbox=\"0 0 512.005 512.005\" xmlns=\"http:\/\/www.w3.org\/2000\/svg\"><path d=\"M426.668 21.336A21.264 21.264 0 0 0 415.66 2.691c-6.741-3.797-15.061-3.541-21.632.555L228.545 106.669H106.668c-11.797 0-21.333 9.557-21.333 21.333v256c0 3.605 1.109 6.827 2.688 9.813L426.668 55.17V21.336zM136.835 405.338h91.712L394.03 508.762a21.332 21.332 0 0 0 21.632.576 21.324 21.324 0 0 0 11.008-18.667V115.503L136.835 405.338z\"><\/path><\/svg><\/span><span class=\"gb-text\">Technologie de scellement de haute pr\u00e9cision<\/span><\/h3>\n\n\n\n<p class=\"gb-text gb-text-85895c45\">Des processus avanc\u00e9s de scellement des bouchons et des capsules garantissent une compatibilit\u00e9 parfaite, une \u00e9tanch\u00e9it\u00e9 et une stabilit\u00e9 \u00e0 long terme des m\u00e9dicaments.<\/p>\n<\/div>\n<\/div>\n\n\n\n<a class=\"gb-button gb-button-26019cb9 smooth-scroll\" href=\"https:\/\/sites.generatepress.com\/clinic\/departments\/\" target=\"_blank\" rel=\"noopener\"><span class=\"gb-button-text\">Voir les d\u00e9partements<\/span><span class=\"gb-icon\"><svg viewbox=\"0 0 16 16\" class=\"bi bi-arrow-right\" height=\"16\" width=\"16\" xmlns=\"http:\/\/www.w3.org\/2000\/svg\">   <path d=\"M1 8a.5.5 0 0 1 .5-.5h11.793l-3.147-3.146a.5.5 0 0 1 .708-.708l4 4a.5.5 0 0 1 0 .708l-4 4a.5.5 0 0 1-.708-.708L13.293 8.5H1.5A.5.5 0 0 1 1 8z\"><\/path> <\/svg><\/span><\/a>\n<\/div>\n\n\n\n<div class=\"gb-element-f416bb06\">\n<img loading=\"lazy\" decoding=\"async\" width=\"1024\" height=\"683\" class=\"gb-media-33056477\" src=\"https:\/\/sites.generatepress.com\/clinic\/wp-content\/uploads\/sites\/114\/2022\/02\/national-cancer-institute-mBrfAiw_CZA-unsplash-1024x683.jpg\" srcset=\"https:\/\/www.pharglass.com\/wp-content\/uploads\/2022\/02\/national-cancer-institute-mBrfAiw_CZA-unsplash-1024x683.jpg 1024w, https:\/\/www.pharglass.com\/wp-content\/uploads\/2022\/02\/national-cancer-institute-mBrfAiw_CZA-unsplash-300x200.jpg 300w, https:\/\/www.pharglass.com\/wp-content\/uploads\/2022\/02\/national-cancer-institute-mBrfAiw_CZA-unsplash-768x512.jpg 768w, https:\/\/www.pharglass.com\/wp-content\/uploads\/2022\/02\/national-cancer-institute-mBrfAiw_CZA-unsplash-1536x1024.jpg 1536w, https:\/\/www.pharglass.com\/wp-content\/uploads\/2022\/02\/national-cancer-institute-mBrfAiw_CZA-unsplash.jpg 1920w\" sizes=\"auto, (max-width: 1024px) 100vw, 1024px\" \/>\n<\/div>\n<\/div>\n<\/section>","protected":false},"excerpt":{"rendered":"<p>Nos solutions d'emballage pharmaceutique Nous fournissons des solutions d'emballage pharmaceutique fiables et performantes, adapt\u00e9es aux normes mondiales et aux besoins sp\u00e9cifiques de nos clients. Des solutions d'emballage compl\u00e8tes Pour les fabricants de produits pharmaceutiques ... <a title=\"Services\" class=\"read-more\" href=\"https:\/\/www.pharglass.com\/fr\/services\/\" aria-label=\"En savoir plus sur Services\">Lire plus<\/a><\/p>","protected":false},"author":1,"featured_media":0,"parent":0,"menu_order":0,"comment_status":"closed","ping_status":"closed","template":"","meta":{"footnotes":""},"class_list":["post-46","page","type-page","status-publish"],"_links":{"self":[{"href":"https:\/\/www.pharglass.com\/fr\/wp-json\/wp\/v2\/pages\/46","targetHints":{"allow":["GET"]}}],"collection":[{"href":"https:\/\/www.pharglass.com\/fr\/wp-json\/wp\/v2\/pages"}],"about":[{"href":"https:\/\/www.pharglass.com\/fr\/wp-json\/wp\/v2\/types\/page"}],"author":[{"embeddable":true,"href":"https:\/\/www.pharglass.com\/fr\/wp-json\/wp\/v2\/users\/1"}],"replies":[{"embeddable":true,"href":"https:\/\/www.pharglass.com\/fr\/wp-json\/wp\/v2\/comments?post=46"}],"version-history":[{"count":8,"href":"https:\/\/www.pharglass.com\/fr\/wp-json\/wp\/v2\/pages\/46\/revisions"}],"predecessor-version":[{"id":1933,"href":"https:\/\/www.pharglass.com\/fr\/wp-json\/wp\/v2\/pages\/46\/revisions\/1933"}],"wp:attachment":[{"href":"https:\/\/www.pharglass.com\/fr\/wp-json\/wp\/v2\/media?parent=46"}],"curies":[{"name":"wp","href":"https:\/\/api.w.org\/{rel}","templated":true}]}}