{"id":48,"date":"2022-02-13T16:45:19","date_gmt":"2022-02-13T16:45:19","guid":{"rendered":"https:\/\/clinic.wordifysites.com\/?page_id=48"},"modified":"2026-03-02T07:59:59","modified_gmt":"2026-03-02T07:59:59","slug":"product-list","status":"publish","type":"page","link":"https:\/\/www.pharglass.com\/fr\/product-list\/","title":{"rendered":"Produits"},"content":{"rendered":"<section class=\"gb-element-e8abc66b\">\n<h2 class=\"gb-text gb-text-60666a85\">Installations de fabrication avanc\u00e9e pour l'emballage pharmaceutique<\/h2>\n\n\n\n<p class=\"gb-text gb-text-6ed9fa49\">Chez PharGlass, nous disposons d'installations de production modernes, certifi\u00e9es ISO, d\u00e9di\u00e9es \u00e0 la fabrication de solutions d'emballage pharmaceutique de haute qualit\u00e9. Nos salles blanches, nos lignes automatis\u00e9es de formage du verre et nos syst\u00e8mes de scellage de pr\u00e9cision garantissent une qualit\u00e9 constante et la conformit\u00e9 aux normes internationales telles que USP, EP et GMP.<\/p>\n\n\n\n<div class=\"gb-element-63381fad\">\n<article class=\"gb-element-2311ab46\">\n<span class=\"gb-shape gb-shape-d53e29e7 gb-shape--divider\"><svg xmlns=\"http:\/\/www.w3.org\/2000\/svg\" viewbox=\"0 0 1200 350\" preserveaspectratio=\"none\"><path d=\"M1200 336.7V350H0V0s22.4 276.4 1200 336.7z\"><\/path><\/svg><\/span>\n\n\n\n<figure class=\"wp-block-image size-full\"><img loading=\"lazy\" decoding=\"async\" width=\"800\" height=\"800\" src=\"https:\/\/www.pharglass.com\/wp-content\/uploads\/2026\/02\/1-4.jpg\" alt=\"\" class=\"wp-image-1962\" srcset=\"https:\/\/www.pharglass.com\/wp-content\/uploads\/2026\/02\/1-4.jpg 800w, https:\/\/www.pharglass.com\/wp-content\/uploads\/2026\/02\/1-4-300x300.jpg 300w, https:\/\/www.pharglass.com\/wp-content\/uploads\/2026\/02\/1-4-150x150.jpg 150w, https:\/\/www.pharglass.com\/wp-content\/uploads\/2026\/02\/1-4-768x768.jpg 768w\" sizes=\"auto, (max-width: 800px) 100vw, 800px\" \/><\/figure>\n\n\n\n<h3 class=\"gb-text gb-text-c3f90506\">Formes d'emballage primaire<\/h3>\n\n\n\n<div class=\"gb-element-fdbde70f\"><\/div>\n\n\n\n<p class=\"gb-text gb-text-9a307de4\">Emballage primaire complet comprenant des bouchons en caoutchouc, des capuchons en plastique d'aluminium et des fermetures combin\u00e9es \u00e0 usage m\u00e9dical.<\/p>\n\n\n\n<a class=\"gb-text-7a3a5404 smooth-scroll\" href=\"\/fr\/products\/primary-packaging-forms\/\"><span class=\"gb-text\">En savoir plus<\/span><span class=\"gb-shape\"><svg viewbox=\"0 0 16 16\" class=\"bi bi-arrow-right\" height=\"16\" width=\"16\" xmlns=\"http:\/\/www.w3.org\/2000\/svg\">   <path d=\"M1 8a.5.5 0 0 1 .5-.5h11.793l-3.147-3.146a.5.5 0 0 1 .708-.708l4 4a.5.5 0 0 1 0 .708l-4 4a.5.5 0 0 1-.708-.708L13.293 8.5H1.5A.5.5 0 0 1 1 8z\"><\/path> <\/svg><\/span><\/a>\n<\/article>\n\n\n\n<article class=\"gb-element-657a5645\">\n<span class=\"gb-shape gb-shape-3806fc37 gb-shape--divider\"><svg xmlns=\"http:\/\/www.w3.org\/2000\/svg\" viewbox=\"0 0 1200 350\" preserveaspectratio=\"none\"><path d=\"M1200 336.7V350H0V0s22.4 276.4 1200 336.7z\"><\/path><\/svg><\/span>\n\n\n\n<figure class=\"wp-block-image size-full\"><img loading=\"lazy\" decoding=\"async\" width=\"720\" height=\"720\" src=\"https:\/\/www.pharglass.com\/wp-content\/uploads\/2026\/02\/5-2.jpg\" alt=\"\" class=\"wp-image-1964\" srcset=\"https:\/\/www.pharglass.com\/wp-content\/uploads\/2026\/02\/5-2.jpg 720w, https:\/\/www.pharglass.com\/wp-content\/uploads\/2026\/02\/5-2-300x300.jpg 300w, https:\/\/www.pharglass.com\/wp-content\/uploads\/2026\/02\/5-2-150x150.jpg 150w\" sizes=\"auto, (max-width: 720px) 100vw, 720px\" \/><\/figure>\n\n\n\n<h3 class=\"gb-text gb-text-7aa78040\">Applications pharmaceutiques<\/h3>\n\n\n\n<div class=\"gb-element-cba5e39b\"><\/div>\n\n\n\n<p class=\"gb-text gb-text-0af09a53\">Solutions d'emballage con\u00e7ues pour les produits injectables, les vaccins, les produits biologiques et les produits ophtalmiques dans le cadre d'une conformit\u00e9 r\u00e9glementaire stricte.<\/p>\n\n\n\n<a class=\"gb-text-622729dd smooth-scroll\" href=\"\/fr\/products\/pharmaceutical-applications\/\"><span class=\"gb-text\">En savoir plus<\/span><span class=\"gb-shape\"><svg viewbox=\"0 0 16 16\" class=\"bi bi-arrow-right\" height=\"16\" width=\"16\" xmlns=\"http:\/\/www.w3.org\/2000\/svg\">   <path d=\"M1 8a.5.5 0 0 1 .5-.5h11.793l-3.147-3.146a.5.5 0 0 1 .708-.708l4 4a.5.5 0 0 1 0 .708l-4 4a.5.5 0 0 1-.708-.708L13.293 8.5H1.5A.5.5 0 0 1 1 8z\"><\/path> <\/svg><\/span><\/a>\n<\/article>\n\n\n\n<article class=\"gb-element-8d16201e\">\n<span class=\"gb-shape gb-shape-4912a564 gb-shape--divider\"><svg xmlns=\"http:\/\/www.w3.org\/2000\/svg\" viewbox=\"0 0 1200 350\" preserveaspectratio=\"none\"><path d=\"M1200 336.7V350H0V0s22.4 276.4 1200 336.7z\"><\/path><\/svg><\/span>\n\n\n\n<figure class=\"wp-block-image size-full\"><img loading=\"lazy\" decoding=\"async\" width=\"834\" height=\"811\" src=\"https:\/\/www.pharglass.com\/wp-content\/uploads\/2026\/02\/5-3.jpg\" alt=\"\" class=\"wp-image-1966\" srcset=\"https:\/\/www.pharglass.com\/wp-content\/uploads\/2026\/02\/5-3.jpg 834w, https:\/\/www.pharglass.com\/wp-content\/uploads\/2026\/02\/5-3-300x292.jpg 300w, https:\/\/www.pharglass.com\/wp-content\/uploads\/2026\/02\/5-3-768x747.jpg 768w\" sizes=\"auto, (max-width: 834px) 100vw, 834px\" \/><\/figure>\n\n\n\n<h3 class=\"gb-text gb-text-fe89039e\">Types et qualit\u00e9s de verre<\/h3>\n\n\n\n<div class=\"gb-element-cf99c177\"><\/div>\n\n\n\n<p class=\"gb-text gb-text-cfc3b988\">Flacons pharmaceutiques en verre de haute qualit\u00e9 r\u00e9pondant aux normes USP Class I, II et EP Type I, II pour les produits injectables et les vaccins.<\/p>\n\n\n\n<a class=\"gb-text-bd492c64 smooth-scroll\" href=\"\/fr\/products\/glass-types-grades\/\"><span class=\"gb-text\">En savoir plus<\/span><span class=\"gb-shape\"><svg viewbox=\"0 0 16 16\" class=\"bi bi-arrow-right\" height=\"16\" width=\"16\" xmlns=\"http:\/\/www.w3.org\/2000\/svg\">   <path d=\"M1 8a.5.5 0 0 1 .5-.5h11.793l-3.147-3.146a.5.5 0 0 1 .708-.708l4 4a.5.5 0 0 1 0 .708l-4 4a.5.5 0 0 1-.708-.708L13.293 8.5H1.5A.5.5 0 0 1 1 8z\"><\/path> <\/svg><\/span><\/a>\n<\/article>\n\n\n\n<article class=\"gb-element-caf120a5\">\n<span class=\"gb-shape gb-shape-002f40ea gb-shape--divider\"><svg xmlns=\"http:\/\/www.w3.org\/2000\/svg\" viewbox=\"0 0 1200 350\" preserveaspectratio=\"none\"><path d=\"M1200 336.7V350H0V0s22.4 276.4 1200 336.7z\"><\/path><\/svg><\/span>\n\n\n\n<figure class=\"wp-block-image size-full\"><img loading=\"lazy\" decoding=\"async\" width=\"826\" height=\"827\" src=\"https:\/\/www.pharglass.com\/wp-content\/uploads\/2026\/02\/23-1.jpg\" alt=\"\" class=\"wp-image-1968\" srcset=\"https:\/\/www.pharglass.com\/wp-content\/uploads\/2026\/02\/23-1.jpg 826w, https:\/\/www.pharglass.com\/wp-content\/uploads\/2026\/02\/23-1-300x300.jpg 300w, https:\/\/www.pharglass.com\/wp-content\/uploads\/2026\/02\/23-1-150x150.jpg 150w, https:\/\/www.pharglass.com\/wp-content\/uploads\/2026\/02\/23-1-768x769.jpg 768w\" sizes=\"auto, (max-width: 826px) 100vw, 826px\" \/><\/figure>\n\n\n\n<h3 class=\"gb-text gb-text-edc6a02a\">Solutions de personnalisation<\/h3>\n\n\n\n<div class=\"gb-element-33de5fa6\"><\/div>\n\n\n\n<p class=\"gb-text gb-text-c97575de\">Offre des services OEM\/ODM pour des emballages pharmaceutiques sur mesure, de la conception \u00e0 la production en s\u00e9rie.<\/p>\n\n\n\n<a class=\"gb-text-567d5bd7 smooth-scroll\" href=\"\/fr\/products\/customization-solutions\/\"><span class=\"gb-text\">En savoir plus<\/span><span class=\"gb-shape\"><svg viewbox=\"0 0 16 16\" class=\"bi bi-arrow-right\" height=\"16\" width=\"16\" xmlns=\"http:\/\/www.w3.org\/2000\/svg\">   <path d=\"M1 8a.5.5 0 0 1 .5-.5h11.793l-3.147-3.146a.5.5 0 0 1 .708-.708l4 4a.5.5 0 0 1 0 .708l-4 4a.5.5 0 0 1-.708-.708L13.293 8.5H1.5A.5.5 0 0 1 1 8z\"><\/path> <\/svg><\/span><\/a>\n<\/article>\n\n\n\n<article class=\"gb-element-7d36ee06\">\n<span class=\"gb-shape gb-shape-0084481f gb-shape--divider\"><svg xmlns=\"http:\/\/www.w3.org\/2000\/svg\" viewbox=\"0 0 1200 350\" preserveaspectratio=\"none\"><path d=\"M1200 336.7V350H0V0s22.4 276.4 1200 336.7z\"><\/path><\/svg><\/span>\n\n\n\n<figure class=\"wp-block-image size-full\"><img loading=\"lazy\" decoding=\"async\" width=\"720\" height=\"720\" src=\"https:\/\/www.pharglass.com\/wp-content\/uploads\/2026\/02\/53-4.jpg\" alt=\"\" class=\"wp-image-1963\" srcset=\"https:\/\/www.pharglass.com\/wp-content\/uploads\/2026\/02\/53-4.jpg 720w, https:\/\/www.pharglass.com\/wp-content\/uploads\/2026\/02\/53-4-300x300.jpg 300w, https:\/\/www.pharglass.com\/wp-content\/uploads\/2026\/02\/53-4-150x150.jpg 150w\" sizes=\"auto, (max-width: 720px) 100vw, 720px\" \/><\/figure>\n\n\n\n<h3 class=\"gb-text gb-text-13653a25\">Bouchons en caoutchouc et capsules en aluminium<\/h3>\n\n\n\n<div class=\"gb-element-1cd2e84a\"><\/div>\n\n\n\n<p class=\"gb-text gb-text-239f444d\">Bouchons en caoutchouc butyle et capsules en aluminium inviolables pour une fermeture s\u00fbre des r\u00e9cipients pharmaceutiques - test\u00e9s pour les substances extractibles et lixiviables.<\/p>\n\n\n\n<a class=\"gb-text-e3efdcae smooth-scroll\" href=\"\/fr\/products\/primary-packaging-forms\/\"><span class=\"gb-text\">En savoir plus<\/span><span class=\"gb-shape\"><svg viewbox=\"0 0 16 16\" class=\"bi bi-arrow-right\" height=\"16\" width=\"16\" xmlns=\"http:\/\/www.w3.org\/2000\/svg\">   <path d=\"M1 8a.5.5 0 0 1 .5-.5h11.793l-3.147-3.146a.5.5 0 0 1 .708-.708l4 4a.5.5 0 0 1 0 .708l-4 4a.5.5 0 0 1-.708-.708L13.293 8.5H1.5A.5.5 0 0 1 1 8z\"><\/path> <\/svg><\/span><\/a>\n<\/article>\n\n\n\n<article class=\"gb-element-13e6b618\">\n<span class=\"gb-shape gb-shape-598a2ec7 gb-shape--divider\"><svg xmlns=\"http:\/\/www.w3.org\/2000\/svg\" viewbox=\"0 0 1200 350\" preserveaspectratio=\"none\"><path d=\"M1200 336.7V350H0V0s22.4 276.4 1200 336.7z\"><\/path><\/svg><\/span>\n\n\n\n<figure class=\"wp-block-image size-full\"><img loading=\"lazy\" decoding=\"async\" width=\"833\" height=\"824\" src=\"https:\/\/www.pharglass.com\/wp-content\/uploads\/2026\/02\/24-4.jpg\" alt=\"\" class=\"wp-image-1965\" srcset=\"https:\/\/www.pharglass.com\/wp-content\/uploads\/2026\/02\/24-4.jpg 833w, https:\/\/www.pharglass.com\/wp-content\/uploads\/2026\/02\/24-4-300x297.jpg 300w, https:\/\/www.pharglass.com\/wp-content\/uploads\/2026\/02\/24-4-768x760.jpg 768w\" sizes=\"auto, (max-width: 833px) 100vw, 833px\" \/><\/figure>\n\n\n\n<h3 class=\"gb-text gb-text-80baea72\">Emballages m\u00e9dicaux par application<\/h3>\n\n\n\n<div class=\"gb-element-e735acd7\"><\/div>\n\n\n\n<p class=\"gb-text gb-text-5ed8efbf\">Emballage sp\u00e9cialis\u00e9 pour les produits injectables, les produits biologiques, les vaccins et les m\u00e9dicaments ophtalmiques - conforme aux normes r\u00e9glementaires mondiales.<\/p>\n\n\n\n<a class=\"gb-text-852439a0 smooth-scroll\" href=\"\/fr\/products\/pharmaceutical-applications\/\"><span class=\"gb-text\">En savoir plus<\/span><span class=\"gb-shape\"><svg viewbox=\"0 0 16 16\" class=\"bi bi-arrow-right\" height=\"16\" width=\"16\" xmlns=\"http:\/\/www.w3.org\/2000\/svg\">   <path d=\"M1 8a.5.5 0 0 1 .5-.5h11.793l-3.147-3.146a.5.5 0 0 1 .708-.708l4 4a.5.5 0 0 1 0 .708l-4 4a.5.5 0 0 1-.708-.708L13.293 8.5H1.5A.5.5 0 0 1 1 8z\"><\/path> <\/svg><\/span><\/a>\n<\/article>\n\n\n\n<article class=\"gb-element-76996778\">\n<span class=\"gb-shape gb-shape-ce1c62c9 gb-shape--divider\"><svg xmlns=\"http:\/\/www.w3.org\/2000\/svg\" viewbox=\"0 0 1200 350\" preserveaspectratio=\"none\"><path d=\"M1200 336.7V350H0V0s22.4 276.4 1200 336.7z\"><\/path><\/svg><\/span>\n\n\n\n<figure class=\"wp-block-image size-full\"><img loading=\"lazy\" decoding=\"async\" width=\"650\" height=\"650\" src=\"https:\/\/www.pharglass.com\/wp-content\/uploads\/2026\/02\/20-2.jpg\" alt=\"\" class=\"wp-image-1967\" srcset=\"https:\/\/www.pharglass.com\/wp-content\/uploads\/2026\/02\/20-2.jpg 650w, https:\/\/www.pharglass.com\/wp-content\/uploads\/2026\/02\/20-2-300x300.jpg 300w, https:\/\/www.pharglass.com\/wp-content\/uploads\/2026\/02\/20-2-150x150.jpg 150w\" sizes=\"auto, (max-width: 650px) 100vw, 650px\" \/><\/figure>\n\n\n\n<h3 class=\"gb-text gb-text-ebc652ad\">Flacons pharmaceutiques en verre<\/h3>\n\n\n\n<div class=\"gb-element-ed459e72\"><\/div>\n\n\n\n<p class=\"gb-text gb-text-8f63e59b\">Flacons en verre de haute puret\u00e9 USP Classe I et EP Type I pour les produits injectables, les vaccins et les produits pharmaceutiques st\u00e9riles - fabriqu\u00e9s dans des installations certifi\u00e9es ISO.<\/p>\n\n\n\n<a class=\"gb-text-d5a159d0 smooth-scroll\" href=\"\/fr\/products\/glass-types-grades\/\"><span class=\"gb-text\">En savoir plus<\/span><span class=\"gb-shape\"><svg viewbox=\"0 0 16 16\" class=\"bi bi-arrow-right\" height=\"16\" width=\"16\" xmlns=\"http:\/\/www.w3.org\/2000\/svg\">   <path d=\"M1 8a.5.5 0 0 1 .5-.5h11.793l-3.147-3.146a.5.5 0 0 1 .708-.708l4 4a.5.5 0 0 1 0 .708l-4 4a.5.5 0 0 1-.708-.708L13.293 8.5H1.5A.5.5 0 0 1 1 8z\"><\/path> <\/svg><\/span><\/a>\n<\/article>\n\n\n\n<article class=\"gb-element-1f756045\">\n<span class=\"gb-shape gb-shape-4a9824e9 gb-shape--divider\"><svg xmlns=\"http:\/\/www.w3.org\/2000\/svg\" viewbox=\"0 0 1200 350\" preserveaspectratio=\"none\"><path d=\"M1200 336.7V350H0V0s22.4 276.4 1200 336.7z\"><\/path><\/svg><\/span>\n\n\n\n<figure class=\"wp-block-image size-full\"><img loading=\"lazy\" decoding=\"async\" width=\"829\" height=\"826\" src=\"https:\/\/www.pharglass.com\/wp-content\/uploads\/2026\/02\/82-2.jpg\" alt=\"\" class=\"wp-image-1969\" srcset=\"https:\/\/www.pharglass.com\/wp-content\/uploads\/2026\/02\/82-2.jpg 829w, https:\/\/www.pharglass.com\/wp-content\/uploads\/2026\/02\/82-2-300x300.jpg 300w, https:\/\/www.pharglass.com\/wp-content\/uploads\/2026\/02\/82-2-150x150.jpg 150w, https:\/\/www.pharglass.com\/wp-content\/uploads\/2026\/02\/82-2-768x765.jpg 768w\" sizes=\"auto, (max-width: 829px) 100vw, 829px\" \/><\/figure>\n\n\n\n<h3 class=\"gb-text gb-text-0645646a\">Emballage pharmaceutique sur mesure<\/h3>\n\n\n\n<div class=\"gb-element-1ba47e85\"><\/div>\n\n\n\n<p class=\"gb-text gb-text-c14f2ddb\">Solutions d'emballage pharmaceutique sur mesure pour les clients OEM\/ODM - de la forme du flacon \u00e0 l'\u00e9tiquetage, adapt\u00e9es aux besoins de votre produit.<\/p>\n\n\n\n<a class=\"gb-text-7f281ad7 smooth-scroll\" href=\"\/fr\/products\/customization-solutions\/\"><span class=\"gb-text\">En savoir plus<\/span><span class=\"gb-shape\"><svg viewbox=\"0 0 16 16\" class=\"bi bi-arrow-right\" height=\"16\" width=\"16\" xmlns=\"http:\/\/www.w3.org\/2000\/svg\">   <path d=\"M1 8a.5.5 0 0 1 .5-.5h11.793l-3.147-3.146a.5.5 0 0 1 .708-.708l4 4a.5.5 0 0 1 0 .708l-4 4a.5.5 0 0 1-.708-.708L13.293 8.5H1.5A.5.5 0 0 1 1 8z\"><\/path> <\/svg><\/span><\/a>\n<\/article>\n<\/div>\n<\/section>\n\n\n\n<section class=\"gb-element-d832267e\">\n<div class=\"gb-element-4e7a04b3\">\n<h2 class=\"gb-text gb-text-9d56beaf\">Pourquoi choisir PharGlass Packaging ?<\/h2>\n\n\n\n<p>Nous associons une technologie de fabrication avanc\u00e9e \u00e0 un contr\u00f4le de qualit\u00e9 strict pour fournir des solutions d'emballage pharmaceutique fiables et conformes - des flacons en verre aux bouchons en caoutchouc en passant par les capsules en aluminium.<\/p>\n\n\n\n<div class=\"gb-element-8a3d5fde\">\n<div class=\"gb-element-2ce887af\">\n<h3 class=\"gb-text-2636e247\"><span class=\"gb-shape\"><svg viewbox=\"0 0 16 16\" class=\"bi bi-check2-square\" height=\"16\" width=\"16\" xmlns=\"http:\/\/www.w3.org\/2000\/svg\">   <path d=\"M3 14.5A1.5 1.5 0 0 1 1.5 13V3A1.5 1.5 0 0 1 3 1.5h8a.5.5 0 0 1 0 1H3a.5.5 0 0 0-.5.5v10a.5.5 0 0 0 .5.5h10a.5.5 0 0 0 .5-.5V8a.5.5 0 0 1 1 0v5a1.5 1.5 0 0 1-1.5 1.5H3z\"><\/path>   <path d=\"m8.354 10.354 7-7a.5.5 0 0 0-.708-.708L8 9.293 5.354 6.646a.5.5 0 1 0-.708.708l3 3a.5.5 0 0 0 .708 0z\"><\/path> <\/svg><\/span><span class=\"gb-text\">Exp\u00e9rience en mati\u00e8re d'exportation<\/span><\/h3>\n\n\n\n<h3 class=\"gb-text-91369406\"><span class=\"gb-shape\"><svg viewbox=\"0 0 16 16\" class=\"bi bi-check2-square\" height=\"16\" width=\"16\" xmlns=\"http:\/\/www.w3.org\/2000\/svg\">   <path d=\"M3 14.5A1.5 1.5 0 0 1 1.5 13V3A1.5 1.5 0 0 1 3 1.5h8a.5.5 0 0 1 0 1H3a.5.5 0 0 0-.5.5v10a.5.5 0 0 0 .5.5h10a.5.5 0 0 0 .5-.5V8a.5.5 0 0 1 1 0v5a1.5 1.5 0 0 1-1.5 1.5H3z\"><\/path>   <path d=\"m8.354 10.354 7-7a.5.5 0 0 0-.708-.708L8 9.293 5.354 6.646a.5.5 0 1 0-.708.708l3 3a.5.5 0 0 0 .708 0z\"><\/path> <\/svg><\/span><span class=\"gb-text\">Soutien mondial<\/span><\/h3>\n\n\n\n<h3 class=\"gb-text-495c7aa2\"><span class=\"gb-shape\"><svg viewbox=\"0 0 16 16\" class=\"bi bi-check2-square\" height=\"16\" width=\"16\" xmlns=\"http:\/\/www.w3.org\/2000\/svg\">   <path d=\"M3 14.5A1.5 1.5 0 0 1 1.5 13V3A1.5 1.5 0 0 1 3 1.5h8a.5.5 0 0 1 0 1H3a.5.5 0 0 0-.5.5v10a.5.5 0 0 0 .5.5h10a.5.5 0 0 0 .5-.5V8a.5.5 0 0 1 1 0v5a1.5 1.5 0 0 1-1.5 1.5H3z\"><\/path>   <path d=\"m8.354 10.354 7-7a.5.5 0 0 0-.708-.708L8 9.293 5.354 6.646a.5.5 0 1 0-.708.708l3 3a.5.5 0 0 0 .708 0z\"><\/path> <\/svg><\/span><span class=\"gb-text\">Qualit\u00e9 certifi\u00e9e<\/span><\/h3>\n<\/div>\n\n\n\n<div class=\"gb-element-a6debc9d\">\n<h3 class=\"gb-text-bdd51a2d\"><span class=\"gb-shape\"><svg viewbox=\"0 0 16 16\" class=\"bi bi-check2-square\" height=\"16\" width=\"16\" xmlns=\"http:\/\/www.w3.org\/2000\/svg\">   <path d=\"M3 14.5A1.5 1.5 0 0 1 1.5 13V3A1.5 1.5 0 0 1 3 1.5h8a.5.5 0 0 1 0 1H3a.5.5 0 0 0-.5.5v10a.5.5 0 0 0 .5.5h10a.5.5 0 0 0 .5-.5V8a.5.5 0 0 1 1 0v5a1.5 1.5 0 0 1-1.5 1.5H3z\"><\/path>   <path d=\"m8.354 10.354 7-7a.5.5 0 0 0-.708-.708L8 9.293 5.354 6.646a.5.5 0 1 0-.708.708l3 3a.5.5 0 0 0 .708 0z\"><\/path> <\/svg><\/span><span class=\"gb-text\">Gamme compl\u00e8te de produits<\/span><\/h3>\n\n\n\n<h3 class=\"gb-text-02cdd91b\"><span class=\"gb-shape\"><svg viewbox=\"0 0 16 16\" class=\"bi bi-check2-square\" height=\"16\" width=\"16\" xmlns=\"http:\/\/www.w3.org\/2000\/svg\">   <path d=\"M3 14.5A1.5 1.5 0 0 1 1.5 13V3A1.5 1.5 0 0 1 3 1.5h8a.5.5 0 0 1 0 1H3a.5.5 0 0 0-.5.5v10a.5.5 0 0 0 .5.5h10a.5.5 0 0 0 .5-.5V8a.5.5 0 0 1 1 0v5a1.5 1.5 0 0 1-1.5 1.5H3z\"><\/path>   <path d=\"m8.354 10.354 7-7a.5.5 0 0 0-.708-.708L8 9.293 5.354 6.646a.5.5 0 1 0-.708.708l3 3a.5.5 0 0 0 .708 0z\"><\/path> <\/svg><\/span><span class=\"gb-text\">Production intelligente<\/span><\/h3>\n\n\n\n<h3 class=\"gb-text-982b46d4\"><span class=\"gb-shape\"><svg viewbox=\"0 0 16 16\" class=\"bi bi-check2-square\" height=\"16\" width=\"16\" xmlns=\"http:\/\/www.w3.org\/2000\/svg\">   <path d=\"M3 14.5A1.5 1.5 0 0 1 1.5 13V3A1.5 1.5 0 0 1 3 1.5h8a.5.5 0 0 1 0 1H3a.5.5 0 0 0-.5.5v10a.5.5 0 0 0 .5.5h10a.5.5 0 0 0 .5-.5V8a.5.5 0 0 1 1 0v5a1.5 1.5 0 0 1-1.5 1.5H3z\"><\/path>   <path d=\"m8.354 10.354 7-7a.5.5 0 0 0-.708-.708L8 9.293 5.354 6.646a.5.5 0 1 0-.708.708l3 3a.5.5 0 0 0 .708 0z\"><\/path> <\/svg><\/span><span class=\"gb-text\">Test\u00e9 et conforme<\/span><\/h3>\n<\/div>\n<\/div>\n\n\n\n<a class=\"gb-text-639b57e3 smooth-scroll\" href=\"#\"><span class=\"gb-text\">En savoir plus<\/span><span class=\"gb-shape\"><svg viewbox=\"0 0 16 16\" class=\"bi bi-arrow-right\" height=\"16\" width=\"16\" xmlns=\"http:\/\/www.w3.org\/2000\/svg\">   <path d=\"M1 8a.5.5 0 0 1 .5-.5h11.793l-3.147-3.146a.5.5 0 0 1 .708-.708l4 4a.5.5 0 0 1 0 .708l-4 4a.5.5 0 0 1-.708-.708L13.293 8.5H1.5A.5.5 0 0 1 1 8z\"><\/path> <\/svg><\/span><\/a>\n<\/div>\n\n\n\n<div class=\"gb-element-7c0947bb\">\n<figure class=\"wp-block-image size-full\"><img loading=\"lazy\" decoding=\"async\" width=\"1024\" height=\"696\" src=\"https:\/\/www.pharglass.com\/wp-content\/uploads\/2026\/02\/34-1024-1.jpg\" alt=\"\" class=\"wp-image-1945\" srcset=\"https:\/\/www.pharglass.com\/wp-content\/uploads\/2026\/02\/34-1024-1.jpg 1024w, https:\/\/www.pharglass.com\/wp-content\/uploads\/2026\/02\/34-1024-1-300x204.jpg 300w, https:\/\/www.pharglass.com\/wp-content\/uploads\/2026\/02\/34-1024-1-768x522.jpg 768w\" sizes=\"auto, (max-width: 1024px) 100vw, 1024px\" \/><\/figure>\n<\/div>\n<\/section>","protected":false},"excerpt":{"rendered":"<p>Installations de fabrication avanc\u00e9es pour l'emballage pharmaceutique Chez PharGlass, nous exploitons des installations de production modernes, certifi\u00e9es ISO, d\u00e9di\u00e9es \u00e0 la fabrication de solutions d'emballage pharmaceutique de haute qualit\u00e9. Nos salles blanches, nos syst\u00e8mes automatis\u00e9s ... <a title=\"Produits\" class=\"read-more\" href=\"https:\/\/www.pharglass.com\/fr\/product-list\/\" aria-label=\"En savoir plus sur Products\">Lire plus<\/a><\/p>","protected":false},"author":1,"featured_media":0,"parent":0,"menu_order":0,"comment_status":"closed","ping_status":"closed","template":"","meta":{"footnotes":""},"class_list":["post-48","page","type-page","status-publish"],"_links":{"self":[{"href":"https:\/\/www.pharglass.com\/fr\/wp-json\/wp\/v2\/pages\/48","targetHints":{"allow":["GET"]}}],"collection":[{"href":"https:\/\/www.pharglass.com\/fr\/wp-json\/wp\/v2\/pages"}],"about":[{"href":"https:\/\/www.pharglass.com\/fr\/wp-json\/wp\/v2\/types\/page"}],"author":[{"embeddable":true,"href":"https:\/\/www.pharglass.com\/fr\/wp-json\/wp\/v2\/users\/1"}],"replies":[{"embeddable":true,"href":"https:\/\/www.pharglass.com\/fr\/wp-json\/wp\/v2\/comments?post=48"}],"version-history":[{"count":12,"href":"https:\/\/www.pharglass.com\/fr\/wp-json\/wp\/v2\/pages\/48\/revisions"}],"predecessor-version":[{"id":1973,"href":"https:\/\/www.pharglass.com\/fr\/wp-json\/wp\/v2\/pages\/48\/revisions\/1973"}],"wp:attachment":[{"href":"https:\/\/www.pharglass.com\/fr\/wp-json\/wp\/v2\/media?parent=48"}],"curies":[{"name":"wp","href":"https:\/\/api.w.org\/{rel}","templated":true}]}}