{"id":48,"date":"2022-02-13T16:45:19","date_gmt":"2022-02-13T16:45:19","guid":{"rendered":"https:\/\/clinic.wordifysites.com\/?page_id=48"},"modified":"2026-03-02T07:59:59","modified_gmt":"2026-03-02T07:59:59","slug":"product-list","status":"publish","type":"page","link":"https:\/\/www.pharglass.com\/pt\/product-list\/","title":{"rendered":"Produtos"},"content":{"rendered":"<section class=\"gb-element-e8abc66b\">\n<h2 class=\"gb-text gb-text-60666a85\">Instala\u00e7\u00f5es de fabrica\u00e7\u00e3o avan\u00e7adas para embalagens farmac\u00eauticas<\/h2>\n\n\n\n<p class=\"gb-text gb-text-6ed9fa49\">Na PharGlass, operamos instala\u00e7\u00f5es de produ\u00e7\u00e3o modernas, com certifica\u00e7\u00e3o ISO, dedicadas \u00e0 fabrica\u00e7\u00e3o de solu\u00e7\u00f5es de embalagens farmac\u00eauticas de alta qualidade. Nossos ambientes de sala limpa, linhas automatizadas de forma\u00e7\u00e3o de vidro e sistemas de veda\u00e7\u00e3o de precis\u00e3o garantem qualidade consistente e conformidade com padr\u00f5es internacionais, como USP, EP e GMP.<\/p>\n\n\n\n<div class=\"gb-element-63381fad\">\n<article class=\"gb-element-2311ab46\">\n<span class=\"gb-shape gb-shape-d53e29e7 gb-shape--divider\"><svg xmlns=\"http:\/\/www.w3.org\/2000\/svg\" viewbox=\"0 0 1200 350\" preserveaspectratio=\"none\"><path d=\"M1200 336.7V350H0V0s22.4 276.4 1200 336.7z\"><\/path><\/svg><\/span>\n\n\n\n<figure class=\"wp-block-image size-full\"><img loading=\"lazy\" decoding=\"async\" width=\"800\" height=\"800\" src=\"https:\/\/www.pharglass.com\/wp-content\/uploads\/2026\/02\/1-4.jpg\" alt=\"\" class=\"wp-image-1962\" srcset=\"https:\/\/www.pharglass.com\/wp-content\/uploads\/2026\/02\/1-4.jpg 800w, https:\/\/www.pharglass.com\/wp-content\/uploads\/2026\/02\/1-4-300x300.jpg 300w, https:\/\/www.pharglass.com\/wp-content\/uploads\/2026\/02\/1-4-150x150.jpg 150w, https:\/\/www.pharglass.com\/wp-content\/uploads\/2026\/02\/1-4-768x768.jpg 768w\" sizes=\"auto, (max-width: 800px) 100vw, 800px\" \/><\/figure>\n\n\n\n<h3 class=\"gb-text gb-text-c3f90506\">Formas de embalagem prim\u00e1ria<\/h3>\n\n\n\n<div class=\"gb-element-fdbde70f\"><\/div>\n\n\n\n<p class=\"gb-text gb-text-9a307de4\">Embalagem prim\u00e1ria completa, incluindo rolhas de borracha, tampas pl\u00e1sticas de alum\u00ednio e tampas combinadas para uso m\u00e9dico.<\/p>\n\n\n\n<a class=\"gb-text-7a3a5404 smooth-scroll\" href=\"\/pt\/products\/primary-packaging-forms\/\"><span class=\"gb-text\">Saiba mais<\/span><span class=\"gb-shape\"><svg viewbox=\"0 0 16 16\" class=\"bi bi-arrow-right\" height=\"16\" width=\"16\" xmlns=\"http:\/\/www.w3.org\/2000\/svg\">   <path d=\"M1 8a.5.5 0 0 1 .5-.5h11.793l-3.147-3.146a.5.5 0 0 1 .708-.708l4 4a.5.5 0 0 1 0 .708l-4 4a.5.5 0 0 1-.708-.708L13.293 8.5H1.5A.5.5 0 0 1 1 8z\"><\/path> <\/svg><\/span><\/a>\n<\/article>\n\n\n\n<article class=\"gb-element-657a5645\">\n<span class=\"gb-shape gb-shape-3806fc37 gb-shape--divider\"><svg xmlns=\"http:\/\/www.w3.org\/2000\/svg\" viewbox=\"0 0 1200 350\" preserveaspectratio=\"none\"><path d=\"M1200 336.7V350H0V0s22.4 276.4 1200 336.7z\"><\/path><\/svg><\/span>\n\n\n\n<figure class=\"wp-block-image size-full\"><img loading=\"lazy\" decoding=\"async\" width=\"720\" height=\"720\" src=\"https:\/\/www.pharglass.com\/wp-content\/uploads\/2026\/02\/5-2.jpg\" alt=\"\" class=\"wp-image-1964\" srcset=\"https:\/\/www.pharglass.com\/wp-content\/uploads\/2026\/02\/5-2.jpg 720w, https:\/\/www.pharglass.com\/wp-content\/uploads\/2026\/02\/5-2-300x300.jpg 300w, https:\/\/www.pharglass.com\/wp-content\/uploads\/2026\/02\/5-2-150x150.jpg 150w\" sizes=\"auto, (max-width: 720px) 100vw, 720px\" \/><\/figure>\n\n\n\n<h3 class=\"gb-text gb-text-7aa78040\">Aplica\u00e7\u00f5es farmac\u00eauticas<\/h3>\n\n\n\n<div class=\"gb-element-cba5e39b\"><\/div>\n\n\n\n<p class=\"gb-text gb-text-0af09a53\">Solu\u00e7\u00f5es de embalagem projetadas para injet\u00e1veis, vacinas, produtos biol\u00f3gicos e oft\u00e1lmicos com rigorosa conformidade regulat\u00f3ria.<\/p>\n\n\n\n<a class=\"gb-text-622729dd smooth-scroll\" href=\"\/pt\/products\/pharmaceutical-applications\/\"><span class=\"gb-text\">Saiba mais<\/span><span class=\"gb-shape\"><svg viewbox=\"0 0 16 16\" class=\"bi bi-arrow-right\" height=\"16\" width=\"16\" xmlns=\"http:\/\/www.w3.org\/2000\/svg\">   <path d=\"M1 8a.5.5 0 0 1 .5-.5h11.793l-3.147-3.146a.5.5 0 0 1 .708-.708l4 4a.5.5 0 0 1 0 .708l-4 4a.5.5 0 0 1-.708-.708L13.293 8.5H1.5A.5.5 0 0 1 1 8z\"><\/path> <\/svg><\/span><\/a>\n<\/article>\n\n\n\n<article class=\"gb-element-8d16201e\">\n<span class=\"gb-shape gb-shape-4912a564 gb-shape--divider\"><svg xmlns=\"http:\/\/www.w3.org\/2000\/svg\" viewbox=\"0 0 1200 350\" preserveaspectratio=\"none\"><path d=\"M1200 336.7V350H0V0s22.4 276.4 1200 336.7z\"><\/path><\/svg><\/span>\n\n\n\n<figure class=\"wp-block-image size-full\"><img loading=\"lazy\" decoding=\"async\" width=\"834\" height=\"811\" src=\"https:\/\/www.pharglass.com\/wp-content\/uploads\/2026\/02\/5-3.jpg\" alt=\"\" class=\"wp-image-1966\" srcset=\"https:\/\/www.pharglass.com\/wp-content\/uploads\/2026\/02\/5-3.jpg 834w, https:\/\/www.pharglass.com\/wp-content\/uploads\/2026\/02\/5-3-300x292.jpg 300w, https:\/\/www.pharglass.com\/wp-content\/uploads\/2026\/02\/5-3-768x747.jpg 768w\" sizes=\"auto, (max-width: 834px) 100vw, 834px\" \/><\/figure>\n\n\n\n<h3 class=\"gb-text gb-text-fe89039e\">Tipos e classes de vidro<\/h3>\n\n\n\n<div class=\"gb-element-cf99c177\"><\/div>\n\n\n\n<p class=\"gb-text gb-text-cfc3b988\">Frascos de vidro farmac\u00eautico de alta qualidade nos padr\u00f5es USP Classe I, II e EP Tipo I, II para injet\u00e1veis e vacinas.<\/p>\n\n\n\n<a class=\"gb-text-bd492c64 smooth-scroll\" href=\"\/pt\/products\/glass-types-grades\/\"><span class=\"gb-text\">Saiba mais<\/span><span class=\"gb-shape\"><svg viewbox=\"0 0 16 16\" class=\"bi bi-arrow-right\" height=\"16\" width=\"16\" xmlns=\"http:\/\/www.w3.org\/2000\/svg\">   <path d=\"M1 8a.5.5 0 0 1 .5-.5h11.793l-3.147-3.146a.5.5 0 0 1 .708-.708l4 4a.5.5 0 0 1 0 .708l-4 4a.5.5 0 0 1-.708-.708L13.293 8.5H1.5A.5.5 0 0 1 1 8z\"><\/path> <\/svg><\/span><\/a>\n<\/article>\n\n\n\n<article class=\"gb-element-caf120a5\">\n<span class=\"gb-shape gb-shape-002f40ea gb-shape--divider\"><svg xmlns=\"http:\/\/www.w3.org\/2000\/svg\" viewbox=\"0 0 1200 350\" preserveaspectratio=\"none\"><path d=\"M1200 336.7V350H0V0s22.4 276.4 1200 336.7z\"><\/path><\/svg><\/span>\n\n\n\n<figure class=\"wp-block-image size-full\"><img loading=\"lazy\" decoding=\"async\" width=\"826\" height=\"827\" src=\"https:\/\/www.pharglass.com\/wp-content\/uploads\/2026\/02\/23-1.jpg\" alt=\"\" class=\"wp-image-1968\" srcset=\"https:\/\/www.pharglass.com\/wp-content\/uploads\/2026\/02\/23-1.jpg 826w, https:\/\/www.pharglass.com\/wp-content\/uploads\/2026\/02\/23-1-300x300.jpg 300w, https:\/\/www.pharglass.com\/wp-content\/uploads\/2026\/02\/23-1-150x150.jpg 150w, https:\/\/www.pharglass.com\/wp-content\/uploads\/2026\/02\/23-1-768x769.jpg 768w\" sizes=\"auto, (max-width: 826px) 100vw, 826px\" \/><\/figure>\n\n\n\n<h3 class=\"gb-text gb-text-edc6a02a\">Solu\u00e7\u00f5es de personaliza\u00e7\u00e3o<\/h3>\n\n\n\n<div class=\"gb-element-33de5fa6\"><\/div>\n\n\n\n<p class=\"gb-text gb-text-c97575de\">Oferecendo servi\u00e7os de OEM\/ODM para embalagens farmac\u00eauticas personalizadas, desde o design at\u00e9 a produ\u00e7\u00e3o em massa.<\/p>\n\n\n\n<a class=\"gb-text-567d5bd7 smooth-scroll\" href=\"\/pt\/products\/customization-solutions\/\"><span class=\"gb-text\">Saiba mais<\/span><span class=\"gb-shape\"><svg viewbox=\"0 0 16 16\" class=\"bi bi-arrow-right\" height=\"16\" width=\"16\" xmlns=\"http:\/\/www.w3.org\/2000\/svg\">   <path d=\"M1 8a.5.5 0 0 1 .5-.5h11.793l-3.147-3.146a.5.5 0 0 1 .708-.708l4 4a.5.5 0 0 1 0 .708l-4 4a.5.5 0 0 1-.708-.708L13.293 8.5H1.5A.5.5 0 0 1 1 8z\"><\/path> <\/svg><\/span><\/a>\n<\/article>\n\n\n\n<article class=\"gb-element-7d36ee06\">\n<span class=\"gb-shape gb-shape-0084481f gb-shape--divider\"><svg xmlns=\"http:\/\/www.w3.org\/2000\/svg\" viewbox=\"0 0 1200 350\" preserveaspectratio=\"none\"><path d=\"M1200 336.7V350H0V0s22.4 276.4 1200 336.7z\"><\/path><\/svg><\/span>\n\n\n\n<figure class=\"wp-block-image size-full\"><img loading=\"lazy\" decoding=\"async\" width=\"720\" height=\"720\" src=\"https:\/\/www.pharglass.com\/wp-content\/uploads\/2026\/02\/53-4.jpg\" alt=\"\" class=\"wp-image-1963\" srcset=\"https:\/\/www.pharglass.com\/wp-content\/uploads\/2026\/02\/53-4.jpg 720w, https:\/\/www.pharglass.com\/wp-content\/uploads\/2026\/02\/53-4-300x300.jpg 300w, https:\/\/www.pharglass.com\/wp-content\/uploads\/2026\/02\/53-4-150x150.jpg 150w\" sizes=\"auto, (max-width: 720px) 100vw, 720px\" \/><\/figure>\n\n\n\n<h3 class=\"gb-text gb-text-13653a25\">Tampas de borracha e tampas de alum\u00ednio<\/h3>\n\n\n\n<div class=\"gb-element-1cd2e84a\"><\/div>\n\n\n\n<p class=\"gb-text gb-text-239f444d\">Rolhas de borracha but\u00edlica e tampas de alum\u00ednio inviol\u00e1veis para veda\u00e7\u00e3o segura de recipientes farmac\u00eauticos - testadas para extra\u00edveis e lixivi\u00e1veis.<\/p>\n\n\n\n<a class=\"gb-text-e3efdcae smooth-scroll\" href=\"\/pt\/products\/primary-packaging-forms\/\"><span class=\"gb-text\">Saiba mais<\/span><span class=\"gb-shape\"><svg viewbox=\"0 0 16 16\" class=\"bi bi-arrow-right\" height=\"16\" width=\"16\" xmlns=\"http:\/\/www.w3.org\/2000\/svg\">   <path d=\"M1 8a.5.5 0 0 1 .5-.5h11.793l-3.147-3.146a.5.5 0 0 1 .708-.708l4 4a.5.5 0 0 1 0 .708l-4 4a.5.5 0 0 1-.708-.708L13.293 8.5H1.5A.5.5 0 0 1 1 8z\"><\/path> <\/svg><\/span><\/a>\n<\/article>\n\n\n\n<article class=\"gb-element-13e6b618\">\n<span class=\"gb-shape gb-shape-598a2ec7 gb-shape--divider\"><svg xmlns=\"http:\/\/www.w3.org\/2000\/svg\" viewbox=\"0 0 1200 350\" preserveaspectratio=\"none\"><path d=\"M1200 336.7V350H0V0s22.4 276.4 1200 336.7z\"><\/path><\/svg><\/span>\n\n\n\n<figure class=\"wp-block-image size-full\"><img loading=\"lazy\" decoding=\"async\" width=\"833\" height=\"824\" src=\"https:\/\/www.pharglass.com\/wp-content\/uploads\/2026\/02\/24-4.jpg\" alt=\"\" class=\"wp-image-1965\" srcset=\"https:\/\/www.pharglass.com\/wp-content\/uploads\/2026\/02\/24-4.jpg 833w, https:\/\/www.pharglass.com\/wp-content\/uploads\/2026\/02\/24-4-300x297.jpg 300w, https:\/\/www.pharglass.com\/wp-content\/uploads\/2026\/02\/24-4-768x760.jpg 768w\" sizes=\"auto, (max-width: 833px) 100vw, 833px\" \/><\/figure>\n\n\n\n<h3 class=\"gb-text gb-text-80baea72\">Embalagens m\u00e9dicas por aplicativo<\/h3>\n\n\n\n<div class=\"gb-element-e735acd7\"><\/div>\n\n\n\n<p class=\"gb-text gb-text-5ed8efbf\">Embalagem especializada para injet\u00e1veis, produtos biol\u00f3gicos, vacinas e medicamentos oft\u00e1lmicos, em conformidade com os padr\u00f5es regulat\u00f3rios globais.<\/p>\n\n\n\n<a class=\"gb-text-852439a0 smooth-scroll\" href=\"\/pt\/products\/pharmaceutical-applications\/\"><span class=\"gb-text\">Saiba mais<\/span><span class=\"gb-shape\"><svg viewbox=\"0 0 16 16\" class=\"bi bi-arrow-right\" height=\"16\" width=\"16\" xmlns=\"http:\/\/www.w3.org\/2000\/svg\">   <path d=\"M1 8a.5.5 0 0 1 .5-.5h11.793l-3.147-3.146a.5.5 0 0 1 .708-.708l4 4a.5.5 0 0 1 0 .708l-4 4a.5.5 0 0 1-.708-.708L13.293 8.5H1.5A.5.5 0 0 1 1 8z\"><\/path> <\/svg><\/span><\/a>\n<\/article>\n\n\n\n<article class=\"gb-element-76996778\">\n<span class=\"gb-shape gb-shape-ce1c62c9 gb-shape--divider\"><svg xmlns=\"http:\/\/www.w3.org\/2000\/svg\" viewbox=\"0 0 1200 350\" preserveaspectratio=\"none\"><path d=\"M1200 336.7V350H0V0s22.4 276.4 1200 336.7z\"><\/path><\/svg><\/span>\n\n\n\n<figure class=\"wp-block-image size-full\"><img loading=\"lazy\" decoding=\"async\" width=\"650\" height=\"650\" src=\"https:\/\/www.pharglass.com\/wp-content\/uploads\/2026\/02\/20-2.jpg\" alt=\"\" class=\"wp-image-1967\" srcset=\"https:\/\/www.pharglass.com\/wp-content\/uploads\/2026\/02\/20-2.jpg 650w, https:\/\/www.pharglass.com\/wp-content\/uploads\/2026\/02\/20-2-300x300.jpg 300w, https:\/\/www.pharglass.com\/wp-content\/uploads\/2026\/02\/20-2-150x150.jpg 150w\" sizes=\"auto, (max-width: 650px) 100vw, 650px\" \/><\/figure>\n\n\n\n<h3 class=\"gb-text gb-text-ebc652ad\">Frascos de vidro para produtos farmac\u00eauticos<\/h3>\n\n\n\n<div class=\"gb-element-ed459e72\"><\/div>\n\n\n\n<p class=\"gb-text gb-text-8f63e59b\">Frascos de vidro de alta pureza USP Classe I e EP Tipo I para injet\u00e1veis, vacinas e produtos farmac\u00eauticos est\u00e9reis - fabricados em instala\u00e7\u00f5es com certifica\u00e7\u00e3o ISO.<\/p>\n\n\n\n<a class=\"gb-text-d5a159d0 smooth-scroll\" href=\"\/pt\/products\/glass-types-grades\/\"><span class=\"gb-text\">Saiba mais<\/span><span class=\"gb-shape\"><svg viewbox=\"0 0 16 16\" class=\"bi bi-arrow-right\" height=\"16\" width=\"16\" xmlns=\"http:\/\/www.w3.org\/2000\/svg\">   <path d=\"M1 8a.5.5 0 0 1 .5-.5h11.793l-3.147-3.146a.5.5 0 0 1 .708-.708l4 4a.5.5 0 0 1 0 .708l-4 4a.5.5 0 0 1-.708-.708L13.293 8.5H1.5A.5.5 0 0 1 1 8z\"><\/path> <\/svg><\/span><\/a>\n<\/article>\n\n\n\n<article class=\"gb-element-1f756045\">\n<span class=\"gb-shape gb-shape-4a9824e9 gb-shape--divider\"><svg xmlns=\"http:\/\/www.w3.org\/2000\/svg\" viewbox=\"0 0 1200 350\" preserveaspectratio=\"none\"><path d=\"M1200 336.7V350H0V0s22.4 276.4 1200 336.7z\"><\/path><\/svg><\/span>\n\n\n\n<figure class=\"wp-block-image size-full\"><img loading=\"lazy\" decoding=\"async\" width=\"829\" height=\"826\" src=\"https:\/\/www.pharglass.com\/wp-content\/uploads\/2026\/02\/82-2.jpg\" alt=\"\" class=\"wp-image-1969\" srcset=\"https:\/\/www.pharglass.com\/wp-content\/uploads\/2026\/02\/82-2.jpg 829w, https:\/\/www.pharglass.com\/wp-content\/uploads\/2026\/02\/82-2-300x300.jpg 300w, https:\/\/www.pharglass.com\/wp-content\/uploads\/2026\/02\/82-2-150x150.jpg 150w, https:\/\/www.pharglass.com\/wp-content\/uploads\/2026\/02\/82-2-768x765.jpg 768w\" sizes=\"auto, (max-width: 829px) 100vw, 829px\" \/><\/figure>\n\n\n\n<h3 class=\"gb-text gb-text-0645646a\">Embalagens farmac\u00eauticas personalizadas<\/h3>\n\n\n\n<div class=\"gb-element-1ba47e85\"><\/div>\n\n\n\n<p class=\"gb-text gb-text-c14f2ddb\">Solu\u00e7\u00f5es de embalagens farmac\u00eauticas personalizadas para clientes OEM\/ODM - desde o formato do frasco at\u00e9 a rotulagem, adaptadas \u00e0s necessidades do seu produto.<\/p>\n\n\n\n<a class=\"gb-text-7f281ad7 smooth-scroll\" href=\"\/pt\/products\/customization-solutions\/\"><span class=\"gb-text\">Saiba mais<\/span><span class=\"gb-shape\"><svg viewbox=\"0 0 16 16\" class=\"bi bi-arrow-right\" height=\"16\" width=\"16\" xmlns=\"http:\/\/www.w3.org\/2000\/svg\">   <path d=\"M1 8a.5.5 0 0 1 .5-.5h11.793l-3.147-3.146a.5.5 0 0 1 .708-.708l4 4a.5.5 0 0 1 0 .708l-4 4a.5.5 0 0 1-.708-.708L13.293 8.5H1.5A.5.5 0 0 1 1 8z\"><\/path> <\/svg><\/span><\/a>\n<\/article>\n<\/div>\n<\/section>\n\n\n\n<section class=\"gb-element-d832267e\">\n<div class=\"gb-element-4e7a04b3\">\n<h2 class=\"gb-text gb-text-9d56beaf\">Por que escolher a embalagem PharGlass?<\/h2>\n\n\n\n<p>Combinamos tecnologia de fabrica\u00e7\u00e3o avan\u00e7ada com rigoroso controle de qualidade para fornecer solu\u00e7\u00f5es de embalagem farmac\u00eautica confi\u00e1veis e em conformidade - de frascos de vidro a rolhas de borracha e tampas de alum\u00ednio.<\/p>\n\n\n\n<div class=\"gb-element-8a3d5fde\">\n<div class=\"gb-element-2ce887af\">\n<h3 class=\"gb-text-2636e247\"><span class=\"gb-shape\"><svg viewbox=\"0 0 16 16\" class=\"bi bi-check2-square\" height=\"16\" width=\"16\" xmlns=\"http:\/\/www.w3.org\/2000\/svg\">   <path d=\"M3 14.5A1.5 1.5 0 0 1 1.5 13V3A1.5 1.5 0 0 1 3 1.5h8a.5.5 0 0 1 0 1H3a.5.5 0 0 0-.5.5v10a.5.5 0 0 0 .5.5h10a.5.5 0 0 0 .5-.5V8a.5.5 0 0 1 1 0v5a1.5 1.5 0 0 1-1.5 1.5H3z\"><\/path>   <path d=\"m8.354 10.354 7-7a.5.5 0 0 0-.708-.708L8 9.293 5.354 6.646a.5.5 0 1 0-.708.708l3 3a.5.5 0 0 0 .708 0z\"><\/path> <\/svg><\/span><span class=\"gb-text\">Experi\u00eancia em exporta\u00e7\u00e3o<\/span><\/h3>\n\n\n\n<h3 class=\"gb-text-91369406\"><span class=\"gb-shape\"><svg viewbox=\"0 0 16 16\" class=\"bi bi-check2-square\" height=\"16\" width=\"16\" xmlns=\"http:\/\/www.w3.org\/2000\/svg\">   <path d=\"M3 14.5A1.5 1.5 0 0 1 1.5 13V3A1.5 1.5 0 0 1 3 1.5h8a.5.5 0 0 1 0 1H3a.5.5 0 0 0-.5.5v10a.5.5 0 0 0 .5.5h10a.5.5 0 0 0 .5-.5V8a.5.5 0 0 1 1 0v5a1.5 1.5 0 0 1-1.5 1.5H3z\"><\/path>   <path d=\"m8.354 10.354 7-7a.5.5 0 0 0-.708-.708L8 9.293 5.354 6.646a.5.5 0 1 0-.708.708l3 3a.5.5 0 0 0 .708 0z\"><\/path> <\/svg><\/span><span class=\"gb-text\">Suporte global<\/span><\/h3>\n\n\n\n<h3 class=\"gb-text-495c7aa2\"><span class=\"gb-shape\"><svg viewbox=\"0 0 16 16\" class=\"bi bi-check2-square\" height=\"16\" width=\"16\" xmlns=\"http:\/\/www.w3.org\/2000\/svg\">   <path d=\"M3 14.5A1.5 1.5 0 0 1 1.5 13V3A1.5 1.5 0 0 1 3 1.5h8a.5.5 0 0 1 0 1H3a.5.5 0 0 0-.5.5v10a.5.5 0 0 0 .5.5h10a.5.5 0 0 0 .5-.5V8a.5.5 0 0 1 1 0v5a1.5 1.5 0 0 1-1.5 1.5H3z\"><\/path>   <path d=\"m8.354 10.354 7-7a.5.5 0 0 0-.708-.708L8 9.293 5.354 6.646a.5.5 0 1 0-.708.708l3 3a.5.5 0 0 0 .708 0z\"><\/path> <\/svg><\/span><span class=\"gb-text\">Qualidade certificada<\/span><\/h3>\n<\/div>\n\n\n\n<div class=\"gb-element-a6debc9d\">\n<h3 class=\"gb-text-bdd51a2d\"><span class=\"gb-shape\"><svg viewbox=\"0 0 16 16\" class=\"bi bi-check2-square\" height=\"16\" width=\"16\" xmlns=\"http:\/\/www.w3.org\/2000\/svg\">   <path d=\"M3 14.5A1.5 1.5 0 0 1 1.5 13V3A1.5 1.5 0 0 1 3 1.5h8a.5.5 0 0 1 0 1H3a.5.5 0 0 0-.5.5v10a.5.5 0 0 0 .5.5h10a.5.5 0 0 0 .5-.5V8a.5.5 0 0 1 1 0v5a1.5 1.5 0 0 1-1.5 1.5H3z\"><\/path>   <path d=\"m8.354 10.354 7-7a.5.5 0 0 0-.708-.708L8 9.293 5.354 6.646a.5.5 0 1 0-.708.708l3 3a.5.5 0 0 0 .708 0z\"><\/path> <\/svg><\/span><span class=\"gb-text\">Linha completa de produtos<\/span><\/h3>\n\n\n\n<h3 class=\"gb-text-02cdd91b\"><span class=\"gb-shape\"><svg viewbox=\"0 0 16 16\" class=\"bi bi-check2-square\" height=\"16\" width=\"16\" xmlns=\"http:\/\/www.w3.org\/2000\/svg\">   <path d=\"M3 14.5A1.5 1.5 0 0 1 1.5 13V3A1.5 1.5 0 0 1 3 1.5h8a.5.5 0 0 1 0 1H3a.5.5 0 0 0-.5.5v10a.5.5 0 0 0 .5.5h10a.5.5 0 0 0 .5-.5V8a.5.5 0 0 1 1 0v5a1.5 1.5 0 0 1-1.5 1.5H3z\"><\/path>   <path d=\"m8.354 10.354 7-7a.5.5 0 0 0-.708-.708L8 9.293 5.354 6.646a.5.5 0 1 0-.708.708l3 3a.5.5 0 0 0 .708 0z\"><\/path> <\/svg><\/span><span class=\"gb-text\">Produ\u00e7\u00e3o inteligente<\/span><\/h3>\n\n\n\n<h3 class=\"gb-text-982b46d4\"><span class=\"gb-shape\"><svg viewbox=\"0 0 16 16\" class=\"bi bi-check2-square\" height=\"16\" width=\"16\" xmlns=\"http:\/\/www.w3.org\/2000\/svg\">   <path d=\"M3 14.5A1.5 1.5 0 0 1 1.5 13V3A1.5 1.5 0 0 1 3 1.5h8a.5.5 0 0 1 0 1H3a.5.5 0 0 0-.5.5v10a.5.5 0 0 0 .5.5h10a.5.5 0 0 0 .5-.5V8a.5.5 0 0 1 1 0v5a1.5 1.5 0 0 1-1.5 1.5H3z\"><\/path>   <path d=\"m8.354 10.354 7-7a.5.5 0 0 0-.708-.708L8 9.293 5.354 6.646a.5.5 0 1 0-.708.708l3 3a.5.5 0 0 0 .708 0z\"><\/path> <\/svg><\/span><span class=\"gb-text\">Testado e em conformidade<\/span><\/h3>\n<\/div>\n<\/div>\n\n\n\n<a class=\"gb-text-639b57e3 smooth-scroll\" href=\"#\"><span class=\"gb-text\">Saiba mais<\/span><span class=\"gb-shape\"><svg viewbox=\"0 0 16 16\" class=\"bi bi-arrow-right\" height=\"16\" width=\"16\" xmlns=\"http:\/\/www.w3.org\/2000\/svg\">   <path d=\"M1 8a.5.5 0 0 1 .5-.5h11.793l-3.147-3.146a.5.5 0 0 1 .708-.708l4 4a.5.5 0 0 1 0 .708l-4 4a.5.5 0 0 1-.708-.708L13.293 8.5H1.5A.5.5 0 0 1 1 8z\"><\/path> <\/svg><\/span><\/a>\n<\/div>\n\n\n\n<div class=\"gb-element-7c0947bb\">\n<figure class=\"wp-block-image size-full\"><img loading=\"lazy\" decoding=\"async\" width=\"1024\" height=\"696\" src=\"https:\/\/www.pharglass.com\/wp-content\/uploads\/2026\/02\/34-1024-1.jpg\" alt=\"\" class=\"wp-image-1945\" srcset=\"https:\/\/www.pharglass.com\/wp-content\/uploads\/2026\/02\/34-1024-1.jpg 1024w, https:\/\/www.pharglass.com\/wp-content\/uploads\/2026\/02\/34-1024-1-300x204.jpg 300w, https:\/\/www.pharglass.com\/wp-content\/uploads\/2026\/02\/34-1024-1-768x522.jpg 768w\" sizes=\"auto, (max-width: 1024px) 100vw, 1024px\" \/><\/figure>\n<\/div>\n<\/section>","protected":false},"excerpt":{"rendered":"<p>Advanced Manufacturing Facilities for Pharmaceutical Packaging At PharGlass, we operate modern, ISO-certified production facilities dedicated to manufacturing high-quality pharmaceutical packaging solutions. Our cleanroom environments, automated &#8230; <a title=\"Produtos\" class=\"read-more\" href=\"https:\/\/www.pharglass.com\/pt\/product-list\/\" aria-label=\"Read more about Products\">Leia mais<\/a><\/p>","protected":false},"author":1,"featured_media":0,"parent":0,"menu_order":0,"comment_status":"closed","ping_status":"closed","template":"","meta":{"footnotes":""},"class_list":["post-48","page","type-page","status-publish"],"_links":{"self":[{"href":"https:\/\/www.pharglass.com\/pt\/wp-json\/wp\/v2\/pages\/48","targetHints":{"allow":["GET"]}}],"collection":[{"href":"https:\/\/www.pharglass.com\/pt\/wp-json\/wp\/v2\/pages"}],"about":[{"href":"https:\/\/www.pharglass.com\/pt\/wp-json\/wp\/v2\/types\/page"}],"author":[{"embeddable":true,"href":"https:\/\/www.pharglass.com\/pt\/wp-json\/wp\/v2\/users\/1"}],"replies":[{"embeddable":true,"href":"https:\/\/www.pharglass.com\/pt\/wp-json\/wp\/v2\/comments?post=48"}],"version-history":[{"count":12,"href":"https:\/\/www.pharglass.com\/pt\/wp-json\/wp\/v2\/pages\/48\/revisions"}],"predecessor-version":[{"id":1973,"href":"https:\/\/www.pharglass.com\/pt\/wp-json\/wp\/v2\/pages\/48\/revisions\/1973"}],"wp:attachment":[{"href":"https:\/\/www.pharglass.com\/pt\/wp-json\/wp\/v2\/media?parent=48"}],"curies":[{"name":"wp","href":"https:\/\/api.w.org\/{rel}","templated":true}]}}